{"id":8544,"date":"2024-12-06T13:17:27","date_gmt":"2024-12-06T12:17:27","guid":{"rendered":"https:\/\/paria-edition.fr\/?post_type=product&#038;p=8544"},"modified":"2026-04-10T09:53:44","modified_gmt":"2026-04-10T07:53:44","slug":"precommande-extension-8-conscription-deck-building-tactique","status":"publish","type":"product","link":"https:\/\/paria-edition.fr\/index.php\/produit\/precommande-extension-8-conscription-deck-building-tactique\/","title":{"rendered":"[Nouveaut\u00e9] Extension 8 : Conscription : Deck building tactique"},"content":{"rendered":"<p>Retrouvez l&rsquo;int\u00e9gralit\u00e9 du projet en d\u00e9tail en suivant ce lien : <a href=\"https:\/\/www.kickstarter.com\/projects\/alexrousseau\/odv-le-deck-building-tactique-les-scenarios?ref=user_menu\" target=\"_blank\" rel=\"noopener\">https:\/\/www.kickstarter.com\/projects\/alexrousseau\/odv-le-deck-building-tactique-les-scenarios?ref=user_menu<\/a><\/p>\n<p>Avec cette 8\u1d49 extension,\u00a0<span class=\"text-italic\">L\u2019Ordre de Veiel<\/span>\u00a0ouvre grand ses portes \u00e0 la cr\u00e9ativit\u00e9 de la communaut\u00e9. Chaque carte qui composera cette extension sera issue de vos id\u00e9es, choisie, test\u00e9e, et peaufin\u00e9e par nos soins pour s\u2019int\u00e9grer parfaitement au jeu. Mais ce n\u2019est pas tout : chacune de ces cartes recevra une illustration d\u00e9di\u00e9e et portera fi\u00e8rement le nom de son cr\u00e9ateur, un hommage direct \u00e0 votre contribution au monde de Veiel.<\/p>\n<p>Envie de voir votre id\u00e9e prendre vie dans le jeu ? Utilisez notre\u00a0<span class=\"bold\">Cr\u00e9ateur de Cartes<\/span>, un outil sp\u00e9cialement con\u00e7u pour permettre \u00e0 chacun de donner libre cours \u00e0 son imagination. Accessible depuis\u00a0<a href=\"https:\/\/paria-edition.fr\/CreateurDeCartes\" target=\"_blank\" rel=\"noopener\">ce lien<\/a>, il vous permettra de concevoir des cartes uniques et de contribuer \u00e0 enrichir l\u2019univers du jeu.<\/p>\n<p>Avec cette extension, vous ne serez pas seulement des joueurs : vous deviendrez des cr\u00e9ateurs, des architectes de ce vaste univers. Que vous imaginiez un h\u00e9ros audacieux, un ennemi terrifiant, ou une m\u00e9canique innovante, vos id\u00e9es trouveront leur place dans le lore et le gameplay de\u00a0<span class=\"text-italic\">L\u2019Ordre de Veiel<\/span>. Rejoignez-nous dans cette aventure collaborative et faites partie de l\u2019histoire.<\/p>\n<p>De fait, il nous est impossible de vous donner le contenu exact du jeu mais nous viserons comme d&rsquo;habitude une extension comportant entre 105 et 115 cartes.<\/p>\n<p>Cette extension est en cours de r\u00e9alisation et devrait contenir dans les 100 cartes et plus.<\/p>\n<p><span class=\"text-italic\"><span class=\"bold\">Le jeu de base est n\u00e9cessaire pour utiliser cette extension.<\/span><\/span><\/p>\n<div class=\"template asset\" contenteditable=\"false\" data-alt-text=\"\" data-caption=\"\" data-id=\"47285210\"><\/div>\n<p>&nbsp;<\/p>\n<div class=\"template asset\" contenteditable=\"false\" data-alt-text=\"\" data-caption=\"\" data-id=\"47152120\"><\/div>\n","protected":false},"excerpt":{"rendered":"<p>Avec cette 8\u1d49 extension,\u00a0<span class=\"text-italic\">L\u2019Ordre de Veiel<\/span>\u00a0ouvre grand ses portes \u00e0 la cr\u00e9ativit\u00e9 de la communaut\u00e9. Chaque carte qui composera cette extension sera issue de vos id\u00e9es, choisie, test\u00e9e, et peaufin\u00e9e par nos soins pour s\u2019int\u00e9grer parfaitement au jeu. Mais ce n\u2019est pas tout : chacune de ces cartes recevra une illustration d\u00e9di\u00e9e et portera fi\u00e8rement le nom de son cr\u00e9ateur, un hommage direct \u00e0 votre contribution au monde de Veiel.<\/p>\n<p>Le lien vers le ks avec plein d&rsquo;info : <a href=\"https:\/\/www.kickstarter.com\/projects\/alexrousseau\/odv-le-deck-building-tactique-les-scenarios?ref=user_menu\" target=\"_blank\" rel=\"noopener\">Ici<\/a><\/p>\n<p>*Le jeu de base est n\u00e9cessaire pour utiliser cette extension.*<\/p>\n<p>*Ceci n&rsquo;est pas un late pledge, il ne donne pas acc\u00e8s aux extensions cosm\u00e9tiques du ks*<\/p>\n","protected":false},"featured_media":11220,"template":"","meta":{"_et_pb_use_builder":"","_et_pb_old_content":"","_et_gb_content_width":""},"product_brand":[],"product_cat":[139],"product_tag":[57,136,60,135,56,58],"class_list":{"0":"post-8544","1":"product","2":"type-product","3":"status-publish","4":"has-post-thumbnail","6":"product_cat-ordre-de-veiel-deckbuilding-tactique","7":"product_tag-cooperation","8":"product_tag-deck-building","9":"product_tag-entraide","10":"product_tag-extension","11":"product_tag-fantasy","12":"product_tag-modublable","13":"product_shipping_class-boite-odv-standard","15":"first","16":"instock","17":"taxable","18":"shipping-taxable","19":"purchasable","20":"product-type-simple"},"_links":{"self":[{"href":"https:\/\/paria-edition.fr\/index.php\/wp-json\/wp\/v2\/product\/8544","targetHints":{"allow":["GET"]}}],"collection":[{"href":"https:\/\/paria-edition.fr\/index.php\/wp-json\/wp\/v2\/product"}],"about":[{"href":"https:\/\/paria-edition.fr\/index.php\/wp-json\/wp\/v2\/types\/product"}],"wp:featuredmedia":[{"embeddable":true,"href":"https:\/\/paria-edition.fr\/index.php\/wp-json\/wp\/v2\/media\/11220"}],"wp:attachment":[{"href":"https:\/\/paria-edition.fr\/index.php\/wp-json\/wp\/v2\/media?parent=8544"}],"wp:term":[{"taxonomy":"product_brand","embeddable":true,"href":"https:\/\/paria-edition.fr\/index.php\/wp-json\/wp\/v2\/product_brand?post=8544"},{"taxonomy":"product_cat","embeddable":true,"href":"https:\/\/paria-edition.fr\/index.php\/wp-json\/wp\/v2\/product_cat?post=8544"},{"taxonomy":"product_tag","embeddable":true,"href":"https:\/\/paria-edition.fr\/index.php\/wp-json\/wp\/v2\/product_tag?post=8544"}],"curies":[{"name":"wp","href":"https:\/\/api.w.org\/{rel}","templated":true}]}}