{"id":8543,"date":"2024-12-06T13:17:26","date_gmt":"2024-12-06T12:17:26","guid":{"rendered":"https:\/\/paria-edition.fr\/?post_type=product&#038;p=8543"},"modified":"2026-04-27T09:54:52","modified_gmt":"2026-04-27T07:54:52","slug":"precommande-extension-7-les-mercenaires-du-7eme-jour-deck-building-tactique","status":"publish","type":"product","link":"https:\/\/paria-edition.fr\/index.php\/produit\/precommande-extension-7-les-mercenaires-du-7eme-jour-deck-building-tactique\/","title":{"rendered":"[Nouveaut\u00e9]  Extension sc\u00e9naris\u00e9e 7 : Les mercenaires du 7\u00e8me jour : Deck building tactique"},"content":{"rendered":"<p>Retrouvez l&rsquo;int\u00e9gralit\u00e9 du projet en d\u00e9tail en suivant ce lien : <a href=\"https:\/\/www.kickstarter.com\/projects\/alexrousseau\/odv-le-deck-building-tactique-les-scenarios?ref=user_menu\" target=\"_blank\" rel=\"noopener\">https:\/\/www.kickstarter.com\/projects\/alexrousseau\/odv-le-deck-building-tactique-les-scenarios?ref=user_menu<\/a><\/p>\n<p>Cette extension nomm\u00e9e Les Mercenaires du 7\u1d49 jour plonge les h\u00e9ros dans une aventure sc\u00e9naris\u00e9e au c\u0153ur d\u2019une taverne anim\u00e9e. L&rsquo;ambiance chaleureuse se transforme rapidement en champ de bataille alors que les h\u00e9ros se retrouvent face aux Mercenaires du 7\u1d49 jour. Ces mercenaires, chacun poss\u00e9dant des pouvoirs et des comp\u00e9tences distincts, forment un groupe de boss redoutables qui mettront \u00e0 l\u2019\u00e9preuve la capacit\u00e9 des h\u00e9ros.<\/p>\n<p>Cette extension contient 111 cartes dont :<\/p>\n<ul>\n<li>18 r\u00e9compenses<\/li>\n<li>6 capacit\u00e9s de h\u00e9ros novice<\/li>\n<li>5 ennemis<\/li>\n<li>3 boss et 21 actions associ\u00e9es et 24 cartes sp\u00e9ciales<\/li>\n<li>34 d\u00e9cors, civils et autres nourritures<\/li>\n<li>1 livret de r\u00e8gle<\/li>\n<\/ul>\n<p><span class=\"text-italic\"><span class=\"bold\">Le jeu de base et l&rsquo;extension de sc\u00e9nario 5 sont n\u00e9cessaires pour utiliser cette extension.<\/span><\/span><\/p>\n<div class=\"template asset\" contenteditable=\"false\" data-alt-text=\"\" data-caption=\"\" data-id=\"47152120\"><\/div>\n","protected":false},"excerpt":{"rendered":"<p>Cette extension nomm\u00e9e Les Mercenaires du 7\u1d49 jour plonge les h\u00e9ros dans une aventure sc\u00e9naris\u00e9e au c\u0153ur d\u2019une taverne anim\u00e9e. L&rsquo;ambiance chaleureuse se transforme rapidement en champ de bataille alors que les h\u00e9ros se retrouvent face aux Mercenaires du 7\u1d49 jour. Ces mercenaires, chacun poss\u00e9dant des pouvoirs et des comp\u00e9tences distincts, forment un groupe de boss redoutables qui mettront \u00e0 l\u2019\u00e9preuve la capacit\u00e9 des h\u00e9ros.<\/p>\n<p>Le lien vers le ks avec plein d&rsquo;info : <a href=\"https:\/\/www.kickstarter.com\/projects\/alexrousseau\/odv-le-deck-building-tactique-les-scenarios?ref=user_menu\" target=\"_blank\" rel=\"noopener\">Ici<\/a><\/p>\n<p>*<span class=\"text-italic\"><span class=\"bold\">Le jeu de base et l&rsquo;extension de sc\u00e9nario 5 sont n\u00e9cessaires pour utiliser cette extension.<\/span><\/span>*<\/p>\n<p>*Ceci n&rsquo;est pas un late pledge, il ne donne pas acc\u00e8s aux extensions cosm\u00e9tiques du ks*<\/p>\n","protected":false},"featured_media":11200,"template":"","meta":{"_et_pb_use_builder":"","_et_pb_old_content":"","_et_gb_content_width":""},"product_brand":[],"product_cat":[139],"product_tag":[57,136,60,135,56,58],"class_list":{"0":"post-8543","1":"product","2":"type-product","3":"status-publish","4":"has-post-thumbnail","6":"product_cat-ordre-de-veiel-deckbuilding-tactique","7":"product_tag-cooperation","8":"product_tag-deck-building","9":"product_tag-entraide","10":"product_tag-extension","11":"product_tag-fantasy","12":"product_tag-modublable","13":"product_shipping_class-boite-odv-standard","15":"first","16":"instock","17":"taxable","18":"shipping-taxable","19":"purchasable","20":"product-type-simple"},"_links":{"self":[{"href":"https:\/\/paria-edition.fr\/index.php\/wp-json\/wp\/v2\/product\/8543","targetHints":{"allow":["GET"]}}],"collection":[{"href":"https:\/\/paria-edition.fr\/index.php\/wp-json\/wp\/v2\/product"}],"about":[{"href":"https:\/\/paria-edition.fr\/index.php\/wp-json\/wp\/v2\/types\/product"}],"wp:featuredmedia":[{"embeddable":true,"href":"https:\/\/paria-edition.fr\/index.php\/wp-json\/wp\/v2\/media\/11200"}],"wp:attachment":[{"href":"https:\/\/paria-edition.fr\/index.php\/wp-json\/wp\/v2\/media?parent=8543"}],"wp:term":[{"taxonomy":"product_brand","embeddable":true,"href":"https:\/\/paria-edition.fr\/index.php\/wp-json\/wp\/v2\/product_brand?post=8543"},{"taxonomy":"product_cat","embeddable":true,"href":"https:\/\/paria-edition.fr\/index.php\/wp-json\/wp\/v2\/product_cat?post=8543"},{"taxonomy":"product_tag","embeddable":true,"href":"https:\/\/paria-edition.fr\/index.php\/wp-json\/wp\/v2\/product_tag?post=8543"}],"curies":[{"name":"wp","href":"https:\/\/api.w.org\/{rel}","templated":true}]}}