{"id":8540,"date":"2024-12-06T13:17:18","date_gmt":"2024-12-06T12:17:18","guid":{"rendered":"https:\/\/paria-edition.fr\/?post_type=product&#038;p=8540"},"modified":"2026-04-10T09:53:44","modified_gmt":"2026-04-10T07:53:44","slug":"precommande-extension-6-larsenal-pour-lordre-de-veiel-deck-building-tactique-copie","status":"publish","type":"product","link":"https:\/\/paria-edition.fr\/index.php\/produit\/precommande-extension-6-larsenal-pour-lordre-de-veiel-deck-building-tactique-copie\/","title":{"rendered":"[Nouveaut\u00e9] Extension 6 : L&rsquo;arsenal pour L&rsquo;ordre de Veiel : Deck building tactique"},"content":{"rendered":"<p>Retrouvez l&rsquo;int\u00e9gralit\u00e9 du projet en d\u00e9tail en suivant ce lien : <a href=\"https:\/\/www.kickstarter.com\/projects\/alexrousseau\/odv-le-deck-building-tactique-les-scenarios?ref=user_menu\" target=\"_blank\" rel=\"noopener\">https:\/\/www.kickstarter.com\/projects\/alexrousseau\/odv-le-deck-building-tactique-les-scenarios?ref=user_menu<\/a><\/p>\n<p>Cette extension introduit un syst\u00e8me d&rsquo;\u00e9quipement pour les h\u00e9ros, permettant \u00e0 chaque h\u00e9ros de choisir jusqu&rsquo;\u00e0 deux \u00e9quipements en d\u00e9but de partie, en fonction de ses couleurs. Ces \u00e9quipements offrent une nouvelle dimension de personnalisation, vous permettant d&rsquo;adapter votre h\u00e9ros \u00e0 votre style de jeu.<\/p>\n<p>Dans un souci d&rsquo;adaptabilit\u00e9, chaque h\u00e9ros peut d\u00e9cider d&rsquo;utiliser ces \u00e9quipements ou non. Les joueurs moins exp\u00e9riment\u00e9s peuvent ainsi laisser cette m\u00e9canique de c\u00f4t\u00e9 jusqu&rsquo;\u00e0 se sentir pr\u00eats, tandis que les joueurs aguerris peuvent les int\u00e9grer d\u00e8s le d\u00e9part.<\/p>\n<p>Cette extension contient 110 cartes dont :<\/p>\n<ul>\n<li>2 h\u00e9ros et 6 capacit\u00e9s associ\u00e9s \u00e0 ces h\u00e9ros et 2 \u00e9quipements sp\u00e9ciaux<\/li>\n<li>19 cartes de decks de base<\/li>\n<li>9 ennemis<\/li>\n<li>1 boss et 7 actions associ\u00e9es et 5 \u00e9quipements profan\u00e9s<\/li>\n<li>48 \u00e9quipements<\/li>\n<li>5 champs de bataille<\/li>\n<li>6 capacit\u00e9s de h\u00e9ros novice<\/li>\n<li>1 livret de r\u00e8gle<\/li>\n<\/ul>\n<p>Le jeu de base est n\u00e9cessaire pour utiliser cette extension.<\/p>\n","protected":false},"excerpt":{"rendered":"<p>Cette extension introduit un syst\u00e8me d&rsquo;\u00e9quipement pour les h\u00e9ros, permettant \u00e0 chaque h\u00e9ros de choisir jusqu&rsquo;\u00e0 deux \u00e9quipements en d\u00e9but de partie, en fonction de ses couleurs. Ces \u00e9quipements offrent une nouvelle dimension de personnalisation, vous permettant d&rsquo;adapter votre h\u00e9ros \u00e0 votre style de jeu.<\/p>\n<p>Dans un souci d&rsquo;adaptabilit\u00e9, chaque h\u00e9ros peut d\u00e9cider d&rsquo;utiliser ces \u00e9quipements ou non. Les joueurs moins exp\u00e9riment\u00e9s peuvent ainsi laisser cette m\u00e9canique de c\u00f4t\u00e9 jusqu&rsquo;\u00e0 se sentir pr\u00eats, tandis que les joueurs aguerris peuvent les int\u00e9grer d\u00e8s le d\u00e9part.<\/p>\n<p>Le lien vers le ks avec plein d&rsquo;info : <a href=\"https:\/\/www.kickstarter.com\/projects\/alexrousseau\/odv-le-deck-building-tactique-les-scenarios?ref=user_menu\" target=\"_blank\" rel=\"noopener\">Ici<\/a><\/p>\n<p>*N\u00e9cessite le jeu de base pour \u00eatre utilis\u00e9e*<\/p>\n<p>*Ceci n&rsquo;est pas un late pledge, il ne donne pas acc\u00e8s aux extensions cosm\u00e9tiques du ks*<\/p>\n<p>&nbsp;<\/p>\n","protected":false},"featured_media":11222,"template":"","meta":{"_et_pb_use_builder":"","_et_pb_old_content":"","_et_gb_content_width":""},"product_brand":[],"product_cat":[139],"product_tag":[57,136,60,135,56,58],"class_list":{"0":"post-8540","1":"product","2":"type-product","3":"status-publish","4":"has-post-thumbnail","6":"product_cat-ordre-de-veiel-deckbuilding-tactique","7":"product_tag-cooperation","8":"product_tag-deck-building","9":"product_tag-entraide","10":"product_tag-extension","11":"product_tag-fantasy","12":"product_tag-modublable","13":"product_shipping_class-boite-odv-standard","15":"first","16":"instock","17":"taxable","18":"shipping-taxable","19":"purchasable","20":"product-type-simple"},"_links":{"self":[{"href":"https:\/\/paria-edition.fr\/index.php\/wp-json\/wp\/v2\/product\/8540","targetHints":{"allow":["GET"]}}],"collection":[{"href":"https:\/\/paria-edition.fr\/index.php\/wp-json\/wp\/v2\/product"}],"about":[{"href":"https:\/\/paria-edition.fr\/index.php\/wp-json\/wp\/v2\/types\/product"}],"wp:featuredmedia":[{"embeddable":true,"href":"https:\/\/paria-edition.fr\/index.php\/wp-json\/wp\/v2\/media\/11222"}],"wp:attachment":[{"href":"https:\/\/paria-edition.fr\/index.php\/wp-json\/wp\/v2\/media?parent=8540"}],"wp:term":[{"taxonomy":"product_brand","embeddable":true,"href":"https:\/\/paria-edition.fr\/index.php\/wp-json\/wp\/v2\/product_brand?post=8540"},{"taxonomy":"product_cat","embeddable":true,"href":"https:\/\/paria-edition.fr\/index.php\/wp-json\/wp\/v2\/product_cat?post=8540"},{"taxonomy":"product_tag","embeddable":true,"href":"https:\/\/paria-edition.fr\/index.php\/wp-json\/wp\/v2\/product_tag?post=8540"}],"curies":[{"name":"wp","href":"https:\/\/api.w.org\/{rel}","templated":true}]}}