{"id":8335,"date":"2024-11-18T17:10:36","date_gmt":"2024-11-18T16:10:36","guid":{"rendered":"https:\/\/paria-edition.fr\/?post_type=product&#038;p=8335"},"modified":"2026-03-30T22:28:36","modified_gmt":"2026-03-30T20:28:36","slug":"precommande-des-munitions-pour-letranger-deck-building-tactique","status":"publish","type":"product","link":"https:\/\/paria-edition.fr\/index.php\/produit\/precommande-des-munitions-pour-letranger-deck-building-tactique\/","title":{"rendered":"[Nouveaut\u00e9] D\u00e9s munitions en m\u00e9tal pour l&rsquo;\u00e9tranger : Deck building tactique"},"content":{"rendered":"<p>Ces deux d\u00e9s en m\u00e9tal (un D6 et un D4), livr\u00e9s dans un \u00e9tui, sont sp\u00e9cialement con\u00e7us pour repr\u00e9senter les munitions de l&rsquo;\u00c9tranger, un h\u00e9ros cl\u00e9 de l&rsquo;extension Arsenal. Chaque d\u00e9, minutieusement con\u00e7u par David, est un v\u00e9ritable objet de collection. Charg\u00e9s de d\u00e9tails \u00e9voquant le lore et l&rsquo;histoire de l&rsquo;\u00c9tranger, ces d\u00e9s incarnent \u00e0 la fois la m\u00e9canique du jeu et l&rsquo;univers narratif, ajoutant une dimension tangible \u00e0 votre exp\u00e9rience de jeu.<\/p>\n<div class=\"template asset\" data-alt-text=\"\" data-caption=\"\" data-id=\"47152120\"><\/div>\n","protected":false},"excerpt":{"rendered":"<p>Ces deux d\u00e9s en m\u00e9tal (un D6 et un D4), livr\u00e9s dans un \u00e9tui, sont sp\u00e9cialement con\u00e7us pour repr\u00e9senter les munitions de l&rsquo;\u00c9tranger, un h\u00e9ros cl\u00e9 de l&rsquo;extension Arsenal. Chaque d\u00e9, minutieusement con\u00e7u par David, est un v\u00e9ritable objet de collection. Charg\u00e9s de d\u00e9tails \u00e9voquant le lore et l&rsquo;histoire de l&rsquo;\u00c9tranger, ces d\u00e9s incarnent \u00e0 la fois la m\u00e9canique du jeu et l&rsquo;univers narratif, ajoutant une dimension tangible \u00e0 votre exp\u00e9rience de jeu.<\/p>\n<p>&nbsp;<\/p>\n","protected":false},"featured_media":11128,"template":"","meta":{"_et_pb_use_builder":"off","_et_pb_old_content":"Ces deux d\u00e9s en m\u00e9tal (un D6 et un D4), livr\u00e9s dans un \u00e9tui, sont sp\u00e9cialement con\u00e7us pour repr\u00e9senter les munitions de l'\u00c9tranger, un h\u00e9ros cl\u00e9 de l'extension Arsenal. Chaque d\u00e9, minutieusement con\u00e7u par David, est un v\u00e9ritable objet de collection. Charg\u00e9s de d\u00e9tails \u00e9voquant le lore et l'histoire de l'\u00c9tranger, ces d\u00e9s incarnent \u00e0 la fois la m\u00e9canique du jeu et l'univers narratif, ajoutant une dimension tangible \u00e0 votre exp\u00e9rience de jeu.\r\n<div class=\"template asset\" data-alt-text=\"\" data-caption=\"\" data-id=\"47152120\"><\/div>","_et_gb_content_width":""},"product_brand":[],"product_cat":[100],"product_tag":[57,136,60,135,56,58],"class_list":{"0":"post-8335","1":"product","2":"type-product","3":"status-publish","4":"has-post-thumbnail","6":"product_cat-acc","7":"product_tag-cooperation","8":"product_tag-deck-building","9":"product_tag-entraide","10":"product_tag-extension","11":"product_tag-fantasy","12":"product_tag-modublable","13":"product_shipping_class-boite-odv-standard","15":"first","16":"instock","17":"taxable","18":"shipping-taxable","19":"purchasable","20":"product-type-simple"},"_links":{"self":[{"href":"https:\/\/paria-edition.fr\/index.php\/wp-json\/wp\/v2\/product\/8335","targetHints":{"allow":["GET"]}}],"collection":[{"href":"https:\/\/paria-edition.fr\/index.php\/wp-json\/wp\/v2\/product"}],"about":[{"href":"https:\/\/paria-edition.fr\/index.php\/wp-json\/wp\/v2\/types\/product"}],"wp:featuredmedia":[{"embeddable":true,"href":"https:\/\/paria-edition.fr\/index.php\/wp-json\/wp\/v2\/media\/11128"}],"wp:attachment":[{"href":"https:\/\/paria-edition.fr\/index.php\/wp-json\/wp\/v2\/media?parent=8335"}],"wp:term":[{"taxonomy":"product_brand","embeddable":true,"href":"https:\/\/paria-edition.fr\/index.php\/wp-json\/wp\/v2\/product_brand?post=8335"},{"taxonomy":"product_cat","embeddable":true,"href":"https:\/\/paria-edition.fr\/index.php\/wp-json\/wp\/v2\/product_cat?post=8335"},{"taxonomy":"product_tag","embeddable":true,"href":"https:\/\/paria-edition.fr\/index.php\/wp-json\/wp\/v2\/product_tag?post=8335"}],"curies":[{"name":"wp","href":"https:\/\/api.w.org\/{rel}","templated":true}]}}