{"id":8331,"date":"2024-11-18T17:02:13","date_gmt":"2024-11-18T16:02:13","guid":{"rendered":"https:\/\/paria-edition.fr\/?post_type=product&#038;p=8331"},"modified":"2026-04-15T22:59:06","modified_gmt":"2026-04-15T20:59:06","slug":"precommande-carte-supplementaire-de-deck-de-base-deck-building-tactique","status":"publish","type":"product","link":"https:\/\/paria-edition.fr\/index.php\/produit\/precommande-carte-supplementaire-de-deck-de-base-deck-building-tactique\/","title":{"rendered":"[Nouveaut\u00e9] Carte suppl\u00e9mentaire de deck de base : Deck building tactique"},"content":{"rendered":"<p>Comprenant 319 cartes, cette bo\u00eete vous permettra d&rsquo;avoir suffisamment de cartes de deck de base pour pr\u00e9-construire tous les decks de vos h\u00e9ros. Vous gagnerez quelques minutes sur la mise en place. Par ailleurs, 3 visuels alternatifs vous attendent pour chacune des cartes de deck de base pour encore plus de personnalisation.<\/p>\n<p>&nbsp;<\/p>\n<p>&nbsp;<\/p>\n<div class=\"template asset\" contenteditable=\"false\" data-alt-text=\"\" data-caption=\"\" data-id=\"47152120\"><\/div>\n","protected":false},"excerpt":{"rendered":"<p>Comprenant 319 cartes, cette bo\u00eete vous permettra d&rsquo;avoir suffisamment de cartes de deck de base pour pr\u00e9-construire tous les decks de vos h\u00e9ros. Vous gagnerez quelques minutes sur la mise en place. Par ailleurs, 3 visuels alternatifs vous attendent pour chacune des cartes<\/p>\n<p>&nbsp;<\/p>\n","protected":false},"featured_media":11216,"template":"","meta":{"_et_pb_use_builder":"","_et_pb_old_content":"","_et_gb_content_width":""},"product_brand":[],"product_cat":[139],"product_tag":[57,136,60,135,56,58],"class_list":{"0":"post-8331","1":"product","2":"type-product","3":"status-publish","4":"has-post-thumbnail","6":"product_cat-ordre-de-veiel-deckbuilding-tactique","7":"product_tag-cooperation","8":"product_tag-deck-building","9":"product_tag-entraide","10":"product_tag-extension","11":"product_tag-fantasy","12":"product_tag-modublable","13":"product_shipping_class-boite-odv-standard","15":"first","16":"instock","17":"taxable","18":"shipping-taxable","19":"purchasable","20":"product-type-simple"},"_links":{"self":[{"href":"https:\/\/paria-edition.fr\/index.php\/wp-json\/wp\/v2\/product\/8331","targetHints":{"allow":["GET"]}}],"collection":[{"href":"https:\/\/paria-edition.fr\/index.php\/wp-json\/wp\/v2\/product"}],"about":[{"href":"https:\/\/paria-edition.fr\/index.php\/wp-json\/wp\/v2\/types\/product"}],"wp:featuredmedia":[{"embeddable":true,"href":"https:\/\/paria-edition.fr\/index.php\/wp-json\/wp\/v2\/media\/11216"}],"wp:attachment":[{"href":"https:\/\/paria-edition.fr\/index.php\/wp-json\/wp\/v2\/media?parent=8331"}],"wp:term":[{"taxonomy":"product_brand","embeddable":true,"href":"https:\/\/paria-edition.fr\/index.php\/wp-json\/wp\/v2\/product_brand?post=8331"},{"taxonomy":"product_cat","embeddable":true,"href":"https:\/\/paria-edition.fr\/index.php\/wp-json\/wp\/v2\/product_cat?post=8331"},{"taxonomy":"product_tag","embeddable":true,"href":"https:\/\/paria-edition.fr\/index.php\/wp-json\/wp\/v2\/product_tag?post=8331"}],"curies":[{"name":"wp","href":"https:\/\/api.w.org\/{rel}","templated":true}]}}