{"id":8016,"date":"2024-09-30T14:21:37","date_gmt":"2024-09-30T12:21:37","guid":{"rendered":"https:\/\/paria-edition.fr\/?post_type=product&#038;p=8016"},"modified":"2024-09-30T18:13:56","modified_gmt":"2024-09-30T16:13:56","slug":"vente-prive","status":"publish","type":"product","link":"https:\/\/paria-edition.fr\/index.php\/produit\/vente-prive\/","title":{"rendered":"Vente priv\u00e9e"},"content":{"rendered":"","protected":false},"excerpt":{"rendered":"<p><strong>Merci de bien lire ci-dessous :<\/strong><\/p>\n<p>&#8211; Rajouter le nombre de produits \u00e9gal au cout total = produit + frais de port.<br \/>\n&#8211; Penser \u00e0 bien rajouter dans la note ce que nous avons \u00e0 discuter sur le discord et rien d&rsquo;autre.<br \/>\n&#8211; Le produit est en pr\u00e9commande pour ne pas que vous rajoutiez d&rsquo;autres choses en m\u00eame temps pour plus de facilit\u00e9 de gestion.<br \/>\n&#8211; Ne faites une commande en vente priv\u00e9e que si vous avez l&rsquo;aval, sinon la commande sera automatiquement annul\u00e9e.<br \/>\n&#8211; Mettre le relais colis en Note de commande aussi si vous choississez relais colis, par lettre ou tnt pas besoin, vous saisirez votre adresse \u00e0 la commande de toute facon.<\/p>\n<p>\u00ab\u00a0Ex note de commande : Relais carrefour<br \/>\n38541 Monjoint sur biquette<\/p>\n<p>&#8211; Artbook x2<br \/>\n&#8211; D\u00e9 x4<br \/>\n&#8211; Poster x1\u00a0\u00bb<\/p>\n","protected":false},"featured_media":843,"template":"","meta":{"_seopress_robots_primary_cat":"","_seopress_titles_title":"","_seopress_titles_desc":"","_seopress_robots_index":"","_et_pb_use_builder":"","_et_pb_old_content":"","_et_gb_content_width":""},"product_brand":[],"product_cat":[15],"product_tag":[],"class_list":{"0":"post-8016","1":"product","2":"type-product","3":"status-publish","4":"has-post-thumbnail","6":"product_cat-non-classe","8":"first","9":"instock","10":"virtual","11":"taxable","12":"purchasable","13":"product-type-simple"},"_links":{"self":[{"href":"https:\/\/paria-edition.fr\/index.php\/wp-json\/wp\/v2\/product\/8016","targetHints":{"allow":["GET"]}}],"collection":[{"href":"https:\/\/paria-edition.fr\/index.php\/wp-json\/wp\/v2\/product"}],"about":[{"href":"https:\/\/paria-edition.fr\/index.php\/wp-json\/wp\/v2\/types\/product"}],"wp:featuredmedia":[{"embeddable":true,"href":"https:\/\/paria-edition.fr\/index.php\/wp-json\/wp\/v2\/media\/843"}],"wp:attachment":[{"href":"https:\/\/paria-edition.fr\/index.php\/wp-json\/wp\/v2\/media?parent=8016"}],"wp:term":[{"taxonomy":"product_brand","embeddable":true,"href":"https:\/\/paria-edition.fr\/index.php\/wp-json\/wp\/v2\/product_brand?post=8016"},{"taxonomy":"product_cat","embeddable":true,"href":"https:\/\/paria-edition.fr\/index.php\/wp-json\/wp\/v2\/product_cat?post=8016"},{"taxonomy":"product_tag","embeddable":true,"href":"https:\/\/paria-edition.fr\/index.php\/wp-json\/wp\/v2\/product_tag?post=8016"}],"curies":[{"name":"wp","href":"https:\/\/api.w.org\/{rel}","templated":true}]}}