{"id":7068,"date":"2024-05-28T12:29:09","date_gmt":"2024-05-28T10:29:09","guid":{"rendered":"https:\/\/paria-edition.fr\/?post_type=product&#038;p=7068"},"modified":"2026-04-09T19:13:59","modified_gmt":"2026-04-09T17:13:59","slug":"precommande-extension-predation-pour-lordre-de-veiel-chapitre-1-et-chapitre-2","status":"publish","type":"product","link":"https:\/\/paria-edition.fr\/index.php\/produit\/precommande-extension-predation-pour-lordre-de-veiel-chapitre-1-et-chapitre-2\/","title":{"rendered":"Extension : Pr\u00e9dation pour l&rsquo;Ordre de Veiel : Chapitre 1 et Chapitre 2"},"content":{"rendered":"<p>Retrouvez une vid\u00e9o d\u00e9taill\u00e9e sur le fonctionnement de l&rsquo;extension : <a href=\"https:\/\/www.youtube.com\/watch?v=wZF8fBboD1k\">https:\/\/www.youtube.com\/watch?v=wZF8fBboD1k<\/a><\/p>\n<p>Cette extension contient :<\/p>\n<ul>\n<li>35 fiches de comportement de monstre au format 16&#215;12 cm<\/li>\n<li>1 manuel<\/li>\n<li>3 planches de jetons<\/li>\n<\/ul>\n<p>*N\u00e9cessite l&rsquo;Ordre de Veiel chapitre 1 pour \u00eatre utilis\u00e9e*<\/p>\n<p>*Compatible avec le chapitre 2*<\/p>\n","protected":false},"excerpt":{"rendered":"<p>Cette extension introduit des comportements uniques pour les monstres, rendant chaque rencontre plus dynamique et impr\u00e9visible. Les monstres agissent d\u00e9sormais de mani\u00e8re plus strat\u00e9gique, augmentant la complexit\u00e9 et le d\u00e9fi du jeu.<\/p>\n<p>D\u00e9couvrez des m\u00e9caniques innovantes et des interactions in\u00e9dites, renfor\u00e7ant l&rsquo;immersion et la profondeur de vos parties. Une extension indispensable pour les amateurs de sensations fortes et de strat\u00e9gie accrue.<\/p>\n<p>*N\u00e9cessite l&rsquo;Ordre de Veiel chapitre 1 pour \u00eatre utilis\u00e9e*<\/p>\n<p>*Compatible avec le chapitre 2*<\/p>\n","protected":false},"featured_media":11193,"template":"","meta":{"_et_pb_use_builder":"","_et_pb_old_content":"","_et_gb_content_width":""},"product_brand":[],"product_cat":[52,49],"product_tag":[57,60,135,56,58,67],"class_list":{"0":"post-7068","1":"product","2":"type-product","3":"status-publish","4":"has-post-thumbnail","6":"product_cat-bpf-bdj","7":"product_cat-bdj","8":"product_tag-cooperation","9":"product_tag-entraide","10":"product_tag-extension","11":"product_tag-fantasy","12":"product_tag-modublable","13":"product_tag-ordre-de-veiel","14":"product_shipping_class-boite-odv-standard","16":"first","17":"instock","18":"taxable","19":"shipping-taxable","20":"purchasable","21":"product-type-simple"},"_links":{"self":[{"href":"https:\/\/paria-edition.fr\/index.php\/wp-json\/wp\/v2\/product\/7068","targetHints":{"allow":["GET"]}}],"collection":[{"href":"https:\/\/paria-edition.fr\/index.php\/wp-json\/wp\/v2\/product"}],"about":[{"href":"https:\/\/paria-edition.fr\/index.php\/wp-json\/wp\/v2\/types\/product"}],"wp:featuredmedia":[{"embeddable":true,"href":"https:\/\/paria-edition.fr\/index.php\/wp-json\/wp\/v2\/media\/11193"}],"wp:attachment":[{"href":"https:\/\/paria-edition.fr\/index.php\/wp-json\/wp\/v2\/media?parent=7068"}],"wp:term":[{"taxonomy":"product_brand","embeddable":true,"href":"https:\/\/paria-edition.fr\/index.php\/wp-json\/wp\/v2\/product_brand?post=7068"},{"taxonomy":"product_cat","embeddable":true,"href":"https:\/\/paria-edition.fr\/index.php\/wp-json\/wp\/v2\/product_cat?post=7068"},{"taxonomy":"product_tag","embeddable":true,"href":"https:\/\/paria-edition.fr\/index.php\/wp-json\/wp\/v2\/product_tag?post=7068"}],"curies":[{"name":"wp","href":"https:\/\/api.w.org\/{rel}","templated":true}]}}