{"id":7067,"date":"2024-05-28T12:22:55","date_gmt":"2024-05-28T10:22:55","guid":{"rendered":"https:\/\/paria-edition.fr\/?post_type=product&#038;p=7067"},"modified":"2026-04-11T15:00:08","modified_gmt":"2026-04-11T13:00:08","slug":"precommande-extension-les-chroniques-du-passees-pour-lordre-de-veiel-chapitre-1","status":"publish","type":"product","link":"https:\/\/paria-edition.fr\/index.php\/produit\/precommande-extension-les-chroniques-du-passees-pour-lordre-de-veiel-chapitre-1\/","title":{"rendered":"Extension : Les chroniques du pass\u00e9 pour l&rsquo;Ordre de Veiel : Chapitre 1"},"content":{"rendered":"<p>Cette extension contient :<\/p>\n<ul>\n<li>74 cartes (63*88m) dont :\n<ul>\n<li>61 salles du donjon pour un max de rejouabilit\u00e9<\/li>\n<li>4 \u00e9v\u00e9nements de boss du chapitre 2<\/li>\n<li>9 cartes sp\u00e9ciales pour des effets in\u00e9dits associ\u00e9s aux nouvelles salles et aux \u00e9v\u00e8nements<\/li>\n<\/ul>\n<\/li>\n<li>1 manuel<\/li>\n<\/ul>\n<p>*N\u00e9cessite l&rsquo;Ordre de Veiel chapitre 1 pour \u00eatre utilis\u00e9e*<\/p>\n","protected":false},"excerpt":{"rendered":"<p>Cette extension amplifie la rejouabilit\u00e9 et la diversit\u00e9 des parties en ajoutant une multitude de nouvelles salles de donjons.<\/p>\n<p>Plongez dans des labyrinthes vari\u00e9s que jamais, avec des d\u00e9fis renouvel\u00e9s \u00e0 chaque exploration. Une expansion incontournable pour ceux qui souhaitent enrichir leur exp\u00e9rience de jeu et d\u00e9couvrir toujours plus de secrets dans les profondeurs de la crypte.<\/p>\n<p>*N\u00e9cessite l&rsquo;Ordre de Veiel chapitre 1 pour \u00eatre utilis\u00e9e*<\/p>\n","protected":false},"featured_media":11190,"template":"","meta":{"_et_pb_use_builder":"","_et_pb_old_content":"","_et_gb_content_width":""},"product_brand":[],"product_cat":[52,49],"product_tag":[138,57,60,135,56,58,67],"class_list":{"0":"post-7067","1":"product","2":"type-product","3":"status-publish","4":"has-post-thumbnail","6":"product_cat-bpf-bdj","7":"product_cat-bdj","8":"product_tag-chapitre-1","9":"product_tag-cooperation","10":"product_tag-entraide","11":"product_tag-extension","12":"product_tag-fantasy","13":"product_tag-modublable","14":"product_tag-ordre-de-veiel","15":"product_shipping_class-boite-odv-standard","17":"first","18":"instock","19":"taxable","20":"shipping-taxable","21":"purchasable","22":"product-type-simple"},"_links":{"self":[{"href":"https:\/\/paria-edition.fr\/index.php\/wp-json\/wp\/v2\/product\/7067","targetHints":{"allow":["GET"]}}],"collection":[{"href":"https:\/\/paria-edition.fr\/index.php\/wp-json\/wp\/v2\/product"}],"about":[{"href":"https:\/\/paria-edition.fr\/index.php\/wp-json\/wp\/v2\/types\/product"}],"wp:featuredmedia":[{"embeddable":true,"href":"https:\/\/paria-edition.fr\/index.php\/wp-json\/wp\/v2\/media\/11190"}],"wp:attachment":[{"href":"https:\/\/paria-edition.fr\/index.php\/wp-json\/wp\/v2\/media?parent=7067"}],"wp:term":[{"taxonomy":"product_brand","embeddable":true,"href":"https:\/\/paria-edition.fr\/index.php\/wp-json\/wp\/v2\/product_brand?post=7067"},{"taxonomy":"product_cat","embeddable":true,"href":"https:\/\/paria-edition.fr\/index.php\/wp-json\/wp\/v2\/product_cat?post=7067"},{"taxonomy":"product_tag","embeddable":true,"href":"https:\/\/paria-edition.fr\/index.php\/wp-json\/wp\/v2\/product_tag?post=7067"}],"curies":[{"name":"wp","href":"https:\/\/api.w.org\/{rel}","templated":true}]}}