{"id":6801,"date":"2024-01-10T15:10:16","date_gmt":"2024-01-10T14:10:16","guid":{"rendered":"https:\/\/paria-edition.fr\/?post_type=product&#038;p=6801"},"modified":"2026-04-17T15:29:02","modified_gmt":"2026-04-17T13:29:02","slug":"precommande-extension-divine-corruption-pour-lordre-de-veiel-deck-building-tactique","status":"publish","type":"product","link":"https:\/\/paria-edition.fr\/index.php\/produit\/precommande-extension-divine-corruption-pour-lordre-de-veiel-deck-building-tactique\/","title":{"rendered":"Extension 4 : Divine corruption pour L&rsquo;ordre de Veiel : Deck building tactique"},"content":{"rendered":"<p>Retrouvez l&rsquo;int\u00e9gralit\u00e9 du projet en d\u00e9tail en suivant ce lien : <a href=\"https:\/\/www.kickstarter.com\/projects\/alexrousseau\/lordre-de-veiel-le-deck-building-tactique\" target=\"_blank\" rel=\"noopener\">https:\/\/www.kickstarter.com\/projects\/alexrousseau\/lordre-de-veiel-le-deck-building-tactique<\/a><\/p>\n<p>Cette extension contient 115 cartes dont : 16 h\u00e9ros et capacit\u00e9s, 8 ennemis, 24 boss et actions, 30 r\u00e9compenses, 37 champs de bataille et cartes sp\u00e9ciales.<\/p>\n<ul>\n<li>4 h\u00e9ros et 12 capacit\u00e9s associ\u00e9s \u00e0 ces h\u00e9ros<\/li>\n<li>8 ennemis<\/li>\n<li>3 boss et 21 actions associ\u00e9es<\/li>\n<li>30 r\u00e9compenses<\/li>\n<li>37 champs de bataille et cartes sp\u00e9ciales<\/li>\n<li>1 livret de r\u00e8gle<\/li>\n<\/ul>\n<p>Le jeu de base est n\u00e9cessaire pour utiliser cette extension.<\/p>\n","protected":false},"excerpt":{"rendered":"<p><span class=\"bold\">Inspir\u00e9e de l&rsquo;univers de notre roman<\/span>, cette extension est l&rsquo;occasion de mettre en avant une partie des protagonistes de &lsquo;Divine Corruption&rsquo;. Tir\u00e9s des pages de notre histoire,\u00a0<span class=\"bold\">quatre nouveaux h\u00e9ros<\/span>\u00a0se joignent \u00e0 l&rsquo;aventure pour faire face \u00e0\u00a0<span class=\"bold\">quatre nouveaux boss<\/span>\u00a0qui incarnent les d\u00e9fis les plus redoutables que le jeu puisse offrir.<\/p>\n<p>Le lien vers le ks avec plein d&rsquo;info : <a href=\"https:\/\/www.kickstarter.com\/projects\/alexrousseau\/lordre-de-veiel-le-deck-building-tactique\" target=\"_blank\" rel=\"noopener\">Ici<\/a><\/p>\n<p>*N\u00e9cessite le jeu de base pour \u00eatre utilis\u00e9e*<\/p>\n<p>&nbsp;<\/p>\n","protected":false},"featured_media":11213,"template":"","meta":{"_et_pb_use_builder":"","_et_pb_old_content":"","_et_gb_content_width":""},"product_brand":[],"product_cat":[139],"product_tag":[57,136,60,135,56,58],"class_list":{"0":"post-6801","1":"product","2":"type-product","3":"status-publish","4":"has-post-thumbnail","6":"product_cat-ordre-de-veiel-deckbuilding-tactique","7":"product_tag-cooperation","8":"product_tag-deck-building","9":"product_tag-entraide","10":"product_tag-extension","11":"product_tag-fantasy","12":"product_tag-modublable","13":"product_shipping_class-boite-odv-standard","15":"first","16":"instock","17":"taxable","18":"shipping-taxable","19":"purchasable","20":"product-type-simple"},"_links":{"self":[{"href":"https:\/\/paria-edition.fr\/index.php\/wp-json\/wp\/v2\/product\/6801","targetHints":{"allow":["GET"]}}],"collection":[{"href":"https:\/\/paria-edition.fr\/index.php\/wp-json\/wp\/v2\/product"}],"about":[{"href":"https:\/\/paria-edition.fr\/index.php\/wp-json\/wp\/v2\/types\/product"}],"wp:featuredmedia":[{"embeddable":true,"href":"https:\/\/paria-edition.fr\/index.php\/wp-json\/wp\/v2\/media\/11213"}],"wp:attachment":[{"href":"https:\/\/paria-edition.fr\/index.php\/wp-json\/wp\/v2\/media?parent=6801"}],"wp:term":[{"taxonomy":"product_brand","embeddable":true,"href":"https:\/\/paria-edition.fr\/index.php\/wp-json\/wp\/v2\/product_brand?post=6801"},{"taxonomy":"product_cat","embeddable":true,"href":"https:\/\/paria-edition.fr\/index.php\/wp-json\/wp\/v2\/product_cat?post=6801"},{"taxonomy":"product_tag","embeddable":true,"href":"https:\/\/paria-edition.fr\/index.php\/wp-json\/wp\/v2\/product_tag?post=6801"}],"curies":[{"name":"wp","href":"https:\/\/api.w.org\/{rel}","templated":true}]}}