{"id":6799,"date":"2024-01-10T15:06:55","date_gmt":"2024-01-10T14:06:55","guid":{"rendered":"https:\/\/paria-edition.fr\/?post_type=product&#038;p=6799"},"modified":"2026-04-07T22:02:17","modified_gmt":"2026-04-07T20:02:17","slug":"precommande-extension-les-corrompues-pour-lordre-de-veiel-deck-building-tactique","status":"publish","type":"product","link":"https:\/\/paria-edition.fr\/index.php\/produit\/precommande-extension-les-corrompues-pour-lordre-de-veiel-deck-building-tactique\/","title":{"rendered":"Extension 3 : Les corrompus pour L&rsquo;ordre de Veiel : Deck building tactique"},"content":{"rendered":"<p>Retrouvez l&rsquo;int\u00e9gralit\u00e9 du projet en d\u00e9tail en suivant ce lien : <a href=\"https:\/\/www.kickstarter.com\/projects\/alexrousseau\/lordre-de-veiel-le-deck-building-tactique\" target=\"_blank\" rel=\"noopener\">https:\/\/www.kickstarter.com\/projects\/alexrousseau\/lordre-de-veiel-le-deck-building-tactique<\/a><\/p>\n<p>Les \u2018Essences de corruption\u2019, puissantes et terrifiantes, renforceront votre arsenal, mais \u00e0 quel prix ? Les \u2018Afflictions\u2019 r\u00e9v\u00e8leront le co\u00fbt de cette puissance maudite, ajoutant profondeur et dilemmes \u00e0 chaque d\u00e9cision. Oseriez-vous explorer les recoins sombres de la corruption ?<\/p>\n<p>Cette extension contient 116 cartes dont :<\/p>\n<ul>\n<li>2 h\u00e9ros et 6 capacit\u00e9s associ\u00e9s \u00e0 ces h\u00e9ros<\/li>\n<li>1 boss et 7 actions associ\u00e9es<\/li>\n<li>30 cartes d&rsquo;afflictions<\/li>\n<li>25 essence de corruption<\/li>\n<li>45 cartes corrompues pour constituer les decks de base<\/li>\n<li>1 livret de r\u00e8gle<\/li>\n<\/ul>\n<p>Le jeu de base est n\u00e9cessaire pour utiliser cette extension.<\/p>\n","protected":false},"excerpt":{"rendered":"<p>Dans cette nouvelle extension,\u00a0<span class=\"bold\">deux nouveaux h\u00e9ros<\/span>\u00a0rejoignent les rangs pour affronter un tout nouveau boss qui incarne la corruption elle-m\u00eame. L&rsquo;extension apporte une nouvelle dimension de jeu avec les &lsquo;<span class=\"bold\">Essences de Corruption<\/span>&lsquo; \u2013 des cartes d\u00e9vastatrices qui injectent une puissance destructrice dans votre arsenal. Cependant, la corruption n&rsquo;est pas sans cons\u00e9quences. Avec les &lsquo;<span class=\"bold\">Afflictions<\/span>&lsquo;, les joueurs subissent les effets de cette puissance maudite, ajoutant une couche de complexit\u00e9 \u00e0 chaque d\u00e9cision. Explorez les aspects sombres de la corruption !<\/p>\n<p>Le lien vers le ks avec plein d&rsquo;info : <a href=\"https:\/\/www.kickstarter.com\/projects\/alexrousseau\/lordre-de-veiel-le-deck-building-tactique\" target=\"_blank\" rel=\"noopener\">Ici<\/a><\/p>\n<p>*N\u00e9cessite le jeu de base pour \u00eatre utilis\u00e9e*<\/p>\n<p>&nbsp;<\/p>\n","protected":false},"featured_media":11207,"template":"","meta":{"_et_pb_use_builder":"","_et_pb_old_content":"","_et_gb_content_width":""},"product_brand":[],"product_cat":[139],"product_tag":[57,136,60,135,56,58],"class_list":{"0":"post-6799","1":"product","2":"type-product","3":"status-publish","4":"has-post-thumbnail","6":"product_cat-ordre-de-veiel-deckbuilding-tactique","7":"product_tag-cooperation","8":"product_tag-deck-building","9":"product_tag-entraide","10":"product_tag-extension","11":"product_tag-fantasy","12":"product_tag-modublable","13":"product_shipping_class-boite-odv-standard","15":"first","16":"instock","17":"taxable","18":"shipping-taxable","19":"purchasable","20":"product-type-simple"},"_links":{"self":[{"href":"https:\/\/paria-edition.fr\/index.php\/wp-json\/wp\/v2\/product\/6799","targetHints":{"allow":["GET"]}}],"collection":[{"href":"https:\/\/paria-edition.fr\/index.php\/wp-json\/wp\/v2\/product"}],"about":[{"href":"https:\/\/paria-edition.fr\/index.php\/wp-json\/wp\/v2\/types\/product"}],"wp:featuredmedia":[{"embeddable":true,"href":"https:\/\/paria-edition.fr\/index.php\/wp-json\/wp\/v2\/media\/11207"}],"wp:attachment":[{"href":"https:\/\/paria-edition.fr\/index.php\/wp-json\/wp\/v2\/media?parent=6799"}],"wp:term":[{"taxonomy":"product_brand","embeddable":true,"href":"https:\/\/paria-edition.fr\/index.php\/wp-json\/wp\/v2\/product_brand?post=6799"},{"taxonomy":"product_cat","embeddable":true,"href":"https:\/\/paria-edition.fr\/index.php\/wp-json\/wp\/v2\/product_cat?post=6799"},{"taxonomy":"product_tag","embeddable":true,"href":"https:\/\/paria-edition.fr\/index.php\/wp-json\/wp\/v2\/product_tag?post=6799"}],"curies":[{"name":"wp","href":"https:\/\/api.w.org\/{rel}","templated":true}]}}