{"id":6798,"date":"2024-01-10T15:06:54","date_gmt":"2024-01-10T14:06:54","guid":{"rendered":"https:\/\/paria-edition.fr\/?post_type=product&#038;p=6798"},"modified":"2026-04-07T22:02:17","modified_gmt":"2026-04-07T20:02:17","slug":"precommande-extension-les-arts-interdits-pour-lordre-de-veiel-deck-building-tactique","status":"publish","type":"product","link":"https:\/\/paria-edition.fr\/index.php\/produit\/precommande-extension-les-arts-interdits-pour-lordre-de-veiel-deck-building-tactique\/","title":{"rendered":"Extension 2 : Les arts interdits pour L&rsquo;ordre de Veiel : Deck building tactique"},"content":{"rendered":"<p>Retrouvez l&rsquo;int\u00e9gralit\u00e9 du projet en d\u00e9tail en suivant ce lien : <a href=\"https:\/\/www.kickstarter.com\/projects\/alexrousseau\/lordre-de-veiel-le-deck-building-tactique\" target=\"_blank\" rel=\"noopener\">https:\/\/www.kickstarter.com\/projects\/alexrousseau\/lordre-de-veiel-le-deck-building-tactique<\/a><\/p>\n<p>En vous aventurant dans les Arts Interdits, vous d\u00e9voilerez des pouvoirs obscurs aux cons\u00e9quences insondables. Attention, de telles forces attirent des ennemis implacables. Aurez-vous l&rsquo;audace de manier une puissance aussi p\u00e9rilleuse ?<\/p>\n<p>Cette extension contient 103 cartes dont :<\/p>\n<ul>\n<li>6 h\u00e9ros et 24 capacit\u00e9s associ\u00e9s \u00e0 ces h\u00e9ros<\/li>\n<li>6 ennemis<\/li>\n<li>2 boss et 14 actions associ\u00e9es<\/li>\n<li>36 r\u00e9compenses<\/li>\n<li>12 champs de bataille et cartes sp\u00e9ciales<\/li>\n<li>3 cartes pour constituer les decks de base<\/li>\n<li>1 livret de r\u00e8gle<\/li>\n<\/ul>\n<p>Le jeu de base est n\u00e9cessaire pour utiliser cette extension.<\/p>\n","protected":false},"excerpt":{"rendered":"<p>D\u00e9couvrez Les Arts Interdits, une extension fascinante qui explore les myst\u00e8res obscurs et puissants de l&rsquo;occulte. Plongez dans un monde de magie interdite et de pouvoirs tabous alors que\u00a0<span class=\"bold\">six nouveaux h\u00e9ros et deux boss redoutables<\/span>\u00a0rejoignent l\u2019aventure. Les &lsquo;Arts Interdits&rsquo; apportent des effets de carte innovants qui manipulent les cadavres et l&rsquo;exil. Explorez ces myst\u00e9rieux pouvoirs, affrontez des adversaires retors et d\u00e9couvrez comment ma\u00eetriser les forces les plus sombres.<\/p>\n<p>Le lien vers le ks avec plein d&rsquo;info : <a href=\"https:\/\/www.kickstarter.com\/projects\/alexrousseau\/lordre-de-veiel-le-deck-building-tactique\" target=\"_blank\" rel=\"noopener\">Ici<\/a><\/p>\n<p>*N\u00e9cessite le jeu de base pour \u00eatre utilis\u00e9e*<\/p>\n<p>&nbsp;<\/p>\n","protected":false},"featured_media":11209,"template":"","meta":{"_et_pb_use_builder":"","_et_pb_old_content":"","_et_gb_content_width":""},"product_brand":[],"product_cat":[139],"product_tag":[57,136,60,135,56,58],"class_list":{"0":"post-6798","1":"product","2":"type-product","3":"status-publish","4":"has-post-thumbnail","6":"product_cat-ordre-de-veiel-deckbuilding-tactique","7":"product_tag-cooperation","8":"product_tag-deck-building","9":"product_tag-entraide","10":"product_tag-extension","11":"product_tag-fantasy","12":"product_tag-modublable","13":"product_shipping_class-boite-odv-standard","15":"first","16":"instock","17":"taxable","18":"shipping-taxable","19":"purchasable","20":"product-type-simple"},"_links":{"self":[{"href":"https:\/\/paria-edition.fr\/index.php\/wp-json\/wp\/v2\/product\/6798","targetHints":{"allow":["GET"]}}],"collection":[{"href":"https:\/\/paria-edition.fr\/index.php\/wp-json\/wp\/v2\/product"}],"about":[{"href":"https:\/\/paria-edition.fr\/index.php\/wp-json\/wp\/v2\/types\/product"}],"wp:featuredmedia":[{"embeddable":true,"href":"https:\/\/paria-edition.fr\/index.php\/wp-json\/wp\/v2\/media\/11209"}],"wp:attachment":[{"href":"https:\/\/paria-edition.fr\/index.php\/wp-json\/wp\/v2\/media?parent=6798"}],"wp:term":[{"taxonomy":"product_brand","embeddable":true,"href":"https:\/\/paria-edition.fr\/index.php\/wp-json\/wp\/v2\/product_brand?post=6798"},{"taxonomy":"product_cat","embeddable":true,"href":"https:\/\/paria-edition.fr\/index.php\/wp-json\/wp\/v2\/product_cat?post=6798"},{"taxonomy":"product_tag","embeddable":true,"href":"https:\/\/paria-edition.fr\/index.php\/wp-json\/wp\/v2\/product_tag?post=6798"}],"curies":[{"name":"wp","href":"https:\/\/api.w.org\/{rel}","templated":true}]}}