{"id":6797,"date":"2024-01-10T15:06:53","date_gmt":"2024-01-10T14:06:53","guid":{"rendered":"https:\/\/paria-edition.fr\/?post_type=product&#038;p=6797"},"modified":"2026-04-09T09:36:32","modified_gmt":"2026-04-09T07:36:32","slug":"precommande-extension-les-membres-de-lordre-pour-lordre-de-veiel-deck-building-tactique","status":"publish","type":"product","link":"https:\/\/paria-edition.fr\/index.php\/produit\/precommande-extension-les-membres-de-lordre-pour-lordre-de-veiel-deck-building-tactique\/","title":{"rendered":"Extension 1 : Les membres de l&rsquo;Ordre pour L&rsquo;ordre de Veiel : Deck building tactique"},"content":{"rendered":"<p>Retrouvez l&rsquo;int\u00e9gralit\u00e9 du projet en d\u00e9tail en suivant ce lien : <a href=\"https:\/\/www.kickstarter.com\/projects\/alexrousseau\/lordre-de-veiel-le-deck-building-tactique\" target=\"_blank\" rel=\"noopener\">https:\/\/www.kickstarter.com\/projects\/alexrousseau\/lordre-de-veiel-le-deck-building-tactique<\/a><\/p>\n<p>Au sein de l\u2019Ordre, vous c\u00f4toierez des h\u00e9ros l\u00e9gendaires et d\u00e9bloquerez des capacit\u00e9s in\u00e9dites. Restez alertes : les ennemis farouches de l\u2019Ordre vous guettent, mettant au d\u00e9fi votre puissance et votre esprit de tacticien.<\/p>\n<p>Cette extension contient 106 cartes dont :<\/p>\n<ul>\n<li>6 h\u00e9ros et 18 capacit\u00e9s associ\u00e9es \u00e0 ces h\u00e9ros<\/li>\n<li>6 ennemis<\/li>\n<li>2 boss et 14 actions associ\u00e9es<\/li>\n<li>42 cartes de r\u00e9compenses<\/li>\n<li>10 champs de bataille et cartes sp\u00e9ciales<\/li>\n<li>8 cartes pour constituer les decks de base<\/li>\n<li>1 livret de r\u00e8gle<\/li>\n<\/ul>\n<p>Le jeu de base est n\u00e9cessaire pour utiliser cette extension.<\/p>\n","protected":false},"excerpt":{"rendered":"<p>Cette extension ajoute pl\u00e9thore de contenu \u00e0 la bo\u00eete de base, mettant en avant une partie des valeureux h\u00e9ros de l\u2019ordre.\u00a0<span class=\"bold\">Six nouveaux h\u00e9ros<\/span>, chacun apportant ses capacit\u00e9s uniques et son style de jeu propre, sont pr\u00eats \u00e0 rejoindre votre arsenal.\u00a0<span class=\"bold\">Affrontez deux nouveaux boss redoutables<\/span>\u00a0qui vous pousseront dans vos retranchements.<\/p>\n<p>Explorez de nouvelles m\u00e9caniques de jeu captivantes, tandis que <span class=\"bold\">de nouveaux ennemis<\/span>\u00a0se dressent entre vous et la victoire. Avec toute une<span class=\"bold\">\u00a0vari\u00e9t\u00e9 de nouveaux ajouts<\/span>\u00a0: des cartes de r\u00e9compense uniques, des champs de batailles, des h\u00e9ros, des boss, des monstres, \u201cLes Membres de l&rsquo;Ordre\u201d est une excellente extension pour grossir le contenu de ODV : DBT. Explorez le pouvoir et la grandeur de l&rsquo;Ordre de Veiel tout en repoussant les limites de votre aventure tactique.<\/p>\n<p>Le lien vers le ks avec plein d&rsquo;info : <a href=\"https:\/\/www.kickstarter.com\/projects\/alexrousseau\/lordre-de-veiel-le-deck-building-tactique\" target=\"_blank\" rel=\"noopener\">Ici<\/a><\/p>\n<p>*N\u00e9cessite le jeu de base pour \u00eatre utilis\u00e9e*<\/p>\n<p>&nbsp;<\/p>\n","protected":false},"featured_media":11203,"template":"","meta":{"_et_pb_use_builder":"","_et_pb_old_content":"","_et_gb_content_width":""},"product_brand":[],"product_cat":[139],"product_tag":[57,136,60,135,56,58],"class_list":{"0":"post-6797","1":"product","2":"type-product","3":"status-publish","4":"has-post-thumbnail","6":"product_cat-ordre-de-veiel-deckbuilding-tactique","7":"product_tag-cooperation","8":"product_tag-deck-building","9":"product_tag-entraide","10":"product_tag-extension","11":"product_tag-fantasy","12":"product_tag-modublable","13":"product_shipping_class-boite-odv-standard","15":"first","16":"instock","17":"taxable","18":"shipping-taxable","19":"purchasable","20":"product-type-simple"},"_links":{"self":[{"href":"https:\/\/paria-edition.fr\/index.php\/wp-json\/wp\/v2\/product\/6797","targetHints":{"allow":["GET"]}}],"collection":[{"href":"https:\/\/paria-edition.fr\/index.php\/wp-json\/wp\/v2\/product"}],"about":[{"href":"https:\/\/paria-edition.fr\/index.php\/wp-json\/wp\/v2\/types\/product"}],"wp:featuredmedia":[{"embeddable":true,"href":"https:\/\/paria-edition.fr\/index.php\/wp-json\/wp\/v2\/media\/11203"}],"wp:attachment":[{"href":"https:\/\/paria-edition.fr\/index.php\/wp-json\/wp\/v2\/media?parent=6797"}],"wp:term":[{"taxonomy":"product_brand","embeddable":true,"href":"https:\/\/paria-edition.fr\/index.php\/wp-json\/wp\/v2\/product_brand?post=6797"},{"taxonomy":"product_cat","embeddable":true,"href":"https:\/\/paria-edition.fr\/index.php\/wp-json\/wp\/v2\/product_cat?post=6797"},{"taxonomy":"product_tag","embeddable":true,"href":"https:\/\/paria-edition.fr\/index.php\/wp-json\/wp\/v2\/product_tag?post=6797"}],"curies":[{"name":"wp","href":"https:\/\/api.w.org\/{rel}","templated":true}]}}