{"id":6796,"date":"2024-01-10T15:06:52","date_gmt":"2024-01-10T14:06:52","guid":{"rendered":"https:\/\/paria-edition.fr\/?post_type=product&#038;p=6796"},"modified":"2026-04-07T22:02:17","modified_gmt":"2026-04-07T20:02:17","slug":"precommande-lordre-de-veiel-deck-building-tactique","status":"publish","type":"product","link":"https:\/\/paria-edition.fr\/index.php\/produit\/precommande-lordre-de-veiel-deck-building-tactique\/","title":{"rendered":"L&rsquo;ordre de Veiel : Deck building tactique"},"content":{"rendered":"<p>Retrouvez l&rsquo;int\u00e9gralit\u00e9 du projet en d\u00e9tail en suivant ce lien : <a href=\"https:\/\/www.kickstarter.com\/projects\/alexrousseau\/lordre-de-veiel-le-deck-building-tactique\" target=\"_blank\" rel=\"noopener\">https:\/\/www.kickstarter.com\/projects\/alexrousseau\/lordre-de-veiel-le-deck-building-tactique<\/a><\/p>\n<div>D\u00e9couvrez L\u2019Ordre de Veiel : Deckbuilding Tactique, un jeu alliant strat\u00e9gie et coop\u00e9ration. Choisissez l&rsquo;un des nombreux h\u00e9ros, construisez un deck performant et unissez vos forces pour triompher des redoutables ennemies du jeu.<\/div>\n<div><\/div>\n<div>Immergez-vous dans un univers profond o\u00f9 tactique collective et coordination sont essentielles pour venir \u00e0 bout de vos adversaires.<\/div>\n<div><\/div>\n<div>\u00cates-vous pr\u00eats \u00e0 relever les d\u00e9fis de ce nouveau deckbuilding tactique ?<\/div>\n<div><\/div>\n<div>Contenu :<\/div>\n<div>&#8211; 428 cartes (dont 93 deck de base, 90 h\u00e9ros et capacit\u00e9s de h\u00e9ros, 37 ennemis, 40 boss et actions de boss, 18 champs de bataille et 150 r\u00e9compenses)<\/div>\n<div>&#8211; un manuel<\/div>\n<div>&#8211; un tapis de jeu<\/div>\n<div>&#8211; un d\u00e9 \u00e0 4 faces et un d\u00e9 \u00e0 6 faces noirs, 6 d\u00e9s \u00e0 6 faces bleus, 8 d\u00e9s \u00e0 8 faces rouges, 8 d\u00e9s \u00e0 6 faces jaunes<\/div>\n<div>&#8211; 5 plateaux (Deck \/ D\u00e9fausse)<\/div>\n<div>&#8211; 5 plateaux (Blessures \/ Exile)<\/div>\n<div>&#8211; 6 jetons r\u00e9compenses<\/div>\n<div>&#8211; 5 jetons \u201cTour jou\u00e9\u201d<\/div>\n<div><\/div>\n","protected":false},"excerpt":{"rendered":"<p>La team Paria est fi\u00e8re de vous pr\u00e9senter\u00a0 \u00ab\u00a0<span class=\"text-italic\">L\u2019Ordre de Veiel: Deck building tactique<\/span>\u00ab\u00a0, ou \u00ab\u00a0<span class=\"text-italic\">ODV: DBT<\/span>\u00a0\u00bb pour les intimes. Plongez-vous dans des parties \u00e9piques d&rsquo;une dur\u00e9e de\u00a0<span class=\"bold\">90 minutes<\/span>\u00a0environ, o\u00f9\u00a0<span class=\"bold\">1 \u00e0 5 joueurs<\/span>\u00a0affrontent\u00a0<span class=\"bold\">ensemble\u00a0<\/span>des hordes d\u2019ennemis\u00a0<span class=\"bold\">pour atteindre la victoire.<\/span><\/p>\n<p>Quelle que soit votre exp\u00e9rience de jeu,\u00a0<span class=\"bold\">ODV : DBT s&rsquo;adaptera \u00e0 vos envies<\/span>\u00a0en vous offrant des niveaux de d\u00e9fi pour les d\u00e9butants comme pour les joueurs exp\u00e9riment\u00e9s. Avec une collection impressionnante de\u00a0<span class=\"bold\">plus de 830 cartes avec ses extensions<\/span>, dont plus de\u00a0<span class=\"bold\">700 exemplaires uniques,<\/span>\u00a0chaque partie offre une exp\u00e9rience totalement nouvelle, stimulant votre cr\u00e9ativit\u00e9 strat\u00e9gique et votre esprit d&rsquo;\u00e9quipe.\u00a0<span class=\"bold\">Toutes les parties seront diff\u00e9rentes, des centaines d&rsquo;heures de jeu vous attendent !<\/span><\/p>\n<p><em><strong>Cette version contient tous les \u00e9l\u00e9ments de gameplay d\u00e9bloqu\u00e9s durant le financement participatif, elle ne contient donc pas les intercalaires illustr\u00e9es et les cartes full art qui \u00e9taient des exclusivit\u00e9s.<\/strong><\/em><\/p>\n<p>Le lien vers le ks avec plein d&rsquo;info : <a href=\"https:\/\/www.kickstarter.com\/projects\/alexrousseau\/lordre-de-veiel-le-deck-building-tactique\" target=\"_blank\" rel=\"noopener\">Ici<\/a><\/p>\n","protected":false},"featured_media":6473,"template":"","meta":{"_et_pb_use_builder":"","_et_pb_old_content":"","_et_gb_content_width":""},"product_brand":[],"product_cat":[139],"product_tag":[57,136,60,56,58],"class_list":{"0":"post-6796","1":"product","2":"type-product","3":"status-publish","4":"has-post-thumbnail","6":"product_cat-ordre-de-veiel-deckbuilding-tactique","7":"product_tag-cooperation","8":"product_tag-deck-building","9":"product_tag-entraide","10":"product_tag-fantasy","11":"product_tag-modublable","12":"product_shipping_class-boite-odv-standard","14":"first","15":"instock","16":"taxable","17":"shipping-taxable","18":"purchasable","19":"product-type-simple"},"_links":{"self":[{"href":"https:\/\/paria-edition.fr\/index.php\/wp-json\/wp\/v2\/product\/6796","targetHints":{"allow":["GET"]}}],"collection":[{"href":"https:\/\/paria-edition.fr\/index.php\/wp-json\/wp\/v2\/product"}],"about":[{"href":"https:\/\/paria-edition.fr\/index.php\/wp-json\/wp\/v2\/types\/product"}],"wp:featuredmedia":[{"embeddable":true,"href":"https:\/\/paria-edition.fr\/index.php\/wp-json\/wp\/v2\/media\/6473"}],"wp:attachment":[{"href":"https:\/\/paria-edition.fr\/index.php\/wp-json\/wp\/v2\/media?parent=6796"}],"wp:term":[{"taxonomy":"product_brand","embeddable":true,"href":"https:\/\/paria-edition.fr\/index.php\/wp-json\/wp\/v2\/product_brand?post=6796"},{"taxonomy":"product_cat","embeddable":true,"href":"https:\/\/paria-edition.fr\/index.php\/wp-json\/wp\/v2\/product_cat?post=6796"},{"taxonomy":"product_tag","embeddable":true,"href":"https:\/\/paria-edition.fr\/index.php\/wp-json\/wp\/v2\/product_tag?post=6796"}],"curies":[{"name":"wp","href":"https:\/\/api.w.org\/{rel}","templated":true}]}}