{"id":639,"date":"2018-12-19T18:03:50","date_gmt":"2018-12-19T17:03:50","guid":{"rendered":"https:\/\/pariaparia.fr\/?post_type=product&#038;p=639"},"modified":"2026-03-21T19:53:41","modified_gmt":"2026-03-21T18:53:41","slug":"boite-de-jeu-divine-corruption-renaissance","status":"publish","type":"product","link":"https:\/\/paria-edition.fr\/index.php\/produit\/boite-de-jeu-divine-corruption-renaissance\/","title":{"rendered":"Divine corruption &#8211; Renaissance (Fin de stock et arr\u00eat du jeu)"},"content":{"rendered":"<p align=\"justify\">Tir\u00e9 du roman \u00e9ponyme,\u00a0<a href=\"https:\/\/pariaparia.fr\/index.php\/en-resume\/\">Divine Corruption<\/a>\u00a0: Renaissance, vous propose de vous plonger dans cet univers sombre et fascinant le temps d\u2019une partie de cartes. Chaque joueur y incarne un humain au service d\u2019un ma\u00eetre belliqueux. Esclave, vous devrez faire vos preuves pour esp\u00e9rer devenir c\u00e9leste et ainsi \u00e9chapper \u00e0 l\u2019\u00e9chafaud.<\/p>\n<p align=\"justify\">Vous devrez donc, tout au long de la partie, r\u00e9aliser seul ou en coop\u00e9ration des missions n\u00e9cessitant certaines comp\u00e9tences (Soldat, espion, marchand et diplomate). Chaque mission r\u00e9ussie vous accordera alors sa part de renom afin de vous attirer les faveurs de votre d\u00e9tenteur. Il ne tient qu\u2019\u00e0 vous de tisser des liens avec vos cong\u00e9n\u00e8res pour vous frayer un chemin jusqu\u2019\u00e0 la victoire. Mais serez-vous tous en mesure d\u2019\u00e9chapper \u00e0 la mort?<\/p>\n<p align=\"justify\">En effet, dans ce jeu semi-coop\u00e9ratif, la victoire et la d\u00e9faite ne tiennent parfois qu\u2019\u00e0 une simple d\u00e9cision. Tous les joueurs sont en capacit\u00e9 de gagner la partie, mais l\u2019inverse est tout aussi probable.<\/p>\n<p align=\"justify\">En plus de vos professions, chaque joueur dispose de cartes aux effets vari\u00e9s jouables \u00e0 n\u2019importe quel moment. Celles-ci vous permettront de vous servir dans la main des autres joueurs, d\u2019augmenter temporairement une profession, d\u2019accro\u00eetre le renom acquis lors d\u2019une mission ou encore, de vous joindre \u00e0 une mission sans le consentement de son instigateur, etc etc. Renaissance dispose de tout un panel de cartes dont chacune \u00e0 un poids politique, aider un joueur et il vous sera s\u00fbrement reconnaissant, prenez-lui ses cartes et la situation risque d\u2019\u00eatre tout autre.<\/p>\n<p align=\"justify\">Enfin, dans Renaissance, chaque joueur appartient \u00e0 une Maison qui lui conf\u00e8re un pouvoir et une profession suppl\u00e9mentaires (Soldat, diplomate, espion ou marchand). Augmenter votre pioche, regarder la main d\u2019un joueur et lui voler une carte, passer une alliance avec un joueur ou annuler l\u2019effet d\u2019une carte, etc etc. Chaque maison sera vous offrir un avantage certain dans son domaine de pr\u00e9dilection.<\/p>\n<p align=\"justify\">Un dernier point on ne peut plus important, la carte \u00ab\u00a0D\u00e9viant\u00a0\u00bb. V\u00e9ritable bombe \u00e0 retardement, elle assure la d\u00e9faite \u00e0 quiconque la d\u00e9tient en fin de partie. Vu comme une mal\u00e9diction et assurant une mise \u00e0 mort imm\u00e9diate au premier royaume, il est interdit de r\u00e9v\u00e9ler sa possession sous peine d\u2019\u00eatre \u00e9limin\u00e9. En prime, le d\u00e9viant ne peut \u00eatre d\u00e9fauss\u00e9, mais nullement besoin de paniquer, il est tout \u00e0 fait possible de s\u2019en d\u00e9barrasser via certaines cartes actions, par exemple en l\u2019offrant gracieusement \u00e0 un autre joueur ou en se la faisant voler par un insouciant un peu trop avide.<\/p>\n<p align=\"justify\">Pour regardez les vid\u00e9os de r\u00e8gles ici :\u00a0<a href=\"https:\/\/www.youtube.com\/watch?v=pSEJvRBQkW4\">c&rsquo;est par ici<\/a><\/p>\n<p align=\"justify\">Pour plus d&rsquo;informations, <a href=\"https:\/\/paria-edition.fr\/index.php\/dcr-en-resume\/\">cliquez ici<\/a>.<\/p>\n<p>&nbsp;<\/p>\n<p>A noter, les informations sur le contenu de la bo\u00eete et leurs visuels sont susceptibles de changer l\u00e9g\u00e8rement.<\/p>\n<p><strong>Contenu de la bo\u00eete<\/strong><\/p>\n<ul>\n<li>235 cartes au format poker dont :\n<ul>\n<li>44 cartes de renom<\/li>\n<li>44 missions<\/li>\n<li>10 \u00e9v\u00e9nements<\/li>\n<li>32 professions<\/li>\n<li>20 bonus de profession<\/li>\n<li>12 maisons<\/li>\n<li>72 actions<\/li>\n<li>1 carte \u00ab\u00a0D\u00e9viant\u00a0\u00bb\n<ul>\n<li style=\"list-style-type: none;\">\n<ul>\n<li style=\"list-style-type: none;\">\n<ul>\n<li style=\"list-style-type: none;\">\n<ul>\n<li style=\"list-style-type: none;\">\n<ul>\n<li style=\"list-style-type: none;\">\n<ul>\n<li style=\"list-style-type: none;\"><\/li>\n<\/ul>\n<\/li>\n<\/ul>\n<\/li>\n<\/ul>\n<\/li>\n<\/ul>\n<\/li>\n<\/ul>\n<\/li>\n<\/ul>\n<\/li>\n<\/ul>\n<\/li>\n<li>1 livret de r\u00e8gles<\/li>\n<\/ul>\n<p><strong>Caract\u00e9ristiques<\/strong><\/p>\n<p>Disponible en anglais ou fran\u00e7ais<\/p>\n<p><strong>Manuel disponible en cliquant <a href=\"https:\/\/paria-edition.fr\/wp-content\/uploads\/2019\/09\/Rulebook-DCR-FR.pdf\" target=\"_blank\" rel=\"noopener noreferrer\">ici<\/a>.<\/strong><\/p>\n","protected":false},"excerpt":{"rendered":"<p>Divine corruption : Renaissance est un jeu semi-coop\u00e9ratif se d\u00e9roulant dans l&rsquo;univers <a href=\"https:\/\/paria-edition.fr\/index.php\/en-resume\/\">du roman \u00e9ponyme<\/a>. Pr\u00e9vu pour des parties de <strong>3 \u00e0 6 joueurs<\/strong>, chaque joueur incarne un humain au service d\u2019un ma\u00eetre belliqueux. Esclave, vous devrez <strong>faire vos preuves pour devenir c\u00e9leste<\/strong> et ainsi \u00e9chapper \u00e0 l\u2019\u00e9chafaud.<\/p>\n<p align=\"justify\">Vous devrez donc, tout au long de la partie, <strong>r\u00e9aliser seul ou en coop\u00e9ration des missions<\/strong> n\u00e9cessitant certaines professions (<strong>Soldat, espion, marchand et diplomate<\/strong>). Chaque mission accomplie vous accordera alors sa part de renom afin de vous attirer les faveurs de votre d\u00e9tenteur. Il ne tient qu\u2019\u00e0 vous de tisser des liens avec vos cong\u00e9n\u00e8res pour vous frayer un chemin jusqu\u2019\u00e0 la victoire. Mais serez-vous tous en mesure d\u2019\u00e9chapper \u00e0 la mort?<\/p>\n<p><strong>Pour plus d\u2019informations sur l\u2019avanc\u00e9e de nos projets rendez-vous sur facebook @PariaEdition<\/strong><\/p>\n<p><em>* Remise en main propre possible sur Ch\u00e2teauroux, 36 000, Indre ou lors de nos d\u00e9placements en salon. Assurez-vous de notre disponibilit\u00e9 en nous contactant sur facebook : @PariaEdition ou par le formulaire de contact. Pour en profitez, saisissez le code promo \u00ab\u00a0<strong>Remise en main propre<\/strong>\u00a0\u00bb dans votre panier. Toute utilisation de ce code promo sans validation pr\u00e9alable de notre part entra\u00eenera une annulation de votre commande.<\/em><\/p>\n","protected":false},"featured_media":11141,"template":"","meta":{"_et_pb_use_builder":"","_et_pb_old_content":"","_et_gb_content_width":""},"product_brand":[],"product_cat":[140],"product_tag":[56,74,73,72],"class_list":{"0":"post-639","1":"product","2":"type-product","3":"status-publish","4":"has-post-thumbnail","6":"product_cat-les-autres-jeux","7":"product_tag-fantasy","8":"product_tag-jeu-de-carte","9":"product_tag-produit-derive","10":"product_tag-semi-cooperatif","11":"product_shipping_class-boite-petit-format","13":"first","14":"instock","15":"sale","16":"taxable","17":"shipping-taxable","18":"purchasable","19":"product-type-simple"},"_links":{"self":[{"href":"https:\/\/paria-edition.fr\/index.php\/wp-json\/wp\/v2\/product\/639","targetHints":{"allow":["GET"]}}],"collection":[{"href":"https:\/\/paria-edition.fr\/index.php\/wp-json\/wp\/v2\/product"}],"about":[{"href":"https:\/\/paria-edition.fr\/index.php\/wp-json\/wp\/v2\/types\/product"}],"wp:featuredmedia":[{"embeddable":true,"href":"https:\/\/paria-edition.fr\/index.php\/wp-json\/wp\/v2\/media\/11141"}],"wp:attachment":[{"href":"https:\/\/paria-edition.fr\/index.php\/wp-json\/wp\/v2\/media?parent=639"}],"wp:term":[{"taxonomy":"product_brand","embeddable":true,"href":"https:\/\/paria-edition.fr\/index.php\/wp-json\/wp\/v2\/product_brand?post=639"},{"taxonomy":"product_cat","embeddable":true,"href":"https:\/\/paria-edition.fr\/index.php\/wp-json\/wp\/v2\/product_cat?post=639"},{"taxonomy":"product_tag","embeddable":true,"href":"https:\/\/paria-edition.fr\/index.php\/wp-json\/wp\/v2\/product_tag?post=639"}],"curies":[{"name":"wp","href":"https:\/\/api.w.org\/{rel}","templated":true}]}}