{"id":6021,"date":"2023-03-30T16:13:43","date_gmt":"2023-03-30T14:13:43","guid":{"rendered":"https:\/\/paria-edition.fr\/?post_type=product&#038;p=6021"},"modified":"2026-04-17T10:55:39","modified_gmt":"2026-04-17T08:55:39","slug":"bundle-lordre-de-veiel-chapitre-1-chapitre-2","status":"publish","type":"product","link":"https:\/\/paria-edition.fr\/index.php\/produit\/bundle-lordre-de-veiel-chapitre-1-chapitre-2\/","title":{"rendered":"Bundle l&rsquo;Ordre de Veiel : Chapitre 1 + Chapitre 2"},"content":{"rendered":"<p style=\"text-align: center;\"><strong>L&rsquo;Ordre de Veiel : Chapitre 1<\/strong><\/p>\n<p>L\u2019Ordre de Veiel a \u00e9t\u00e9 con\u00e7u dans un but tr\u00e8s simple, r\u00e9unir joueurs novices et confirm\u00e9s autour d\u2019un m\u00eame jeu. De ce fait, les bases sont simples \u00e0 appr\u00e9hender,\u00a0<strong>si vous ma\u00eetrisez l\u2019addition jusqu\u2019\u00e0 30 alors vous saurez jouer \u00e0 L\u2019ordre de Veiel<\/strong>. Cependant, L\u2019ordre de Veiel n\u2019en reste pas moins un jeu complexe pour qui le souhaite. Optimisez vos h\u00e9ros, leurs \u00e9quipements, leurs caract\u00e9ristiques ainsi que celles de votre \u00e9quipe, vos gains, vos d\u00e9penses, votre trajet au sein de la crypte.<\/p>\n<p>L\u2019Ordre de Veiel n\u2019a pas pour but de r\u00e9volutionner le genre ou d\u2019apporter tout un panel de r\u00e8gles difficiles \u00e0 aborder. Ici, ce que vous venez chercher c\u2019est la simplicit\u00e9 d\u2019acc\u00e8s et la complexit\u00e9 de ma\u00eetrise. \u00c0 l\u2019instar d\u2019un bon vieux Dark Souls : roulade, deux attaques et un blocage. C\u2019est facile \u00e0 comprendre, mais tellement dur \u00e0 ma\u00eetriser. Il faut y voir un moyen de r\u00e9unir vos amis novices et vos amis puristes. Il faut y voir une mani\u00e8re de retrouver l\u2019ambiance de vos parties endiabl\u00e9es de JDR, mais en 2 petites heures parce que parfois, le temps manque, on vieillit, des enfants apparaissent et avec, la complexit\u00e9 d\u2019un calendrier fixe. Il faut y voir une mani\u00e8re d\u2019aborder un univers riche avec ses codes, son histoire et ses h\u00e9ros. ODV c\u2019est un jeu fantasy simple sur une base JDR avec une vraie courbe d\u2019apprentissage pour amuser nouveaux joueurs comme v\u00e9t\u00e9rans.<\/p>\n<p>Pour regardez les vid\u00e9os de r\u00e8gles ici :\u00a0<a href=\"https:\/\/www.youtube.com\/watch?v=ZWcf0DS5qvY\">c&rsquo;est par ici<\/a><\/p>\n<p>Pour plus d&rsquo;informations, <a href=\"https:\/\/paria-edition.fr\/index.php\/odv-en-resume\/\">cliquez ici<\/a>.<\/p>\n<p><strong>Contenu de la boite<\/strong><\/p>\n<ul>\n<li>1 Plateau de jeu illustr\u00e9 au format 36&#215;85 cm<\/li>\n<li>4 Fiches de boss au format A4<\/li>\n<li>13 Fiches de H\u00e9ros au format A4<\/li>\n<li>31 Cartes de monstre au format 80&#215;120 mm dont 5 monstres puissants et 4 miniatures de boss<\/li>\n<li>231 cartes au format poker dont 86 armes, 31 armures et boucliers, 29 runes et phylact\u00e8res, 30 objets consommables, 35 \u00e9v\u00e9nements, 20 salles de donjon<\/li>\n<li>Plus de 100 jetons<\/li>\n<li>1 Sac en coton imprim\u00e9 avec le logo d&rsquo;ODV + un lot de pochette en plastique<\/li>\n<li>40 Cristaux noirs<\/li>\n<li>16 Cubes rouges et verts<\/li>\n<li>8 D\u00e9s \u00e0 20 faces et 6 d\u00e9s \u00e0 6 faces<\/li>\n<li>15 Portes cartes en plastiques<\/li>\n<li>1 Manuel de jeu<\/li>\n<\/ul>\n<p>&nbsp;<\/p>\n<p><strong>Caract\u00e9ristiques<\/strong><\/p>\n<p>Bo\u00eete anglaise disponible sur demande.<\/p>\n<p><strong>Manuel disponible en cliquant <a href=\"https:\/\/paria-edition.fr\/wp-content\/uploads\/2019\/09\/Manuel.pdf\" target=\"_blank\" rel=\"noopener noreferrer\">ici<\/a>.<\/strong><\/p>\n<p><strong>Faq disponible en cliquant <a href=\"https:\/\/paria-edition.fr\/index.php\/odv-faq\/\" target=\"_blank\" rel=\"noopener noreferrer\">ici<\/a>.<\/strong><\/p>\n<p style=\"text-align: center;\"><strong>L&rsquo;Ordre de Veiel : Chapitre 2<\/strong><\/p>\n<p><em>Pour avoir une vu plus globale sur ce que sera ODV : Chapitre 2,<\/em> <a href=\"https:\/\/paria-edition.fr\/index.php\/chapitre-2-lheritage-du-roi\/\"><strong>cliquez-ici.<\/strong><\/a><\/p>\n<p>L\u2019Ordre de Veiel a \u00e9t\u00e9 con\u00e7u dans un but tr\u00e8s simple, r\u00e9unir joueurs novices et confirm\u00e9s autour d\u2019un m\u00eame jeu. De ce fait, les bases sont simples \u00e0 appr\u00e9hender,\u00a0<strong>si vous ma\u00eetrisez l\u2019addition jusqu\u2019\u00e0 30 alors vous saurez jouer \u00e0 L\u2019ordre de Veiel<\/strong>. Cependant, L\u2019ordre de Veiel n\u2019en reste pas moins un jeu complexe pour qui le souhaite. Optimisez vos h\u00e9ros, leurs \u00e9quipements, leurs caract\u00e9ristiques ainsi que celles de votre \u00e9quipe, vos gains, vos d\u00e9penses, votre trajet au sein de la crypte.<\/p>\n<p>L\u2019Ordre de Veiel n\u2019a pas pour but de r\u00e9volutionner le genre ou d\u2019apporter tout un panel de r\u00e8gles difficiles \u00e0 aborder. Ici, ce que vous venez chercher c\u2019est la simplicit\u00e9 d\u2019acc\u00e8s et la complexit\u00e9 de ma\u00eetrise. \u00c0 l\u2019instar d\u2019un bon vieux Dark Souls : roulade, deux attaques et un blocage. C\u2019est facile \u00e0 comprendre, mais tellement dur \u00e0 ma\u00eetriser. Il faut y voir un moyen de r\u00e9unir vos amis novices et vos amis puristes. Il faut y voir une mani\u00e8re de retrouver l\u2019ambiance de vos parties endiabl\u00e9es de JDR, mais en 2 petites heures parce que parfois, le temps manque, on vieillit, des enfants apparaissent et avec, la complexit\u00e9 d\u2019un calendrier fixe. Il faut y voir une mani\u00e8re d\u2019aborder un univers riche avec ses codes, son histoire et ses h\u00e9ros. ODV c\u2019est un jeu fantasy simple sur une base JDR avec une vraie courbe d\u2019apprentissage pour amuser nouveaux joueurs comme v\u00e9t\u00e9rans.<\/p>\n<p>Pour plus d&rsquo;informations, <a href=\"https:\/\/www.kickstarter.com\/projects\/alexrousseau\/lordre-de-veiel-chapitre-2-lheritage-du-roi\/description\">cliquez ici<\/a>.<\/p>\n<p><strong>Contenu de la boite<\/strong><\/p>\n<ul>\n<li>72 tuiles A4 recto\/verso pour les champs de bataille<\/li>\n<li>4 fiches de boss<\/li>\n<li>12 fiches de h\u00e9ros<\/li>\n<li>1 \u00e9cran pour le MDD<\/li>\n<li>36 cartes de monstres format 120x80mm (Dixit, magnum&#8230;)<\/li>\n<li>264 cartes format 63x88mm (MTG)<\/li>\n<li>6 plateaux A5 pour les capacit\u00e9s NIV 1 et NIV 7<\/li>\n<li>150+ jetons<\/li>\n<li>12 cubes violet et jaune<\/li>\n<li>5 portes cartes<\/li>\n<li>1 manuel de r\u00e8gles<\/li>\n<li>1 livre de sc\u00e9narios<\/li>\n<li>Poids approximatif de la boite 5.7 kg<\/li>\n<\/ul>\n<p>&nbsp;<\/p>\n<p>&nbsp;<\/p>\n","protected":false},"excerpt":{"rendered":"<p>Tout est dans le titre, bundle des deux chapitres d&rsquo;ODV soit 10kg de matos =)<\/p>\n<p><em>* Remise en main propre possible sur Ch\u00e2teauroux, 36 000, Indre ou lors de nos d\u00e9placements en salon. Assurez-vous de notre disponibilit\u00e9 en nous contactant sur facebook : @PariaEdition ou par le formulaire de contact. Pour en profitez, saisissez le code promo \u00ab\u00a0<strong>Remise en main propre<\/strong>\u00a0\u00bb dans votre panier. Toute utilisation de ce code promo sans validation pr\u00e9alable de notre part entra\u00eenera une annulation de votre commande.<\/em><\/p>\n","protected":false},"featured_media":11315,"template":"","meta":{"_et_pb_use_builder":"","_et_pb_old_content":"","_et_gb_content_width":""},"product_brand":[],"product_cat":[50,49],"product_tag":[59,57,60,56,58],"class_list":{"0":"post-6021","1":"product","2":"type-product","3":"status-publish","4":"has-post-thumbnail","6":"product_cat-bodv","7":"product_cat-bdj","8":"product_tag-asymetrique","9":"product_tag-cooperation","10":"product_tag-entraide","11":"product_tag-fantasy","12":"product_tag-modublable","13":"product_shipping_class-boite-odv-standard","15":"first","16":"instock","17":"sale","18":"featured","19":"taxable","20":"purchasable","21":"product-type-woosb"},"_links":{"self":[{"href":"https:\/\/paria-edition.fr\/index.php\/wp-json\/wp\/v2\/product\/6021","targetHints":{"allow":["GET"]}}],"collection":[{"href":"https:\/\/paria-edition.fr\/index.php\/wp-json\/wp\/v2\/product"}],"about":[{"href":"https:\/\/paria-edition.fr\/index.php\/wp-json\/wp\/v2\/types\/product"}],"wp:featuredmedia":[{"embeddable":true,"href":"https:\/\/paria-edition.fr\/index.php\/wp-json\/wp\/v2\/media\/11315"}],"wp:attachment":[{"href":"https:\/\/paria-edition.fr\/index.php\/wp-json\/wp\/v2\/media?parent=6021"}],"wp:term":[{"taxonomy":"product_brand","embeddable":true,"href":"https:\/\/paria-edition.fr\/index.php\/wp-json\/wp\/v2\/product_brand?post=6021"},{"taxonomy":"product_cat","embeddable":true,"href":"https:\/\/paria-edition.fr\/index.php\/wp-json\/wp\/v2\/product_cat?post=6021"},{"taxonomy":"product_tag","embeddable":true,"href":"https:\/\/paria-edition.fr\/index.php\/wp-json\/wp\/v2\/product_tag?post=6021"}],"curies":[{"name":"wp","href":"https:\/\/api.w.org\/{rel}","templated":true}]}}