{"id":568,"date":"2018-12-18T17:31:35","date_gmt":"2018-12-18T16:31:35","guid":{"rendered":"https:\/\/pariaparia.fr\/?post_type=product&#038;p=568"},"modified":"2026-03-20T19:00:31","modified_gmt":"2026-03-20T18:00:31","slug":"divine-corruption-deviance","status":"publish","type":"product","link":"https:\/\/paria-edition.fr\/index.php\/produit\/divine-corruption-deviance\/","title":{"rendered":"Divine corruption : D\u00e9viance"},"content":{"rendered":"<p>Livre de 302 pages couverture reli\u00e9e et dos carr\u00e9 coll\u00e9. Impression noir et blanc en Europe sur papier 90 gr avec couverture brillant.<\/p>\n<p>&nbsp;<\/p>\n<p><strong>Vous souhaitez un exemplaire d\u00e9dicac\u00e9 ? Indiquez le nous dans votre note de commande !<\/strong><\/p>\n<p>&nbsp;<\/p>\n<p>&nbsp;<\/p>\n","protected":false},"excerpt":{"rendered":"<p>Que devient-on \u00e0 notre mort terrestre? Un paradis, un dieu aimant et bienveillant attendant patiemment notre venue, fac\u00e9tie ou v\u00e9rit\u00e9? Derri\u00e8re la beaut\u00e9 se cache parfois la pire des cruaut\u00e9s.<\/p>\n<p>Joseph est un soldat humain tricentenaire ambitieux \u00e0 la recherche d&rsquo;une opportunit\u00e9 rare, rejoindre la caste c\u00e9leste. Pour ce faire, il entre au service d&rsquo;un archange manipulateur et avide de pouvoir qui l&rsquo;entra\u00eene dans une course pour sa propre survie. Fier et d\u00e9termin\u00e9, il accepte sans h\u00e9sitation la t\u00e2che qui lui est confi\u00e9e, loin d&rsquo;imaginer toute la port\u00e9e de cette d\u00e9cision.<\/p>\n<p>Divine corruption: D\u00e9viance est le premier tome d&rsquo;une s\u00e9rie fantasy. Il trace les d\u00e9boires d&rsquo;un soldat au premier royaume, un plan divin o\u00f9 les humains sont \u00e0 la fois esclaves et salvation de la lign\u00e9e c\u00e9leste.<\/p>\n<p>L&rsquo;univers m\u00e9lange magie, politique, psychologie et froideur. Il refl\u00e8te notre perception du monde en extrapolant la partie que l&rsquo;on essaie parfois d&rsquo;oublier. L&rsquo;ambition, la cruaut\u00e9, l&rsquo;orgueil autant de p\u00e9ch\u00e9s qui peuvent faire basculer une vie et un royaume.<\/p>\n<p>Penser \u00e0 soutenir les auteurs en laissant un avis apr\u00e8s votre lecture. N&rsquo;oublier de partager et de parler du livre autour de vous cela reste encore le meilleur moyen de soutenir des ind\u00e9pendants.<\/p>\n<p><em>* Remise en main propre possible sur Ch\u00e2teauroux, 36 000, Indre ou lors de nos d\u00e9placements en salon. Assurez-vous de notre disponibilit\u00e9 en nous contactant sur facebook : @PariaEdition ou par le formulaire de contact. Pour en profitez, saisissez le code promo \u00ab\u00a0<strong>Remise en main propre<\/strong>\u00a0\u00bb dans votre panier. Toute utilisation de ce code promo sans validation pr\u00e9alable de notre part entra\u00eenera une annulation de votre commande.<\/em><\/p>\n","protected":false},"featured_media":732,"template":"","meta":{"_et_pb_use_builder":"","_et_pb_old_content":"","_et_gb_content_width":""},"product_brand":[],"product_cat":[41],"product_tag":[61,63,65,64,62],"class_list":{"0":"post-568","1":"product","2":"type-product","3":"status-publish","4":"has-post-thumbnail","6":"product_cat-livre","7":"product_tag-dark-fantasy","8":"product_tag-dystopie","9":"product_tag-intrigue-politique","10":"product_tag-magie","11":"product_tag-mythologie","12":"product_shipping_class-livre","14":"first","15":"instock","16":"taxable","17":"shipping-taxable","18":"purchasable","19":"product-type-simple"},"_links":{"self":[{"href":"https:\/\/paria-edition.fr\/index.php\/wp-json\/wp\/v2\/product\/568","targetHints":{"allow":["GET"]}}],"collection":[{"href":"https:\/\/paria-edition.fr\/index.php\/wp-json\/wp\/v2\/product"}],"about":[{"href":"https:\/\/paria-edition.fr\/index.php\/wp-json\/wp\/v2\/types\/product"}],"wp:featuredmedia":[{"embeddable":true,"href":"https:\/\/paria-edition.fr\/index.php\/wp-json\/wp\/v2\/media\/732"}],"wp:attachment":[{"href":"https:\/\/paria-edition.fr\/index.php\/wp-json\/wp\/v2\/media?parent=568"}],"wp:term":[{"taxonomy":"product_brand","embeddable":true,"href":"https:\/\/paria-edition.fr\/index.php\/wp-json\/wp\/v2\/product_brand?post=568"},{"taxonomy":"product_cat","embeddable":true,"href":"https:\/\/paria-edition.fr\/index.php\/wp-json\/wp\/v2\/product_cat?post=568"},{"taxonomy":"product_tag","embeddable":true,"href":"https:\/\/paria-edition.fr\/index.php\/wp-json\/wp\/v2\/product_tag?post=568"}],"curies":[{"name":"wp","href":"https:\/\/api.w.org\/{rel}","templated":true}]}}