{"id":5342,"date":"2022-09-27T17:13:52","date_gmt":"2022-09-27T15:13:52","guid":{"rendered":"https:\/\/paria-edition.fr\/?post_type=product&#038;p=5342"},"modified":"2026-04-12T15:15:06","modified_gmt":"2026-04-12T13:15:06","slug":"insert-lordre-de-veiel-chapitre-1-chapitre-2-precommande","status":"publish","type":"product","link":"https:\/\/paria-edition.fr\/index.php\/produit\/insert-lordre-de-veiel-chapitre-1-chapitre-2-precommande\/","title":{"rendered":"Insert l&rsquo;Ordre de Veiel : Chapitre 1 + Chapitre 2 (Noir matte ou dor\u00e9e effet soie en fonction de la production)"},"content":{"rendered":"<p>Les inserts ont \u00e9t\u00e9 dessin\u00e9s et imprim\u00e9s par nos soins dans nos locaux \u00e0 D\u00e9ols. Ils sont r\u00e9alis\u00e9s en PLA (acide polylactique biod\u00e9gradable) couleur Or soie et prot\u00e9g\u00e9s par une couche de vernis satin\u00e9 brillant ou matte.<\/p>\n<p>Caract\u00e9ristiques :<\/p>\n<ul>\n<li>1 Inserts pour les cartes monstres<\/li>\n<li>1 Insert jetons ronds<\/li>\n<li>1 insert jetons de personnages \/ monstres \/ boss chapitre 2<\/li>\n<li>1 Insert jetons niveau + cube rouge\/vert\/jaune\/violet<\/li>\n<li>1 Insert jetons caract\u00e9ristiques + jetons d\u00e9fenseur et joueur<\/li>\n<li>1 Insert d\u00e9 \/ porte-cartes \/ figurine joueur et d\u00e9fenseur \/ cristaux<\/li>\n<li>1 petit insert pour faire la banque de cristaux joueurs \u00e0 ranger dans l&rsquo;insert des d\u00e9s et porte-cartes<\/li>\n<li>10 intercalaires pour les cartes tailles standard<\/li>\n<li>Mati\u00e8re PLA (630 gr)<\/li>\n<li>Couleur : Gris noir<\/li>\n<li>Appr\u00eat : Satin\u00e9 brillant ou matte<\/li>\n<li>Peu r\u00e9sistant \u00e0 la chaleur, ne pas exposer au soleil<\/li>\n<\/ul>\n<p>Lien vers les fichiers STL : <a href=\"https:\/\/drive.google.com\/open?id=1Ki-Fcgm-Ti7N5JAdSgswP_gbd2PPKGH3&amp;authuser=alex.rousseau36%40gmail.com&amp;usp=drive_fs\">https:\/\/drive.google.com\/drive\/folders\/1td85uxjh6ywipo_Veh0WWPMuzyalL6rq?usp=sharing<\/a><\/p>\n<p>Les fichiers sont \u00e0 votre libre disposition, vous pouvez en faire ce que vous voulez =)<\/p>\n","protected":false},"excerpt":{"rendered":"<p><strong>! Cet insert est un insert totalement diff\u00e9rent du premier qui sert \u00e0 ranger les deux chapitres !<\/strong><\/p>\n<p>Insert complet pour les deux premiers chapitres de l&rsquo;Ordre de Veiel r\u00e9alis\u00e9 dans nos locaux en impression 3D couleur Or Soie et vernis satin\u00e9 ou matte.<\/p>\n<p>Permets de stocker l&rsquo;int\u00e9gralit\u00e9 des cartes de taille standard, des cartes monstres et du mat\u00e9riel (d\u00e9s, jetons, porte-carte, cristaux) des deux chapitres avec ou sans prot\u00e8ge-carte dans la bo\u00eete du premier chapitre. Tous les cartons de h\u00e9ros, champs de bataille, plateau, manuel sont \u00e0 stocker dans la bo\u00eete du chapitre 2.<\/p>\n<p>Lien vers les fichiers STL : <a href=\"https:\/\/drive.google.com\/open?id=1Ki-Fcgm-Ti7N5JAdSgswP_gbd2PPKGH3&amp;authuser=alex.rousseau36%40gmail.com&amp;usp=drive_fs\">https:\/\/drive.google.com\/drive\/folders\/1td85uxjh6ywipo_Veh0WWPMuzyalL6rq?usp=sharing<\/a><\/p>\n<p><strong><em>Pr\u00e9commande possible, les exp\u00e9ditions se feront au fur et \u00e0 mesure de la prod.<\/em><\/strong><\/p>\n<p>*Petit d\u00e9faut d&rsquo;apparence possible d\u00fb \u00e0 la m\u00e9thode de fabrication<\/p>\n<p>&nbsp;<\/p>\n","protected":false},"featured_media":6096,"template":"","meta":{"_et_pb_use_builder":"","_et_pb_old_content":"","_et_gb_content_width":""},"product_brand":[],"product_cat":[100],"product_tag":[101,73],"class_list":{"0":"post-5342","1":"product","2":"type-product","3":"status-publish","4":"has-post-thumbnail","6":"product_cat-acc","7":"product_tag-accessoire","8":"product_tag-produit-derive","9":"product_shipping_class-acc","11":"first","12":"instock","13":"sold-individually","14":"taxable","15":"shipping-taxable","16":"purchasable","17":"product-type-simple"},"_links":{"self":[{"href":"https:\/\/paria-edition.fr\/index.php\/wp-json\/wp\/v2\/product\/5342","targetHints":{"allow":["GET"]}}],"collection":[{"href":"https:\/\/paria-edition.fr\/index.php\/wp-json\/wp\/v2\/product"}],"about":[{"href":"https:\/\/paria-edition.fr\/index.php\/wp-json\/wp\/v2\/types\/product"}],"wp:featuredmedia":[{"embeddable":true,"href":"https:\/\/paria-edition.fr\/index.php\/wp-json\/wp\/v2\/media\/6096"}],"wp:attachment":[{"href":"https:\/\/paria-edition.fr\/index.php\/wp-json\/wp\/v2\/media?parent=5342"}],"wp:term":[{"taxonomy":"product_brand","embeddable":true,"href":"https:\/\/paria-edition.fr\/index.php\/wp-json\/wp\/v2\/product_brand?post=5342"},{"taxonomy":"product_cat","embeddable":true,"href":"https:\/\/paria-edition.fr\/index.php\/wp-json\/wp\/v2\/product_cat?post=5342"},{"taxonomy":"product_tag","embeddable":true,"href":"https:\/\/paria-edition.fr\/index.php\/wp-json\/wp\/v2\/product_tag?post=5342"}],"curies":[{"name":"wp","href":"https:\/\/api.w.org\/{rel}","templated":true}]}}