{"id":5151,"date":"2022-07-26T17:16:11","date_gmt":"2022-07-26T15:16:11","guid":{"rendered":"https:\/\/paria-edition.fr\/?post_type=product&#038;p=5151"},"modified":"2026-04-09T09:36:29","modified_gmt":"2026-04-09T07:36:29","slug":"plateau-de-jeu-pour-lau-dela-bouteille","status":"publish","type":"product","link":"https:\/\/paria-edition.fr\/index.php\/produit\/plateau-de-jeu-pour-lau-dela-bouteille\/","title":{"rendered":"Tapis de jeu pour l&rsquo;au-del\u00e0 bouteille"},"content":{"rendered":"<p>Fabriqu\u00e9e en N\u00e9opr\u00e8ne de haute qualit\u00e9 avec une impression haute d\u00e9finition ne se d\u00e9colore pas et conserve ses couleurs \u00e9clatantes.<\/p>\n<p>Utilis\u00e9 pour faciliter vos parties de l&rsquo;au-del\u00e0 bouteille, il vous permettra d&rsquo;organiser le jeu en proposant tous les emplacements n\u00e9cessaires au bon fonctionnement de vos parties endiabl\u00e9es.<\/p>\n<p>Caract\u00e9ristiques :<\/p>\n<ul>\n<li>N\u00e9opr\u00e8ne<\/li>\n<li>Taille\u00a0 40&#215;80 cm<\/li>\n<li>Epaisseur 5 mm<\/li>\n<li>Couture ext\u00e9rieur pour un renfort maximum<\/li>\n<\/ul>\n<p>&nbsp;<\/p>\n","protected":false},"excerpt":{"rendered":"<p>Fabriqu\u00e9e en N\u00e9opr\u00e8ne de haute qualit\u00e9 avec une impression haute d\u00e9finition ne se d\u00e9colore pas et conserve ses couleurs \u00e9clatantes.<\/p>\n<p>Utilis\u00e9 pour faciliter vos parties de l&rsquo;au-del\u00e0 bouteille, il vous permettra d&rsquo;organiser le jeu en proposant tous les emplacements n\u00e9cessaires au bon fonctionnement de vos parties endiabl\u00e9es.<\/p>\n","protected":false},"featured_media":11136,"template":"","meta":{"_et_pb_use_builder":"","_et_pb_old_content":"","_et_gb_content_width":""},"product_brand":[],"product_cat":[140],"product_tag":[101,73],"class_list":{"0":"post-5151","1":"product","2":"type-product","3":"status-publish","4":"has-post-thumbnail","6":"product_cat-les-autres-jeux","7":"product_tag-accessoire","8":"product_tag-produit-derive","9":"product_shipping_class-acc","11":"first","12":"instock","13":"sale","14":"taxable","15":"shipping-taxable","16":"purchasable","17":"product-type-simple"},"_links":{"self":[{"href":"https:\/\/paria-edition.fr\/index.php\/wp-json\/wp\/v2\/product\/5151","targetHints":{"allow":["GET"]}}],"collection":[{"href":"https:\/\/paria-edition.fr\/index.php\/wp-json\/wp\/v2\/product"}],"about":[{"href":"https:\/\/paria-edition.fr\/index.php\/wp-json\/wp\/v2\/types\/product"}],"wp:featuredmedia":[{"embeddable":true,"href":"https:\/\/paria-edition.fr\/index.php\/wp-json\/wp\/v2\/media\/11136"}],"wp:attachment":[{"href":"https:\/\/paria-edition.fr\/index.php\/wp-json\/wp\/v2\/media?parent=5151"}],"wp:term":[{"taxonomy":"product_brand","embeddable":true,"href":"https:\/\/paria-edition.fr\/index.php\/wp-json\/wp\/v2\/product_brand?post=5151"},{"taxonomy":"product_cat","embeddable":true,"href":"https:\/\/paria-edition.fr\/index.php\/wp-json\/wp\/v2\/product_cat?post=5151"},{"taxonomy":"product_tag","embeddable":true,"href":"https:\/\/paria-edition.fr\/index.php\/wp-json\/wp\/v2\/product_tag?post=5151"}],"curies":[{"name":"wp","href":"https:\/\/api.w.org\/{rel}","templated":true}]}}