{"id":4838,"date":"2022-01-31T15:45:37","date_gmt":"2022-01-31T14:45:37","guid":{"rendered":"https:\/\/paria-edition.fr\/?post_type=product&#038;p=4838"},"modified":"2026-04-09T09:36:29","modified_gmt":"2026-04-09T07:36:29","slug":"lau-dela-bouteille","status":"publish","type":"product","link":"https:\/\/paria-edition.fr\/index.php\/produit\/lau-dela-bouteille\/","title":{"rendered":"L&rsquo;Au-del\u00e0 Bouteille"},"content":{"rendered":"<h2>But du jeu<\/h2>\n<p>Vous \u00eates morts et c&rsquo;est pas de chance ! Mais ce qui est pire, c&rsquo;est de devoir faire la queue pendant 423 673 417 998 minutes avant de pouvoir passer dans l&rsquo;a\u00f9-del\u00e0. Vous prenez donc la d\u00e9cision de devenir passeur d&rsquo;\u00e2mes int\u00e9rimaire.<\/p>\n<p>Votre boulot :<\/p>\n<p>arpenter le tunnel, les limbes et le purgatoire afin de trouver les \u00e2mes errantes. Prenez gardes aux \u00e9v\u00e9nements et aux cr\u00e9atures de ces lieux en perdition.<\/p>\n<p>Coop\u00e9rez pour d\u00e9jouer les emb\u00fbches mais attention un seul d&rsquo;entre vous remportera le passe premium coupe-file lui donnant acc\u00e8s \u00e0 l&rsquo;au-del\u00e0.<\/p>\n<p>Pour les autres, c&rsquo;est retour dans la fil d&rsquo;attente.<\/p>\n<h2>Description<\/h2>\n<p class=\"p1\">Jeux de cartes semi-coop\u00e9ratif pour 3 \u00e0 6 joueurs pour une dur\u00e9e moyenne de 60 minutes, l&rsquo;Au-del\u00e0 bouteille vous propulse dans une aventure fantasme, dans un d\u00e9rouler chaotique o\u00f9 nombreux \u00e9v\u00e8nements, et montres vous barrera la route.<\/p>\n<p class=\"p1\">Dans cet univers biblique, allez secourir les \u00e2mes errantes, qui se sont perdues le long d&rsquo;une file d&rsquo;attente interminable pour le paradis, \u00e0 travers le tunnel, les limbes, et le purgatoire.<\/p>\n<p class=\"p1\">Construisez ensemble les \u00e9preuves, affrontez-les en \u00e9quipe, et partagez-vous les butins, mais un seul pourra avoir acc\u00e8s au paradis !<\/p>\n<p align=\"justify\">Pour regardez les vid\u00e9os de r\u00e8gles ici :\u00a0<a href=\"https:\/\/youtu.be\/f6K75gXIcPg\">c&rsquo;est par ici<\/a><\/p>\n<p align=\"justify\">Pour plus d&rsquo;informations, <a href=\"https:\/\/paria-edition.fr\/index.php\/lau-dela-bouteille\/\">cliquez ici<\/a>.<\/p>\n<p>&nbsp;<\/p>\n<p>A noter, les informations sur le contenu de la bo\u00eete et leurs visuels sont susceptibles de changer l\u00e9g\u00e8rement.<\/p>\n<p><strong>Contenu de la bo\u00eete<\/strong><\/p>\n<ul>\n<li>254 cartes au format poker dont :\n<ul>\n<li>34 bouteilles d&rsquo;eau<\/li>\n<li>26 coeurs<\/li>\n<li>18 sels<\/li>\n<li>14 d\u00e9s<\/li>\n<li>44 monstres<\/li>\n<li>37 \u00e9v\u00e9nements<\/li>\n<li>44 \u00e2mes errantes<\/li>\n<li>15 personnages<\/li>\n<li>15 plaques fun\u00e9raire<\/li>\n<li>6 aides de jeu<\/li>\n<li>1 joueur actif<\/li>\n<\/ul>\n<\/li>\n<\/ul>\n<ul>\n<li>1 livret de r\u00e8gles<\/li>\n<li>6 d\u00e9s rouge et 1 d\u00e9 noir<\/li>\n<\/ul>\n<p><strong>Manuel disponible en cliquant <a href=\"https:\/\/paria-edition.fr\/wp-content\/uploads\/2022\/07\/ADB_manuel.pdf\" target=\"_blank\" rel=\"noopener noreferrer\">ici<\/a>.<\/strong><\/p>\n","protected":false},"excerpt":{"rendered":"<p>Jeux de cartes semi-coop\u00e9ratifs pour 3 \u00e0 6 joueurs avec une dur\u00e9e moyenne de 60 minutes, l&rsquo;Au-del\u00e0 bouteille vous propulse dans une aventure d\u00e9cal\u00e9e au d\u00e9roul\u00e9 chaotique.<\/p>\n<p>Dans cet univers biblique, secourez les \u00e2mes errantes qui se sont \u00e9gar\u00e9es au travers du tunnel, des limbes, et du purgatoire en repoussant les assauts des monstres arpentant ces terres d\u00e9sol\u00e9es.<\/p>\n<p>Construisez ensemble les \u00e9preuves, affrontez-les en \u00e9quipe, et partagez-vous le butin, mais gardez bien en t\u00eate qu&rsquo;un seul d&rsquo;entre vous pourra avoir acc\u00e8s au paradis !<\/p>\n<p align=\"justify\">Pour regardez les vid\u00e9os de r\u00e8gles ici :\u00a0<a href=\"https:\/\/youtu.be\/f6K75gXIcPg\">c&rsquo;est par ici<\/a><\/p>\n<p align=\"justify\">Pour plus d&rsquo;informations, <a href=\"https:\/\/paria-edition.fr\/index.php\/lau-dela-bouteille\/\">cliquez ici<\/a>.<\/p>\n","protected":false},"featured_media":11131,"template":"","meta":{"_et_pb_use_builder":"","_et_pb_old_content":"","_et_gb_content_width":""},"product_brand":[],"product_cat":[140],"product_tag":[56,74,72],"class_list":{"0":"post-4838","1":"product","2":"type-product","3":"status-publish","4":"has-post-thumbnail","6":"product_cat-les-autres-jeux","7":"product_tag-fantasy","8":"product_tag-jeu-de-carte","9":"product_tag-semi-cooperatif","10":"product_shipping_class-boite-petit-format","12":"first","13":"instock","14":"sale","15":"taxable","16":"shipping-taxable","17":"purchasable","18":"product-type-simple"},"_links":{"self":[{"href":"https:\/\/paria-edition.fr\/index.php\/wp-json\/wp\/v2\/product\/4838","targetHints":{"allow":["GET"]}}],"collection":[{"href":"https:\/\/paria-edition.fr\/index.php\/wp-json\/wp\/v2\/product"}],"about":[{"href":"https:\/\/paria-edition.fr\/index.php\/wp-json\/wp\/v2\/types\/product"}],"wp:featuredmedia":[{"embeddable":true,"href":"https:\/\/paria-edition.fr\/index.php\/wp-json\/wp\/v2\/media\/11131"}],"wp:attachment":[{"href":"https:\/\/paria-edition.fr\/index.php\/wp-json\/wp\/v2\/media?parent=4838"}],"wp:term":[{"taxonomy":"product_brand","embeddable":true,"href":"https:\/\/paria-edition.fr\/index.php\/wp-json\/wp\/v2\/product_brand?post=4838"},{"taxonomy":"product_cat","embeddable":true,"href":"https:\/\/paria-edition.fr\/index.php\/wp-json\/wp\/v2\/product_cat?post=4838"},{"taxonomy":"product_tag","embeddable":true,"href":"https:\/\/paria-edition.fr\/index.php\/wp-json\/wp\/v2\/product_tag?post=4838"}],"curies":[{"name":"wp","href":"https:\/\/api.w.org\/{rel}","templated":true}]}}