{"id":12046,"date":"2026-02-17T16:10:06","date_gmt":"2026-02-17T15:10:06","guid":{"rendered":"https:\/\/paria-edition.fr\/?post_type=product&#038;p=12046"},"modified":"2026-02-17T16:37:43","modified_gmt":"2026-02-17T15:37:43","slug":"produits-divers-odv-ch-1-et-ch-2-au-choix","status":"publish","type":"product","link":"https:\/\/paria-edition.fr\/index.php\/produit\/produits-divers-odv-ch-1-et-ch-2-au-choix\/","title":{"rendered":"Produits divers ODV : Ch 1 et Ch 2 au choix"},"content":{"rendered":"","protected":false},"excerpt":{"rendered":"<p>Produit issu d\u2019une bo\u00eete ouverte (SAV \/ remplacement \/ etc.).<br \/>\nMerci de rester logique dans vos demandes &#x1f604; (inutile de demander 500 paquets de cartes).<\/p>\n<p>Je n\u2019ai pas de suivi de stock pr\u00e9cis : il est donc possible que certains articles ne puissent plus \u00eatre honor\u00e9s si tout est d\u00e9j\u00e0 parti.<br \/>\nJe ferai au mieux, et je retirerai les produits au fur et \u00e0 mesure pour \u00e9viter ce genre de situation.<\/p>\n","protected":false},"featured_media":12062,"template":"","meta":{"_et_pb_use_builder":"","_et_pb_old_content":"","_et_gb_content_width":""},"product_brand":[],"product_cat":[49,15],"product_tag":[],"class_list":{"0":"post-12046","1":"product","2":"type-product","3":"status-publish","4":"has-post-thumbnail","6":"product_cat-bdj","7":"product_cat-non-classe","9":"first","10":"instock","11":"taxable","12":"shipping-taxable","13":"purchasable","14":"product-type-variable"},"_links":{"self":[{"href":"https:\/\/paria-edition.fr\/index.php\/wp-json\/wp\/v2\/product\/12046","targetHints":{"allow":["GET"]}}],"collection":[{"href":"https:\/\/paria-edition.fr\/index.php\/wp-json\/wp\/v2\/product"}],"about":[{"href":"https:\/\/paria-edition.fr\/index.php\/wp-json\/wp\/v2\/types\/product"}],"wp:featuredmedia":[{"embeddable":true,"href":"https:\/\/paria-edition.fr\/index.php\/wp-json\/wp\/v2\/media\/12062"}],"wp:attachment":[{"href":"https:\/\/paria-edition.fr\/index.php\/wp-json\/wp\/v2\/media?parent=12046"}],"wp:term":[{"taxonomy":"product_brand","embeddable":true,"href":"https:\/\/paria-edition.fr\/index.php\/wp-json\/wp\/v2\/product_brand?post=12046"},{"taxonomy":"product_cat","embeddable":true,"href":"https:\/\/paria-edition.fr\/index.php\/wp-json\/wp\/v2\/product_cat?post=12046"},{"taxonomy":"product_tag","embeddable":true,"href":"https:\/\/paria-edition.fr\/index.php\/wp-json\/wp\/v2\/product_tag?post=12046"}],"curies":[{"name":"wp","href":"https:\/\/api.w.org\/{rel}","templated":true}]}}