{"id":11890,"date":"2026-01-15T12:35:39","date_gmt":"2026-01-15T11:35:39","guid":{"rendered":"https:\/\/paria-edition.fr\/?post_type=product&#038;p=11890"},"modified":"2026-04-07T00:17:26","modified_gmt":"2026-04-06T22:17:26","slug":"lot-quatre-premiere-extensions-lordre-de-veiel-deck-building-tactique","status":"publish","type":"product","link":"https:\/\/paria-edition.fr\/index.php\/produit\/lot-quatre-premiere-extensions-lordre-de-veiel-deck-building-tactique\/","title":{"rendered":"Lot des extensions 1 \u00e0 4 pour L&rsquo;Ordre de Veiel : Deck building tactique"},"content":{"rendered":"<p>Lot des quatre premi\u00e8res extensions pour L\u2019Ordre de Veiel : deck-building tactique.<\/p>\n<p>Comprend :<\/p>\n<p>Extension 1 : Les membres de l\u2019Ordre<\/p>\n<p>Extension 2 : Les arts interdits<\/p>\n<p>Extension 3 : Les Corrompus<\/p>\n<p>Extension 4 : Divine Corruption<\/p>\n<p>Soit un total de 18 h\u00e9ros suppl\u00e9mentaires, 8 boss suppl\u00e9mentaires avec leurs decks d\u2019actions, 20 ennemis, plus d\u2019une centaine de r\u00e9compenses, des champs de bataille et de nouvelles m\u00e9caniques.<\/p>\n<p>Le jeu de base est n\u00e9cessaire pour utiliser ces extensions.<\/p>\n","protected":false},"excerpt":{"rendered":"<p>Lot des quatre premi\u00e8res extensions pour L\u2019Ordre de Veiel : deck-building tactique.<\/p>\n<p>Comprend :<\/p>\n<p>Extension 1 : Les membres de l\u2019Ordre<\/p>\n<p>Extension 2 : Les arts interdits<\/p>\n<p>Extension 3 : Les Corrompus<\/p>\n<p>Extension 4 : Divine Corruption<\/p>\n<p>Soit un total de 18 h\u00e9ros suppl\u00e9mentaires, 8 boss suppl\u00e9mentaires avec leurs decks d\u2019actions, 20 ennemis, plus d\u2019une centaine de r\u00e9compenses, des champs de bataille et de nouvelles m\u00e9caniques.<\/p>\n<p>Le jeu de base est n\u00e9cessaire pour utiliser ces extensions.<\/p>\n","protected":false},"featured_media":11892,"template":"","meta":{"_et_pb_use_builder":"","_et_pb_old_content":"","_et_gb_content_width":""},"product_brand":[],"product_cat":[139],"product_tag":[59,57,60,56,58],"class_list":{"0":"post-11890","1":"product","2":"type-product","3":"status-publish","4":"has-post-thumbnail","6":"product_cat-ordre-de-veiel-deckbuilding-tactique","7":"product_tag-asymetrique","8":"product_tag-cooperation","9":"product_tag-entraide","10":"product_tag-fantasy","11":"product_tag-modublable","12":"product_shipping_class-boite-odv-standard","14":"first","15":"instock","16":"sale","17":"featured","18":"taxable","19":"purchasable","20":"product-type-woosb"},"_links":{"self":[{"href":"https:\/\/paria-edition.fr\/index.php\/wp-json\/wp\/v2\/product\/11890","targetHints":{"allow":["GET"]}}],"collection":[{"href":"https:\/\/paria-edition.fr\/index.php\/wp-json\/wp\/v2\/product"}],"about":[{"href":"https:\/\/paria-edition.fr\/index.php\/wp-json\/wp\/v2\/types\/product"}],"wp:featuredmedia":[{"embeddable":true,"href":"https:\/\/paria-edition.fr\/index.php\/wp-json\/wp\/v2\/media\/11892"}],"wp:attachment":[{"href":"https:\/\/paria-edition.fr\/index.php\/wp-json\/wp\/v2\/media?parent=11890"}],"wp:term":[{"taxonomy":"product_brand","embeddable":true,"href":"https:\/\/paria-edition.fr\/index.php\/wp-json\/wp\/v2\/product_brand?post=11890"},{"taxonomy":"product_cat","embeddable":true,"href":"https:\/\/paria-edition.fr\/index.php\/wp-json\/wp\/v2\/product_cat?post=11890"},{"taxonomy":"product_tag","embeddable":true,"href":"https:\/\/paria-edition.fr\/index.php\/wp-json\/wp\/v2\/product_tag?post=11890"}],"curies":[{"name":"wp","href":"https:\/\/api.w.org\/{rel}","templated":true}]}}