{"id":9800,"date":"2025-07-03T19:22:03","date_gmt":"2025-07-03T17:22:03","guid":{"rendered":"https:\/\/paria-edition.fr\/?page_id=9800"},"modified":"2025-07-05T11:00:55","modified_gmt":"2025-07-05T09:00:55","slug":"_dc_jeu-2","status":"publish","type":"page","link":"https:\/\/paria-edition.fr\/index.php\/_dc_jeu-2\/","title":{"rendered":"_ADB_Jeu"},"content":{"rendered":"<p>[et_pb_section fb_built=\u00a0\u00bb1&Prime; admin_label=\u00a0\u00bbHeader\u00a0\u00bb _builder_version=\u00a0\u00bb4.27.4&Prime; background_color=\u00a0\u00bb#080b13&Prime; use_background_color_gradient=\u00a0\u00bbon\u00a0\u00bb background_color_gradient_stops=\u00a0\u00bbrgba(8,11,19,0.21) 0%|#080b13 89%\u00a0\u00bb background_color_gradient_overlays_image=\u00a0\u00bbon\u00a0\u00bb background_color_gradient_start=\u00a0\u00bbrgba(8,11,19,0.21)\u00a0\u00bb background_color_gradient_end=\u00a0\u00bb#080b13&Prime; background_color_gradient_end_position=\u00a0\u00bb89%\u00a0\u00bb background_image=\u00a0\u00bbhttps:\/\/paria-edition.fr\/wp-content\/uploads\/2025\/07\/ADB.jpg\u00a0\u00bb background_size=\u00a0\u00bbcontain\u00a0\u00bb background_position=\u00a0\u00bbtop_center\u00a0\u00bb custom_padding=\u00a0\u00bb15vw||5vw||false|false\u00a0\u00bb locked=\u00a0\u00bboff\u00a0\u00bb global_colors_info=\u00a0\u00bb{}\u00a0\u00bb][et_pb_row _builder_version=\u00a0\u00bb4.16&Prime; global_colors_info=\u00a0\u00bb{}\u00a0\u00bb][et_pb_column type=\u00a0\u00bb4_4&Prime; _builder_version=\u00a0\u00bb4.16&Prime; global_colors_info=\u00a0\u00bb{}\u00a0\u00bb][et_pb_text _builder_version=\u00a0\u00bb4.27.4&Prime; header_font=\u00a0\u00bbYeseva One||||||||\u00a0\u00bb header_text_color=\u00a0\u00bb#ffffff\u00a0\u00bb header_font_size=\u00a0\u00bb64px\u00a0\u00bb header_line_height=\u00a0\u00bb1.3em\u00a0\u00bb header_2_font=\u00a0\u00bbKarla|700||on|||||\u00a0\u00bb header_2_text_color=\u00a0\u00bb#FFFFFF\u00a0\u00bb header_2_font_size=\u00a0\u00bb12px\u00a0\u00bb header_2_letter_spacing=\u00a0\u00bb4px\u00a0\u00bb header_2_line_height=\u00a0\u00bb1.8em\u00a0\u00bb text_orientation=\u00a0\u00bbcenter\u00a0\u00bb custom_margin=\u00a0\u00bb||10px||false|false\u00a0\u00bb header_font_size_tablet=\u00a0\u00bb44px\u00a0\u00bb header_font_size_phone=\u00a0\u00bb20px\u00a0\u00bb header_font_size_last_edited=\u00a0\u00bbon|phone\u00a0\u00bb global_colors_info=\u00a0\u00bb{}\u00a0\u00bb]<\/p>\n<h2>Semi-coop\u00e9ratif \/ taquinerie \/ 3-6 joueurs<\/h2>\n<h1><span>L&rsquo;Au-del\u00e0 bouteille<\/span><\/h1>\n<p>[\/et_pb_text][et_pb_button button_url=\u00a0\u00bbhttps:\/\/paria-edition.fr\/index.php\/categorie-produit\/les-autres-jeux\/\u00a0\u00bb button_text=\u00a0\u00bbVoir dans la boutique\u00a0\u00bb button_alignment=\u00a0\u00bbcenter\u00a0\u00bb _builder_version=\u00a0\u00bb4.27.4&Prime; custom_button=\u00a0\u00bbon\u00a0\u00bb button_text_size=\u00a0\u00bb15px\u00a0\u00bb button_text_color=\u00a0\u00bb#DCD3ED\u00a0\u00bb button_border_width=\u00a0\u00bb1px\u00a0\u00bb button_border_color=\u00a0\u00bb#DCD3ED\u00a0\u00bb button_border_radius=\u00a0\u00bb0px\u00a0\u00bb button_font=\u00a0\u00bbKarla|700||on|||||\u00a0\u00bb custom_padding=\u00a0\u00bb15px|40px|15px|40px|true|true\u00a0\u00bb box_shadow_style=\u00a0\u00bbpreset6&Prime; box_shadow_color=\u00a0\u00bbrgba(220,211,237,0.5)\u00a0\u00bb locked=\u00a0\u00bboff\u00a0\u00bb global_colors_info=\u00a0\u00bb{}\u00a0\u00bb][\/et_pb_button][\/et_pb_column][\/et_pb_row][\/et_pb_section][et_pb_section fb_built=\u00a0\u00bb1&Prime; admin_label=\u00a0\u00bbAbout\u00a0\u00bb _builder_version=\u00a0\u00bb4.16&Prime; _module_preset=\u00a0\u00bbdefault\u00a0\u00bb background_color=\u00a0\u00bb#080b13&Prime; custom_padding=\u00a0\u00bb0vw||5vw||false|false\u00a0\u00bb global_colors_info=\u00a0\u00bb{}\u00a0\u00bb][et_pb_row _builder_version=\u00a0\u00bb4.27.4&Prime; _module_preset=\u00a0\u00bbdefault\u00a0\u00bb custom_margin=\u00a0\u00bb||5vw||false|false\u00a0\u00bb custom_margin_tablet=\u00a0\u00bb\u00a0\u00bb custom_margin_phone=\u00a0\u00bb\u00a0\u00bb custom_margin_last_edited=\u00a0\u00bbon|tablet\u00a0\u00bb global_colors_info=\u00a0\u00bb{}\u00a0\u00bb][et_pb_column type=\u00a0\u00bb4_4&Prime; _builder_version=\u00a0\u00bb4.27.4&Prime; _module_preset=\u00a0\u00bbdefault\u00a0\u00bb global_colors_info=\u00a0\u00bb{}\u00a0\u00bb][et_pb_text _builder_version=\u00a0\u00bb4.27.4&Prime; _module_preset=\u00a0\u00bbdefault\u00a0\u00bb header_2_font=\u00a0\u00bbKarla|700||on|||||\u00a0\u00bb header_2_text_color=\u00a0\u00bb#B59AED\u00a0\u00bb header_2_font_size=\u00a0\u00bb14px\u00a0\u00bb header_2_letter_spacing=\u00a0\u00bb4px\u00a0\u00bb text_orientation=\u00a0\u00bbcenter\u00a0\u00bb global_colors_info=\u00a0\u00bb{}\u00a0\u00bb]<\/p>\n<h2>En r\u00e9sum\u00e9<\/h2>\n<p>[\/et_pb_text][et_pb_text _builder_version=\u00a0\u00bb4.27.4&Prime; text_font=\u00a0\u00bbYeseva One||||||||\u00a0\u00bb text_font_size=\u00a0\u00bb24px\u00a0\u00bb text_line_height=\u00a0\u00bb1.3em\u00a0\u00bb text_orientation=\u00a0\u00bbcenter\u00a0\u00bb background_layout=\u00a0\u00bbdark\u00a0\u00bb max_width=\u00a0\u00bb800px\u00a0\u00bb module_alignment=\u00a0\u00bbcenter\u00a0\u00bb custom_margin=\u00a0\u00bb|0px|||false|false\u00a0\u00bb text_font_size_tablet=\u00a0\u00bb\u00a0\u00bb text_font_size_phone=\u00a0\u00bb18px\u00a0\u00bb text_font_size_last_edited=\u00a0\u00bbon|phone\u00a0\u00bb locked=\u00a0\u00bboff\u00a0\u00bb global_colors_info=\u00a0\u00bb{}\u00a0\u00bb]<\/p>\n<div class=\"divColorChange div1\">\n<div class=\"divColorChange div1\">\n<p data-start=\"42\" data-end=\"84\"><strong data-start=\"42\" data-end=\"84\">Vous \u00eates mort et c\u2019est pas de chance.<\/strong><\/p>\n<p data-start=\"86\" data-end=\"214\">Mais ce qui est pire, c\u2019est de devoir faire la queue pendant <strong data-start=\"147\" data-end=\"174\">423 673 417 998 minutes<\/strong> avant de pouvoir passer dans l\u2019au-del\u00e0.<\/p>\n<p data-start=\"216\" data-end=\"282\">Vous prenez donc la d\u00e9cision de devenir passeur d\u2019\u00e2mes en int\u00e9rim.<\/p>\n<p data-start=\"284\" data-end=\"461\"><strong data-start=\"284\" data-end=\"302\">Votre boulot :<\/strong><br data-start=\"302\" data-end=\"305\" \/>arpenter le tunnel, les limbes et le purgatoire afin de trouver les \u00e2mes errantes.<br data-start=\"387\" data-end=\"390\" \/>Prenez garde aux \u00e9v\u00e9nements et aux cr\u00e9atures de ces lieux en perdition.<\/p>\n<p data-start=\"463\" data-end=\"608\">Coop\u00e9rez pour d\u00e9jouer les emb\u00fbches mais attention, un seul d\u2019entre vous remportera le <strong data-start=\"549\" data-end=\"577\">passe premium coupe-file<\/strong> lui donnant acc\u00e8s \u00e0 l\u2019au-del\u00e0.<\/p>\n<p data-start=\"610\" data-end=\"666\">Pour les autres,<br data-start=\"626\" data-end=\"629\" \/>c\u2019est retour dans la file d\u2019attente !<\/p>\n<\/div>\n<\/div>\n<p>[\/et_pb_text][\/et_pb_column][\/et_pb_row][et_pb_row column_structure=\u00a0\u00bb1_4,1_4,1_4,1_4&Prime; _builder_version=\u00a0\u00bb4.27.4&Prime; _module_preset=\u00a0\u00bbdefault\u00a0\u00bb custom_margin=\u00a0\u00bb||5vw||false|false\u00a0\u00bb global_colors_info=\u00a0\u00bb{}\u00a0\u00bb][et_pb_column type=\u00a0\u00bb1_4&Prime; _builder_version=\u00a0\u00bb4.16&Prime; _module_preset=\u00a0\u00bbdefault\u00a0\u00bb global_colors_info=\u00a0\u00bb{}\u00a0\u00bb][et_pb_blurb title=\u00a0\u00bbLe bourgeois\u00a0\u00bb image=\u00a0\u00bbhttps:\/\/paria-edition.fr\/wp-content\/uploads\/2025\/07\/Bourgeois-min.png\u00a0\u00bb image_icon_width_tablet=\u00a0\u00bb80%\u00a0\u00bb image_icon_width_phone=\u00a0\u00bb80%\u00a0\u00bb image_icon_width_last_edited=\u00a0\u00bbon|tablet\u00a0\u00bb _builder_version=\u00a0\u00bb4.27.4&Prime; _module_preset=\u00a0\u00bbdefault\u00a0\u00bb header_font=\u00a0\u00bbYeseva One||||||||\u00a0\u00bb header_text_align=\u00a0\u00bbcenter\u00a0\u00bb header_font_size=\u00a0\u00bb24px\u00a0\u00bb header_line_height=\u00a0\u00bb1.4em\u00a0\u00bb background_layout=\u00a0\u00bbdark\u00a0\u00bb header_font_size_tablet=\u00a0\u00bb\u00a0\u00bb header_font_size_phone=\u00a0\u00bb18px\u00a0\u00bb header_font_size_last_edited=\u00a0\u00bbon|phone\u00a0\u00bb image_max_width_tablet=\u00a0\u00bb80%\u00a0\u00bb image_max_width_phone=\u00a0\u00bb\u00a0\u00bb image_max_width_last_edited=\u00a0\u00bbon|tablet\u00a0\u00bb global_colors_info=\u00a0\u00bb{}\u00a0\u00bb][\/et_pb_blurb][\/et_pb_column][et_pb_column type=\u00a0\u00bb1_4&Prime; _builder_version=\u00a0\u00bb4.27.4&Prime; _module_preset=\u00a0\u00bbdefault\u00a0\u00bb global_colors_info=\u00a0\u00bb{}\u00a0\u00bb][et_pb_blurb title=\u00a0\u00bbLe bug\u00a0\u00bb image=\u00a0\u00bbhttps:\/\/paria-edition.fr\/wp-content\/uploads\/2025\/07\/Bug-min.png\u00a0\u00bb image_icon_width=\u00a0\u00bb100%\u00a0\u00bb image_icon_width_tablet=\u00a0\u00bb80%\u00a0\u00bb image_icon_width_phone=\u00a0\u00bb80%\u00a0\u00bb image_icon_width_last_edited=\u00a0\u00bbon|tablet\u00a0\u00bb _builder_version=\u00a0\u00bb4.27.4&Prime; _module_preset=\u00a0\u00bbdefault\u00a0\u00bb header_font=\u00a0\u00bbYeseva One||||||||\u00a0\u00bb header_text_align=\u00a0\u00bbcenter\u00a0\u00bb header_font_size=\u00a0\u00bb24px\u00a0\u00bb header_line_height=\u00a0\u00bb1.4em\u00a0\u00bb background_layout=\u00a0\u00bbdark\u00a0\u00bb header_font_size_tablet=\u00a0\u00bb\u00a0\u00bb header_font_size_phone=\u00a0\u00bb18px\u00a0\u00bb header_font_size_last_edited=\u00a0\u00bbon|phone\u00a0\u00bb image_max_width_tablet=\u00a0\u00bb80%\u00a0\u00bb image_max_width_phone=\u00a0\u00bb\u00a0\u00bb image_max_width_last_edited=\u00a0\u00bbon|tablet\u00a0\u00bb global_colors_info=\u00a0\u00bb{}\u00a0\u00bb][\/et_pb_blurb][\/et_pb_column][et_pb_column type=\u00a0\u00bb1_4&Prime; _builder_version=\u00a0\u00bb4.16&Prime; _module_preset=\u00a0\u00bbdefault\u00a0\u00bb global_colors_info=\u00a0\u00bb{}\u00a0\u00bb][et_pb_blurb title=\u00a0\u00bbLe cuisinier\u00a0\u00bb image=\u00a0\u00bbhttps:\/\/paria-edition.fr\/wp-content\/uploads\/2025\/07\/Cuisinier-min.png\u00a0\u00bb image_icon_width_tablet=\u00a0\u00bb80%\u00a0\u00bb image_icon_width_phone=\u00a0\u00bb80%\u00a0\u00bb image_icon_width_last_edited=\u00a0\u00bbon|tablet\u00a0\u00bb _builder_version=\u00a0\u00bb4.27.4&Prime; _module_preset=\u00a0\u00bbdefault\u00a0\u00bb header_font=\u00a0\u00bbYeseva One||||||||\u00a0\u00bb header_text_align=\u00a0\u00bbcenter\u00a0\u00bb header_font_size=\u00a0\u00bb24px\u00a0\u00bb header_line_height=\u00a0\u00bb1.4em\u00a0\u00bb background_layout=\u00a0\u00bbdark\u00a0\u00bb header_font_size_tablet=\u00a0\u00bb\u00a0\u00bb header_font_size_phone=\u00a0\u00bb18px\u00a0\u00bb header_font_size_last_edited=\u00a0\u00bbon|phone\u00a0\u00bb image_max_width_tablet=\u00a0\u00bb80%\u00a0\u00bb image_max_width_phone=\u00a0\u00bb\u00a0\u00bb image_max_width_last_edited=\u00a0\u00bbon|tablet\u00a0\u00bb locked=\u00a0\u00bboff\u00a0\u00bb global_colors_info=\u00a0\u00bb{}\u00a0\u00bb][\/et_pb_blurb][\/et_pb_column][et_pb_column type=\u00a0\u00bb1_4&Prime; _builder_version=\u00a0\u00bb4.27.4&Prime; _module_preset=\u00a0\u00bbdefault\u00a0\u00bb global_colors_info=\u00a0\u00bb{}\u00a0\u00bb][et_pb_blurb title=\u00a0\u00bbLe martyr\u00a0\u00bb image=\u00a0\u00bbhttps:\/\/paria-edition.fr\/wp-content\/uploads\/2025\/07\/Martyr-min.png\u00a0\u00bb image_icon_width_tablet=\u00a0\u00bb80%\u00a0\u00bb image_icon_width_phone=\u00a0\u00bb80%\u00a0\u00bb image_icon_width_last_edited=\u00a0\u00bbon|tablet\u00a0\u00bb _builder_version=\u00a0\u00bb4.27.4&Prime; _module_preset=\u00a0\u00bbdefault\u00a0\u00bb header_font=\u00a0\u00bbYeseva One||||||||\u00a0\u00bb header_text_align=\u00a0\u00bbcenter\u00a0\u00bb header_font_size=\u00a0\u00bb24px\u00a0\u00bb header_line_height=\u00a0\u00bb1.4em\u00a0\u00bb background_layout=\u00a0\u00bbdark\u00a0\u00bb header_font_size_tablet=\u00a0\u00bb\u00a0\u00bb header_font_size_phone=\u00a0\u00bb18px\u00a0\u00bb header_font_size_last_edited=\u00a0\u00bbon|phone\u00a0\u00bb image_max_width_tablet=\u00a0\u00bb80%\u00a0\u00bb image_max_width_phone=\u00a0\u00bb\u00a0\u00bb image_max_width_last_edited=\u00a0\u00bbon|tablet\u00a0\u00bb locked=\u00a0\u00bboff\u00a0\u00bb global_colors_info=\u00a0\u00bb{}\u00a0\u00bb][\/et_pb_blurb][\/et_pb_column][\/et_pb_row][et_pb_row custom_padding_last_edited=\u00a0\u00bbon|phone\u00a0\u00bb _builder_version=\u00a0\u00bb4.27.4&Prime; _module_preset=\u00a0\u00bbdefault\u00a0\u00bb background_color=\u00a0\u00bb#DCD3ED\u00a0\u00bb custom_padding=\u00a0\u00bb60px|40px|60px|40px|true|true\u00a0\u00bb custom_padding_tablet=\u00a0\u00bb|30px||30px|true|true\u00a0\u00bb custom_padding_phone=\u00a0\u00bb|20px||20px|true|true\u00a0\u00bb global_colors_info=\u00a0\u00bb{}\u00a0\u00bb][et_pb_column type=\u00a0\u00bb4_4&Prime; _builder_version=\u00a0\u00bb4.27.4&Prime; _module_preset=\u00a0\u00bbdefault\u00a0\u00bb global_colors_info=\u00a0\u00bb{}\u00a0\u00bb][et_pb_slider show_pagination=\u00a0\u00bboff\u00a0\u00bb _builder_version=\u00a0\u00bb4.27.4&Prime; _module_preset=\u00a0\u00bbdefault\u00a0\u00bb background_color=\u00a0\u00bbRGBA(255,255,255,0)\u00a0\u00bb custom_margin=\u00a0\u00bb||||false|false\u00a0\u00bb global_colors_info=\u00a0\u00bb{}\u00a0\u00bb][et_pb_slide heading=\u00a0\u00bbVous \u00eates morts !\u00a0\u00bb image=\u00a0\u00bbhttps:\/\/paria-edition.fr\/wp-content\/uploads\/2025\/07\/ADB_carte_1.jpg\u00a0\u00bb use_bg_overlay=\u00a0\u00bboff\u00a0\u00bb use_text_overlay=\u00a0\u00bboff\u00a0\u00bb arrows_custom_color=\u00a0\u00bb#413556&Prime; dot_nav_custom_color=\u00a0\u00bb#413556&Prime; _builder_version=\u00a0\u00bb4.27.4&Prime; _module_preset=\u00a0\u00bbdefault\u00a0\u00bb header_level=\u00a0\u00bbh2&Prime; header_font=\u00a0\u00bbKarla||||||||\u00a0\u00bb header_text_color=\u00a0\u00bb#413556&Prime; header_font_size=\u00a0\u00bb28px\u00a0\u00bb body_font=\u00a0\u00bbKarla||||||||\u00a0\u00bb body_text_color=\u00a0\u00bb#413556&Prime; body_font_size=\u00a0\u00bb18px\u00a0\u00bb background_color=\u00a0\u00bbRGBA(255,255,255,0)\u00a0\u00bb background_enable_color=\u00a0\u00bbon\u00a0\u00bb background_layout=\u00a0\u00bblight\u00a0\u00bb global_colors_info=\u00a0\u00bb{}\u00a0\u00bb sticky_transition=\u00a0\u00bbon\u00a0\u00bb]<\/p>\n<p>Eh oui, c\u2019est triste\u2026 mais c\u2019est comme \u00e7a ! Vous \u00eates fra\u00eechement d\u00e9c\u00e9d\u00e9, en route vers le paisible royaume des anges. Malheureusement, comme souvent, <strong data-start=\"308\" data-end=\"340\">l\u2019administration post-mortem<\/strong> laisse \u00e0 d\u00e9sirer : la file d\u2019attente vers l\u2019au-del\u00e0 est <strong data-start=\"397\" data-end=\"413\">interminable<\/strong>\u2026 et pas franchement bien organis\u00e9e. Vous avez comme un flashback du jour o\u00f9 vous avez voulu refaire votre carte d&rsquo;identit\u00e9&#8230;<\/p>\n<p>[\/et_pb_slide][et_pb_slide heading=\u00a0\u00bbMais pas incomp\u00e9tent !\u00a0\u00bb image=\u00a0\u00bbhttps:\/\/paria-edition.fr\/wp-content\/uploads\/2025\/07\/ADB_carte_2.jpg\u00a0\u00bb use_bg_overlay=\u00a0\u00bboff\u00a0\u00bb use_text_overlay=\u00a0\u00bboff\u00a0\u00bb arrows_custom_color=\u00a0\u00bb#413556&Prime; dot_nav_custom_color=\u00a0\u00bb#413556&Prime; _builder_version=\u00a0\u00bb4.27.4&Prime; _module_preset=\u00a0\u00bbdefault\u00a0\u00bb header_level=\u00a0\u00bbh2&Prime; header_font=\u00a0\u00bbKarla||||||||\u00a0\u00bb header_text_color=\u00a0\u00bb#413556&Prime; header_font_size=\u00a0\u00bb28px\u00a0\u00bb body_font=\u00a0\u00bbKarla||||||||\u00a0\u00bb body_text_color=\u00a0\u00bb#413556&Prime; body_font_size=\u00a0\u00bb18px\u00a0\u00bb background_color=\u00a0\u00bbRGBA(255,255,255,0)\u00a0\u00bb background_enable_color=\u00a0\u00bbon\u00a0\u00bb background_layout=\u00a0\u00bblight\u00a0\u00bb global_colors_info=\u00a0\u00bb{}\u00a0\u00bb sticky_transition=\u00a0\u00bbon\u00a0\u00bb]<\/p>\n<p>Vous mettez vos comp\u00e9tences uniques au service d\u2019une cause noble : <strong data-start=\"202\" data-end=\"228\">l\u2019int\u00e9rim de l\u2019au-del\u00e0<\/strong>. En devenant passeur d\u2019\u00e2mes temporaire, vous esp\u00e9rez bien \u00e9viter cette maudite file d\u2019attente. Parce que bon\u2026 <strong data-start=\"339\" data-end=\"366\">423 673 417 998 minutes<\/strong>, \u00e7a commence \u00e0 faire long, m\u00eame pour un mort.<\/p>\n<p>[\/et_pb_slide][et_pb_slide heading=\u00a0\u00bbVotre emploi !\u00a0\u00bb image=\u00a0\u00bbhttps:\/\/paria-edition.fr\/wp-content\/uploads\/2025\/07\/ADB_carte_3.jpg\u00a0\u00bb use_bg_overlay=\u00a0\u00bboff\u00a0\u00bb use_text_overlay=\u00a0\u00bboff\u00a0\u00bb arrows_custom_color=\u00a0\u00bb#413556&Prime; dot_nav_custom_color=\u00a0\u00bb#413556&Prime; _builder_version=\u00a0\u00bb4.27.4&Prime; _module_preset=\u00a0\u00bbdefault\u00a0\u00bb header_level=\u00a0\u00bbh2&Prime; header_font=\u00a0\u00bbKarla||||||||\u00a0\u00bb header_text_color=\u00a0\u00bb#413556&Prime; header_font_size=\u00a0\u00bb28px\u00a0\u00bb body_font=\u00a0\u00bbKarla||||||||\u00a0\u00bb body_text_color=\u00a0\u00bb#413556&Prime; body_font_size=\u00a0\u00bb18px\u00a0\u00bb background_color=\u00a0\u00bbRGBA(255,255,255,0)\u00a0\u00bb background_enable_color=\u00a0\u00bbon\u00a0\u00bb background_layout=\u00a0\u00bblight\u00a0\u00bb custom_padding=\u00a0\u00bb||||false|false\u00a0\u00bb global_colors_info=\u00a0\u00bb{}\u00a0\u00bb sticky_transition=\u00a0\u00bbon\u00a0\u00bb]<\/p>\n<p>Sur le papier, la mission semble simple : <strong data-start=\"190\" data-end=\"244\">parcourir les tunnels, les limbes et le purgatoire<\/strong> \u00e0 la recherche d\u2019\u00e2mes \u00e9gar\u00e9es. Devenues compl\u00e8tement folles \u00e0 force d\u2019attendre, ces pauvres \u00e2mes ont quitt\u00e9 la file. Votre r\u00f4le ? <strong data-start=\"375\" data-end=\"403\">Les ramener \u00e0 leur place<\/strong>. Rien de plus. Rien de moins.<br data-start=\"433\" data-end=\"436\" \/>(Spoiler : c\u2019est plus compliqu\u00e9 que \u00e7a en a l\u2019air.)<\/p>\n<p>[\/et_pb_slide][et_pb_slide heading=\u00a0\u00bbLe jeu de mot\u00a0\u00bb image=\u00a0\u00bbhttps:\/\/paria-edition.fr\/wp-content\/uploads\/2025\/07\/ADB_carte_4.jpg\u00a0\u00bb use_bg_overlay=\u00a0\u00bboff\u00a0\u00bb use_text_overlay=\u00a0\u00bboff\u00a0\u00bb arrows_custom_color=\u00a0\u00bb#413556&Prime; dot_nav_custom_color=\u00a0\u00bb#413556&Prime; _builder_version=\u00a0\u00bb4.27.4&Prime; _module_preset=\u00a0\u00bbdefault\u00a0\u00bb header_level=\u00a0\u00bbh2&Prime; header_font=\u00a0\u00bbKarla||||||||\u00a0\u00bb header_text_color=\u00a0\u00bb#413556&Prime; header_font_size=\u00a0\u00bb28px\u00a0\u00bb body_font=\u00a0\u00bbKarla||||||||\u00a0\u00bb body_text_color=\u00a0\u00bb#413556&Prime; body_font_size=\u00a0\u00bb18px\u00a0\u00bb background_color=\u00a0\u00bbRGBA(255,255,255,0)\u00a0\u00bb background_enable_color=\u00a0\u00bbon\u00a0\u00bb background_layout=\u00a0\u00bblight\u00a0\u00bb global_colors_info=\u00a0\u00bb{}\u00a0\u00bb sticky_transition=\u00a0\u00bbon\u00a0\u00bb]<\/p>\n<p>Vous \u00e9tiez bien trop occup\u00e9 \u00e0 rire de l\u2019incroyable jeu de mots du bureaucrate pour poser les bonnes questions.<br data-start=\"294\" data-end=\"297\" \/><strong data-start=\"297\" data-end=\"334\">L\u2019eau ram\u00e8ne les \u00e2mes errantes ?!<\/strong> Comment ? Pourquoi ? Vous n\u2019en avez aucune id\u00e9e.<br data-start=\"383\" data-end=\"386\" \/>Mais \u201c<strong data-start=\"392\" data-end=\"415\">l\u2019Au\u2011del\u00e0 Bouteille<\/strong>\u201d\u2026 \u00e7a vous fait encore sourire. Et c\u2019est d\u00e9j\u00e0 pas mal, vu la situation.<\/p>\n<p>[\/et_pb_slide][et_pb_slide heading=\u00a0\u00bbLes \u00e9v\u00e9nements\u00a0\u00bb image=\u00a0\u00bbhttps:\/\/paria-edition.fr\/wp-content\/uploads\/2025\/07\/ADB_carte_5.jpg\u00a0\u00bb use_bg_overlay=\u00a0\u00bboff\u00a0\u00bb use_text_overlay=\u00a0\u00bboff\u00a0\u00bb arrows_custom_color=\u00a0\u00bb#413556&Prime; dot_nav_custom_color=\u00a0\u00bb#413556&Prime; _builder_version=\u00a0\u00bb4.27.4&Prime; _module_preset=\u00a0\u00bbdefault\u00a0\u00bb header_level=\u00a0\u00bbh2&Prime; header_font=\u00a0\u00bbKarla||||||||\u00a0\u00bb header_text_color=\u00a0\u00bb#413556&Prime; header_font_size=\u00a0\u00bb28px\u00a0\u00bb body_font=\u00a0\u00bbKarla||||||||\u00a0\u00bb body_text_color=\u00a0\u00bb#413556&Prime; body_font_size=\u00a0\u00bb18px\u00a0\u00bb background_color=\u00a0\u00bbRGBA(255,255,255,0)\u00a0\u00bb background_enable_color=\u00a0\u00bbon\u00a0\u00bb background_layout=\u00a0\u00bblight\u00a0\u00bb global_colors_info=\u00a0\u00bb{}\u00a0\u00bb sticky_transition=\u00a0\u00bbon\u00a0\u00bb]<\/p>\n<p>Une fois sur deux, quand vous ouvrez une porte, <strong data-start=\"189\" data-end=\"228\">quelque chose d\u2019horrible se produit<\/strong>.<br data-start=\"229\" data-end=\"232\" \/>Parfois c\u2019est positif\u2026 mais souvent, c\u2019est douloureux. Et pire encore : <strong data-start=\"304\" data-end=\"342\">parfois, c\u2019est carr\u00e9ment humiliant<\/strong>.<br data-start=\"343\" data-end=\"346\" \/>Certes, vous ne risquez plus grand-chose : vous \u00eates d\u00e9j\u00e0 morts. Mais bon, se faire ressusciter toutes les deux minutes, \u00e7a finit par nuire \u00e0 votre r\u00e9putation.<\/p>\n<p>[\/et_pb_slide][et_pb_slide heading=\u00a0\u00bbLes monstres\u00a0\u00bb image=\u00a0\u00bbhttps:\/\/paria-edition.fr\/wp-content\/uploads\/2025\/07\/ADB_carte_6.jpg\u00a0\u00bb use_bg_overlay=\u00a0\u00bboff\u00a0\u00bb use_text_overlay=\u00a0\u00bboff\u00a0\u00bb arrows_custom_color=\u00a0\u00bb#413556&Prime; dot_nav_custom_color=\u00a0\u00bb#413556&Prime; _builder_version=\u00a0\u00bb4.27.4&Prime; _module_preset=\u00a0\u00bbdefault\u00a0\u00bb header_level=\u00a0\u00bbh2&Prime; header_font=\u00a0\u00bbKarla||||||||\u00a0\u00bb header_text_color=\u00a0\u00bb#413556&Prime; header_font_size=\u00a0\u00bb28px\u00a0\u00bb body_font=\u00a0\u00bbKarla||||||||\u00a0\u00bb body_text_color=\u00a0\u00bb#413556&Prime; body_font_size=\u00a0\u00bb18px\u00a0\u00bb background_color=\u00a0\u00bbRGBA(255,255,255,0)\u00a0\u00bb background_enable_color=\u00a0\u00bbon\u00a0\u00bb background_layout=\u00a0\u00bblight\u00a0\u00bb global_colors_info=\u00a0\u00bb{}\u00a0\u00bb sticky_transition=\u00a0\u00bbon\u00a0\u00bb]<\/p>\n<p>Vous l\u2019admettez : vous vous attendiez \u00e0 un peu de r\u00e9sistance dans cette mission.<br data-start=\"271\" data-end=\"274\" \/>Mais quand vous avez \u00e9cras\u00e9 votre premier serpent sous votre botte, vous vous \u00eates dit : <strong data-start=\"363\" data-end=\"378\">\u00ab Facile. \u00bb<\/strong><br data-start=\"378\" data-end=\"381\" \/>Puis est venu le vampire\u2026 Ses crocs dans votre cou, vous vous \u00eates dit : <strong data-start=\"363\" data-end=\"378\">\u00ab ok, \u00e7a pique, mais \u00e7a passe. \u00bb<\/strong><br data-start=\"435\" data-end=\"438\" \/>Mais l\u00e0\u2026 <strong data-start=\"447\" data-end=\"453\">l\u00e0<\/strong>, vous \u00e9tiez vraiment pas pr\u00eat.<\/p>\n<p>[\/et_pb_slide][et_pb_slide heading=\u00a0\u00bbL&rsquo;arme ultime\u00a0\u00bb image=\u00a0\u00bbhttps:\/\/paria-edition.fr\/wp-content\/uploads\/2025\/07\/ADB_carte_7.jpg\u00a0\u00bb use_bg_overlay=\u00a0\u00bboff\u00a0\u00bb use_text_overlay=\u00a0\u00bboff\u00a0\u00bb arrows_custom_color=\u00a0\u00bb#413556&Prime; dot_nav_custom_color=\u00a0\u00bb#413556&Prime; _builder_version=\u00a0\u00bb4.27.4&Prime; _module_preset=\u00a0\u00bbdefault\u00a0\u00bb header_level=\u00a0\u00bbh2&Prime; header_font=\u00a0\u00bbKarla||||||||\u00a0\u00bb header_text_color=\u00a0\u00bb#413556&Prime; header_font_size=\u00a0\u00bb28px\u00a0\u00bb body_font=\u00a0\u00bbKarla||||||||\u00a0\u00bb body_text_color=\u00a0\u00bb#413556&Prime; body_font_size=\u00a0\u00bb18px\u00a0\u00bb background_color=\u00a0\u00bbRGBA(255,255,255,0)\u00a0\u00bb background_enable_color=\u00a0\u00bbon\u00a0\u00bb background_layout=\u00a0\u00bblight\u00a0\u00bb global_colors_info=\u00a0\u00bb{}\u00a0\u00bb sticky_transition=\u00a0\u00bbon\u00a0\u00bb]<\/p>\n<p>Apr\u00e8s votre <strong data-start=\"194\" data-end=\"220\">septi\u00e8me r\u00e9incarnation<\/strong>, vous avez fini par demander une arme au bureaucrate.<br data-start=\"274\" data-end=\"277\" \/>Par erreur (ou cruaut\u00e9 ?), il vous a tendu\u2026 <strong data-start=\"321\" data-end=\"336\">une sali\u00e8re<\/strong>.<br data-start=\"337\" data-end=\"340\" \/>Trop poli pour contester \u2014 et, pour \u00eatre honn\u00eate, pas encore tout \u00e0 fait remis de votre mort \u2014 vous \u00eates parti au combat avec.<br data-start=\"466\" data-end=\"469\" \/>Et\u2026 <strong data-start=\"473\" data-end=\"504\">\u00e9tonnamment, \u00e7a fonctionne.<\/strong><\/p>\n<p>[\/et_pb_slide][\/et_pb_slider][\/et_pb_column][\/et_pb_row][\/et_pb_section]<\/p>\n","protected":false},"excerpt":{"rendered":"<p>Semi-coop\u00e9ratif \/ taquinerie \/ 3-6 joueurs L&rsquo;Au-del\u00e0 bouteilleEn r\u00e9sum\u00e9 Vous \u00eates mort et c\u2019est pas de chance. Mais ce qui est pire, c\u2019est de devoir faire la queue pendant 423 673 417 998 minutes avant de pouvoir passer dans l\u2019au-del\u00e0. Vous prenez donc la d\u00e9cision de devenir passeur d\u2019\u00e2mes en int\u00e9rim. Votre boulot :arpenter le [&hellip;]<\/p>\n","protected":false},"author":1,"featured_media":0,"parent":0,"menu_order":0,"comment_status":"closed","ping_status":"closed","template":"","meta":{"_et_pb_use_builder":"on","_et_pb_old_content":"","_et_gb_content_width":"","footnotes":""},"class_list":["post-9800","page","type-page","status-publish","hentry"],"_links":{"self":[{"href":"https:\/\/paria-edition.fr\/index.php\/wp-json\/wp\/v2\/pages\/9800","targetHints":{"allow":["GET"]}}],"collection":[{"href":"https:\/\/paria-edition.fr\/index.php\/wp-json\/wp\/v2\/pages"}],"about":[{"href":"https:\/\/paria-edition.fr\/index.php\/wp-json\/wp\/v2\/types\/page"}],"author":[{"embeddable":true,"href":"https:\/\/paria-edition.fr\/index.php\/wp-json\/wp\/v2\/users\/1"}],"replies":[{"embeddable":true,"href":"https:\/\/paria-edition.fr\/index.php\/wp-json\/wp\/v2\/comments?post=9800"}],"version-history":[{"count":7,"href":"https:\/\/paria-edition.fr\/index.php\/wp-json\/wp\/v2\/pages\/9800\/revisions"}],"predecessor-version":[{"id":10198,"href":"https:\/\/paria-edition.fr\/index.php\/wp-json\/wp\/v2\/pages\/9800\/revisions\/10198"}],"wp:attachment":[{"href":"https:\/\/paria-edition.fr\/index.php\/wp-json\/wp\/v2\/media?parent=9800"}],"curies":[{"name":"wp","href":"https:\/\/api.w.org\/{rel}","templated":true}]}}