{"id":9688,"date":"2025-07-03T16:25:43","date_gmt":"2025-07-03T14:25:43","guid":{"rendered":"https:\/\/paria-edition.fr\/?page_id=9688"},"modified":"2025-07-11T11:10:33","modified_gmt":"2025-07-11T09:10:33","slug":"_odv_dbt","status":"publish","type":"page","link":"https:\/\/paria-edition.fr\/index.php\/_odv_dbt\/","title":{"rendered":"_ODV_DBT"},"content":{"rendered":"<p>[et_pb_section fb_built=\u00a0\u00bb1&Prime; admin_label=\u00a0\u00bbAbout\u00a0\u00bb _builder_version=\u00a0\u00bb4.16&Prime; _module_preset=\u00a0\u00bbdefault\u00a0\u00bb background_color=\u00a0\u00bb#080b13&Prime; custom_padding=\u00a0\u00bb5vw||5vw||true|false\u00a0\u00bb global_colors_info=\u00a0\u00bb{}\u00a0\u00bb][et_pb_row _builder_version=\u00a0\u00bb4.16&Prime; global_colors_info=\u00a0\u00bb{}\u00a0\u00bb][et_pb_column type=\u00a0\u00bb4_4&Prime; _builder_version=\u00a0\u00bb4.16&Prime; global_colors_info=\u00a0\u00bb{}\u00a0\u00bb][et_pb_text _builder_version=\u00a0\u00bb4.27.4&Prime; text_text_color=\u00a0\u00bb#FFFFFF\u00a0\u00bb header_font=\u00a0\u00bbYeseva One||||||||\u00a0\u00bb header_text_color=\u00a0\u00bb#ffffff\u00a0\u00bb header_font_size=\u00a0\u00bb64px\u00a0\u00bb header_line_height=\u00a0\u00bb1.3em\u00a0\u00bb header_2_font=\u00a0\u00bbKarla|700||on|||||\u00a0\u00bb header_2_text_color=\u00a0\u00bb#B59AED\u00a0\u00bb header_2_font_size=\u00a0\u00bb12px\u00a0\u00bb header_2_letter_spacing=\u00a0\u00bb4px\u00a0\u00bb header_2_line_height=\u00a0\u00bb1.8em\u00a0\u00bb text_orientation=\u00a0\u00bbcenter\u00a0\u00bb custom_margin=\u00a0\u00bb||10px||false|false\u00a0\u00bb header_font_size_tablet=\u00a0\u00bb44px\u00a0\u00bb header_font_size_phone=\u00a0\u00bb20px\u00a0\u00bb header_font_size_last_edited=\u00a0\u00bbon|phone\u00a0\u00bb global_colors_info=\u00a0\u00bb{}\u00a0\u00bb]<\/p>\n<h2>DECKBUILDING \/ TACTIQUE \/ SOLO &#8211; Coop\u00e9ratif<\/h2>\n<h1>L&rsquo;Ordre de Veiel : Deckbuilding tactique<\/h1>\n<p>[\/et_pb_text][et_pb_text _builder_version=\u00a0\u00bb4.27.4&Prime; text_font=\u00a0\u00bbKarla||||||||\u00a0\u00bb text_text_color=\u00a0\u00bb#FFFFFF\u00a0\u00bb text_font_size=\u00a0\u00bb24px\u00a0\u00bb text_line_height=\u00a0\u00bb1.5em\u00a0\u00bb text_orientation=\u00a0\u00bbcenter\u00a0\u00bb max_width=\u00a0\u00bb860px\u00a0\u00bb module_alignment=\u00a0\u00bbcenter\u00a0\u00bb text_font_size_tablet=\u00a0\u00bb18px\u00a0\u00bb text_font_size_phone=\u00a0\u00bb14px\u00a0\u00bb text_font_size_last_edited=\u00a0\u00bbon|phone\u00a0\u00bb global_colors_info=\u00a0\u00bb{}\u00a0\u00bb]<\/p>\n<p><strong data-start=\"88\" data-end=\"132\">J<\/strong>eu coop\u00e9ratif pour 1 \u00e0 5 joueurs m\u00ealant construction de deck et combat tactique sur plateau. Chaque h\u00e9ros poss\u00e8de ses propres m\u00e9caniques, couleurs et style de jeu. En \u00e9quipe, affrontez vagues d\u2019ennemis, adaptez vos synergies et surmontez des boss redoutables. Une exp\u00e9rience dense, modulable, et enti\u00e8rement rejouable, pens\u00e9e pour les amateurs de strat\u00e9gie et d\u2019optimisation.<\/p>\n<p>[\/et_pb_text][et_pb_button button_url=\u00a0\u00bbhttps:\/\/paria-edition.fr\/index.php\/categorie-produit\/ordre-de-veiel-deckbuilding-tactique\/\u00a0\u00bb button_text=\u00a0\u00bbVoir dans la boutique\u00a0\u00bb button_alignment=\u00a0\u00bbcenter\u00a0\u00bb _builder_version=\u00a0\u00bb4.27.4&Prime; custom_button=\u00a0\u00bbon\u00a0\u00bb button_text_size=\u00a0\u00bb15px\u00a0\u00bb button_text_color=\u00a0\u00bb#B59AED\u00a0\u00bb button_border_width=\u00a0\u00bb1px\u00a0\u00bb button_border_color=\u00a0\u00bb#B59AED\u00a0\u00bb button_border_radius=\u00a0\u00bb0px\u00a0\u00bb button_font=\u00a0\u00bbKarla|700||on|||||\u00a0\u00bb custom_padding=\u00a0\u00bb15px|40px|15px|40px|true|true\u00a0\u00bb box_shadow_style=\u00a0\u00bbpreset6&Prime; box_shadow_color=\u00a0\u00bbrgba(181,154,237,0.5)\u00a0\u00bb locked=\u00a0\u00bboff\u00a0\u00bb global_colors_info=\u00a0\u00bb{}\u00a0\u00bb][\/et_pb_button][\/et_pb_column][\/et_pb_row][et_pb_row _builder_version=\u00a0\u00bb4.27.4&Prime; _module_preset=\u00a0\u00bbdefault\u00a0\u00bb global_colors_info=\u00a0\u00bb{}\u00a0\u00bb][et_pb_column type=\u00a0\u00bb4_4&Prime; _builder_version=\u00a0\u00bb4.27.4&Prime; _module_preset=\u00a0\u00bbdefault\u00a0\u00bb global_colors_info=\u00a0\u00bb{}\u00a0\u00bb][dsm_image_accordion image_accordion_type=\u00a0\u00bbon_click\u00a0\u00bb ia_height=\u00a0\u00bb800px\u00a0\u00bb overlay_color=\u00a0\u00bbRGBA(255,255,255,0)\u00a0\u00bb ia_direction_tablet=\u00a0\u00bb\u00a0\u00bb ia_direction_phone=\u00a0\u00bbvertical\u00a0\u00bb ia_direction_last_edited=\u00a0\u00bbon|desktop\u00a0\u00bb _builder_version=\u00a0\u00bb4.27.4&Prime; _module_preset=\u00a0\u00bbdefault\u00a0\u00bb background_color=\u00a0\u00bbRGBA(255,255,255,0)\u00a0\u00bb hover_enabled=\u00a0\u00bb0&Prime; global_colors_info=\u00a0\u00bb{}\u00a0\u00bb sticky_enabled=\u00a0\u00bb0&Prime;][dsm_image_accordion_child image_accordion_src=\u00a0\u00bbhttps:\/\/paria-edition.fr\/wp-content\/uploads\/2025\/07\/ODV_DBT_JDB.jpg\u00a0\u00bb image_accordion_title=\u00a0\u00bbJeu de base\u00a0\u00bb image_accordion_desc=\u00a0\u00bbAvec plus de 830 cartes et un syst\u00e8me de progression innovant, chaque d\u00e9cision compte : placement, coordination, purification et timing deviennent vos meilleures armes. Pens\u00e9 pour une rejouabilit\u00e9 \u00e9lev\u00e9e, le jeu propose diff\u00e9rents niveaux de difficult\u00e9, des modes de jeu vari\u00e9s et une mont\u00e9e en puissance gratifiante.\u00a0\u00bb ia_button_link=\u00a0\u00bbhttps:\/\/paria-edition.fr\/index.php\/produit\/precommande-lordre-de-veiel-deck-building-tactique\/\u00a0\u00bb _builder_version=\u00a0\u00bb4.27.4&Prime; _module_preset=\u00a0\u00bb0a0ba047-cd92-4e5e-aff0-10c9084c3bdd\u00a0\u00bb global_colors_info=\u00a0\u00bb{}\u00a0\u00bb][\/dsm_image_accordion_child][dsm_image_accordion_child image_accordion_src=\u00a0\u00bbhttps:\/\/paria-edition.fr\/wp-content\/uploads\/2025\/07\/ODV_DBT_EXT_1_72DPI.jpg\u00a0\u00bb image_accordion_title=\u00a0\u00bbExtension 1 : Les membres de l&rsquo;Ordre\u00a0\u00bb image_accordion_desc=\u00a0\u00bbLes Membres de l\u2019Ordre enrichit l&rsquo;exp\u00e9rience avec 6 nouveaux h\u00e9ros, chacun dot\u00e9 de m\u00e9caniques et de styles de jeu uniques, apportant de nouvelles synergies au sein du groupe. En autre, l\u2019extension inclut aussi 2 boss in\u00e9dits, aux sch\u00e9mas d\u2019attaque vari\u00e9s, offrant des d\u00e9fis suppl\u00e9mentaires et renouvelant les affrontements. Id\u00e9ale pour varier les compositions et intensifier vos parties.\u00a0\u00bb ia_button_link=\u00a0\u00bbhttps:\/\/paria-edition.fr\/index.php\/produit\/precommande-extension-les-membres-de-lordre-pour-lordre-de-veiel-deck-building-tactique\/\u00a0\u00bb _builder_version=\u00a0\u00bb4.27.4&Prime; _module_preset=\u00a0\u00bb0a0ba047-cd92-4e5e-aff0-10c9084c3bdd\u00a0\u00bb global_colors_info=\u00a0\u00bb{}\u00a0\u00bb][\/dsm_image_accordion_child][dsm_image_accordion_child image_accordion_src=\u00a0\u00bbhttps:\/\/paria-edition.fr\/wp-content\/uploads\/2025\/07\/ODV_DBT_EXT_2_72DPI.jpg\u00a0\u00bb image_accordion_title=\u00a0\u00bbExtension 2 : Les arts interdits\u00a0\u00bb image_accordion_desc=\u00a0\u00bbLes arts interdits introduit de nouvelles m\u00e9caniques centr\u00e9es sur la manipulation des cadavres et la gestion de l\u2019exil. Explorez ces pouvoirs obscurs pour cr\u00e9er des synergies in\u00e9dites, renverser le cours des combats et exploiter chaque ressource jusqu\u2019\u00e0 l\u2019os. Affrontez des ennemis retors et d\u00e9couvrez comment ma\u00eetriser les forces les plus sombres du jeu.\u00a0\u00bb ia_button_link=\u00a0\u00bbhttps:\/\/paria-edition.fr\/index.php\/produit\/precommande-extension-les-arts-interdits-pour-lordre-de-veiel-deck-building-tactique\/\u00a0\u00bb _builder_version=\u00a0\u00bb4.27.4&Prime; _module_preset=\u00a0\u00bb0a0ba047-cd92-4e5e-aff0-10c9084c3bdd\u00a0\u00bb global_colors_info=\u00a0\u00bb{}\u00a0\u00bb][\/dsm_image_accordion_child][dsm_image_accordion_child image_accordion_src=\u00a0\u00bbhttps:\/\/paria-edition.fr\/wp-content\/uploads\/2025\/07\/ODV_DBT_EXT_3_72DPI.jpg\u00a0\u00bb image_accordion_title=\u00a0\u00bbExtension 3 : Les corrompus\u00a0\u00bb image_accordion_desc=\u00a0\u00bbCette extension apporte une nouvelle dimension de jeu avec les &lsquo;Essences de Corruption&rsquo; \u2013 des cartes d\u00e9vastatrices qui injectent une puissance destructrice dans votre arsenal. Cependant, la corruption n&rsquo;est pas sans cons\u00e9quences. Avec les &lsquo;Afflictions&rsquo;, les joueurs subissent les effets de cette puissance maudite, ajoutant une couche de complexit\u00e9 \u00e0 chaque d\u00e9cision. Explorez les aspects sombres de la corruption !\u00a0\u00bb ia_button_link=\u00a0\u00bbhttps:\/\/paria-edition.fr\/index.php\/produit\/precommande-extension-les-corrompues-pour-lordre-de-veiel-deck-building-tactique\/\u00a0\u00bb _builder_version=\u00a0\u00bb4.27.4&Prime; _module_preset=\u00a0\u00bb0a0ba047-cd92-4e5e-aff0-10c9084c3bdd\u00a0\u00bb global_colors_info=\u00a0\u00bb{}\u00a0\u00bb][\/dsm_image_accordion_child][dsm_image_accordion_child image_accordion_src=\u00a0\u00bbhttps:\/\/paria-edition.fr\/wp-content\/uploads\/2025\/07\/ODV_DBT_EXT_4_72DPI.jpg\u00a0\u00bb image_accordion_title=\u00a0\u00bbExtension 4 : Divine corruption\u00a0\u00bb image_accordion_desc=\u00a0\u00bbInspir\u00e9e de l&rsquo;univers de notre roman, cette extension est l&rsquo;occasion de mettre en avant une partie des protagonistes de &lsquo;Divine Corruption&rsquo;. Tir\u00e9s des pages de notre histoire, quatre nouveaux h\u00e9ros se joignent \u00e0 l&rsquo;aventure pour faire face \u00e0 quatre nouveaux boss qui incarnent les d\u00e9fis les plus redoutables que le jeu puisse offrir. \u00a0\u00bb ia_button_link=\u00a0\u00bbhttps:\/\/paria-edition.fr\/index.php\/produit\/precommande-extension-divine-corruption-pour-lordre-de-veiel-deck-building-tactique\/\u00a0\u00bb _builder_version=\u00a0\u00bb4.27.4&Prime; _module_preset=\u00a0\u00bb0a0ba047-cd92-4e5e-aff0-10c9084c3bdd\u00a0\u00bb global_colors_info=\u00a0\u00bb{}\u00a0\u00bb][\/dsm_image_accordion_child][\/dsm_image_accordion][dsm_image_accordion image_accordion_type=\u00a0\u00bbon_click\u00a0\u00bb ia_height=\u00a0\u00bb800px\u00a0\u00bb overlay_color=\u00a0\u00bbRGBA(255,255,255,0)\u00a0\u00bb ia_direction_tablet=\u00a0\u00bb\u00a0\u00bb ia_direction_phone=\u00a0\u00bbvertical\u00a0\u00bb ia_direction_last_edited=\u00a0\u00bbon|desktop\u00a0\u00bb _builder_version=\u00a0\u00bb4.27.4&Prime; _module_preset=\u00a0\u00bbdefault\u00a0\u00bb background_color=\u00a0\u00bbRGBA(255,255,255,0)\u00a0\u00bb hover_enabled=\u00a0\u00bb0&Prime; global_colors_info=\u00a0\u00bb{}\u00a0\u00bb sticky_enabled=\u00a0\u00bb0&Prime;][dsm_image_accordion_child image_accordion_src=\u00a0\u00bbhttps:\/\/paria-edition.fr\/wp-content\/uploads\/2025\/07\/ODV_DBT_EXT_5_72DPI.jpg\u00a0\u00bb image_accordion_title=\u00a0\u00bbExtension 5 : Les archives oubli\u00e9es\u00a0\u00bb image_accordion_desc=\u00a0\u00bbCette extension introduit le mode campagne du jeu. Par campagne, nous entendons une s\u00e9rie d&rsquo;affrontements sc\u00e9naris\u00e9s, chacun avec des objectifs sp\u00e9cifiques, des r\u00e8gles, des conditions de victoire et de d\u00e9faite qui \u00e9voluent au fil du jeu.<\/p>\n<p>Visuellement, cette extension pourrait presque \u00eatre consid\u00e9r\u00e9e comme un nouveau jeu. Sa bo\u00eete, de la m\u00eame taille que celle du jeu de base, est con\u00e7ue pour contenir toutes les cartes n\u00e9cessaires au mode sc\u00e9nario. Ainsi, vous aurez l&rsquo;espace ad\u00e9quat pour ranger les futurs sc\u00e9narios que nous cr\u00e9erons dans les ann\u00e9es \u00e0 venir.\u00a0\u00bb ia_button_link=\u00a0\u00bbhttps:\/\/paria-edition.fr\/index.php\/produit\/precommande-extension-5-les-archives-oublies-deck-building-tactique-copie\/\u00a0\u00bb _builder_version=\u00a0\u00bb4.27.4&Prime; _module_preset=\u00a0\u00bb0a0ba047-cd92-4e5e-aff0-10c9084c3bdd\u00a0\u00bb global_colors_info=\u00a0\u00bb{}\u00a0\u00bb][\/dsm_image_accordion_child][dsm_image_accordion_child image_accordion_src=\u00a0\u00bbhttps:\/\/paria-edition.fr\/wp-content\/uploads\/2025\/07\/ODV_DBT_EXT_6_72DPI.jpg\u00a0\u00bb image_accordion_title=\u00a0\u00bbExtension 6 : Arsenal\u00a0\u00bb image_accordion_desc=\u00a0\u00bbCette extension introduit un syst\u00e8me d&rsquo;\u00e9quipement pour les h\u00e9ros, permettant \u00e0 chaque h\u00e9ros de choisir jusqu&rsquo;\u00e0 deux \u00e9quipements en d\u00e9but de partie, en fonction de ses couleurs. Ces \u00e9quipements offrent une nouvelle dimension de personnalisation, vous permettant d&rsquo;adapter votre h\u00e9ros \u00e0 votre style de jeu. Dans un souci d&rsquo;adaptabilit\u00e9, chaque h\u00e9ros peut d\u00e9cider d&rsquo;utiliser ces \u00e9quipements ou non. Les joueurs moins exp\u00e9riment\u00e9s peuvent ainsi laisser cette m\u00e9canique de c\u00f4t\u00e9 jusqu&rsquo;\u00e0 se sentir pr\u00eats, tandis que les joueurs aguerris peuvent les int\u00e9grer d\u00e8s le d\u00e9part.\u00a0\u00bb ia_button_link=\u00a0\u00bbhttps:\/\/paria-edition.fr\/index.php\/produit\/precommande-extension-6-larsenal-pour-lordre-de-veiel-deck-building-tactique-copie\/\u00a0\u00bb _builder_version=\u00a0\u00bb4.27.4&Prime; _module_preset=\u00a0\u00bb0a0ba047-cd92-4e5e-aff0-10c9084c3bdd\u00a0\u00bb global_colors_info=\u00a0\u00bb{}\u00a0\u00bb][\/dsm_image_accordion_child][dsm_image_accordion_child image_accordion_src=\u00a0\u00bbhttps:\/\/paria-edition.fr\/wp-content\/uploads\/2025\/07\/ODV_DBT_EXT_7_72DPI.jpg\u00a0\u00bb image_accordion_title=\u00a0\u00bbExtension 7 : Les mercenaires du 7\u00e8me jour\u00a0\u00bb image_accordion_desc=\u00a0\u00bbCette extension nomm\u00e9e Les Mercenaires du 7\u1d49 jour plonge les h\u00e9ros dans une aventure sc\u00e9naris\u00e9e au c\u0153ur d\u2019une taverne anim\u00e9e. L&rsquo;ambiance chaleureuse se transforme rapidement en champ de bataille alors que les h\u00e9ros se retrouvent face aux Mercenaires du 7\u1d49 jour. Ces mercenaires, chacun poss\u00e9dant des pouvoirs et des comp\u00e9tences distincts, forment un groupe de boss redoutables qui mettront \u00e0 l\u2019\u00e9preuve la capacit\u00e9 des h\u00e9ros.<br \/>\n(Collaboration avec les Joueurs Du Dimanche !)\u00a0\u00bb ia_button_link=\u00a0\u00bbhttps:\/\/paria-edition.fr\/index.php\/produit\/precommande-extension-7-les-mercenaires-du-7eme-jour-deck-building-tactique\/\u00a0\u00bb _builder_version=\u00a0\u00bb4.27.4&Prime; _module_preset=\u00a0\u00bb0a0ba047-cd92-4e5e-aff0-10c9084c3bdd\u00a0\u00bb global_colors_info=\u00a0\u00bb{}\u00a0\u00bb][\/dsm_image_accordion_child][dsm_image_accordion_child image_accordion_src=\u00a0\u00bbhttps:\/\/paria-edition.fr\/wp-content\/uploads\/2025\/07\/ODV_DBT_EXT_8_72DPI.jpg\u00a0\u00bb image_accordion_title=\u00a0\u00bbExtension 8 : Conscription I\u00a0\u00bb image_accordion_desc=\u00a0\u00bbAvec cette 8\u1d49 extension, L\u2019Ordre de Veiel ouvre grand ses portes \u00e0 la cr\u00e9ativit\u00e9 de la communaut\u00e9. Chaque carte qui compose cette extension est issue de vos id\u00e9es, choisie, test\u00e9e, et peaufin\u00e9e par nos soins pour s\u2019int\u00e9grer parfaitement au jeu. Mais ce n\u2019est pas tout : chacune de ces cartes porte fi\u00e8rement le nom de son cr\u00e9ateur, un hommage direct \u00e0 votre contribution au monde de Veiel.\u00a0\u00bb ia_button_link=\u00a0\u00bbhttps:\/\/paria-edition.fr\/index.php\/produit\/precommande-extension-8-conscription-deck-building-tactique\/\u00a0\u00bb _builder_version=\u00a0\u00bb4.27.4&Prime; _module_preset=\u00a0\u00bb0a0ba047-cd92-4e5e-aff0-10c9084c3bdd\u00a0\u00bb global_colors_info=\u00a0\u00bb{}\u00a0\u00bb][\/dsm_image_accordion_child][dsm_image_accordion_child image_accordion_src=\u00a0\u00bbhttps:\/\/paria-edition.fr\/wp-content\/uploads\/2025\/07\/ODV_DBT_CPL_1_72DPI.jpg\u00a0\u00bb image_accordion_title=\u00a0\u00bbCompl\u00e9ment : Deck de base\u00a0\u00bb image_accordion_desc=\u00a0\u00bbCette bo\u00eete vous permet d&rsquo;avoir suffisamment de cartes de deck de base pour pr\u00e9-construire tous les decks de vos h\u00e9ros. Vous gagnerez quelques minutes sur la mise en place. Par ailleurs, 3 visuels alternatifs vous attendent pour chacune des cartes de deck de base pour encore plus de personnalisation.\u00a0\u00bb ia_button_link=\u00a0\u00bbhttps:\/\/paria-edition.fr\/index.php\/produit\/precommande-carte-supplementaire-de-deck-de-base-deck-building-tactique\/\u00a0\u00bb _builder_version=\u00a0\u00bb4.27.4&Prime; _module_preset=\u00a0\u00bb0a0ba047-cd92-4e5e-aff0-10c9084c3bdd\u00a0\u00bb global_colors_info=\u00a0\u00bb{}\u00a0\u00bb][\/dsm_image_accordion_child][\/dsm_image_accordion][\/et_pb_column][\/et_pb_row][\/et_pb_section]<\/p>\n","protected":false},"excerpt":{"rendered":"<p>DECKBUILDING \/ TACTIQUE \/ SOLO &#8211; Coop\u00e9ratif L&rsquo;Ordre de Veiel : Deckbuilding tactiqueJeu coop\u00e9ratif pour 1 \u00e0 5 joueurs m\u00ealant construction de deck et combat tactique sur plateau. Chaque h\u00e9ros poss\u00e8de ses propres m\u00e9caniques, couleurs et style de jeu. En \u00e9quipe, affrontez vagues d\u2019ennemis, adaptez vos synergies et surmontez des boss redoutables. Une exp\u00e9rience dense, [&hellip;]<\/p>\n","protected":false},"author":1,"featured_media":0,"parent":0,"menu_order":0,"comment_status":"closed","ping_status":"closed","template":"","meta":{"_et_pb_use_builder":"on","_et_pb_old_content":"","_et_gb_content_width":"","footnotes":""},"class_list":["post-9688","page","type-page","status-publish","hentry"],"_links":{"self":[{"href":"https:\/\/paria-edition.fr\/index.php\/wp-json\/wp\/v2\/pages\/9688","targetHints":{"allow":["GET"]}}],"collection":[{"href":"https:\/\/paria-edition.fr\/index.php\/wp-json\/wp\/v2\/pages"}],"about":[{"href":"https:\/\/paria-edition.fr\/index.php\/wp-json\/wp\/v2\/types\/page"}],"author":[{"embeddable":true,"href":"https:\/\/paria-edition.fr\/index.php\/wp-json\/wp\/v2\/users\/1"}],"replies":[{"embeddable":true,"href":"https:\/\/paria-edition.fr\/index.php\/wp-json\/wp\/v2\/comments?post=9688"}],"version-history":[{"count":16,"href":"https:\/\/paria-edition.fr\/index.php\/wp-json\/wp\/v2\/pages\/9688\/revisions"}],"predecessor-version":[{"id":10275,"href":"https:\/\/paria-edition.fr\/index.php\/wp-json\/wp\/v2\/pages\/9688\/revisions\/10275"}],"wp:attachment":[{"href":"https:\/\/paria-edition.fr\/index.php\/wp-json\/wp\/v2\/media?parent=9688"}],"curies":[{"name":"wp","href":"https:\/\/api.w.org\/{rel}","templated":true}]}}