{"id":9630,"date":"2025-07-03T16:44:12","date_gmt":"2025-07-03T14:44:12","guid":{"rendered":"https:\/\/paria-edition.fr\/?page_id=9630"},"modified":"2025-07-11T11:08:37","modified_gmt":"2025-07-11T09:08:37","slug":"_odv","status":"publish","type":"page","link":"https:\/\/paria-edition.fr\/index.php\/_odv\/","title":{"rendered":"_ODV"},"content":{"rendered":"<p>[et_pb_section fb_built=\u00a0\u00bb1&Prime; admin_label=\u00a0\u00bbAbout\u00a0\u00bb _builder_version=\u00a0\u00bb4.16&Prime; _module_preset=\u00a0\u00bbdefault\u00a0\u00bb background_color=\u00a0\u00bb#080b13&Prime; custom_padding=\u00a0\u00bb5vw||5vw||true|false\u00a0\u00bb global_colors_info=\u00a0\u00bb{}\u00a0\u00bb][et_pb_row _builder_version=\u00a0\u00bb4.16&Prime; global_colors_info=\u00a0\u00bb{}\u00a0\u00bb][et_pb_column type=\u00a0\u00bb4_4&Prime; _builder_version=\u00a0\u00bb4.16&Prime; global_colors_info=\u00a0\u00bb{}\u00a0\u00bb][et_pb_text _builder_version=\u00a0\u00bb4.27.4&Prime; text_text_color=\u00a0\u00bb#FFFFFF\u00a0\u00bb header_font=\u00a0\u00bbYeseva One||||||||\u00a0\u00bb header_text_color=\u00a0\u00bb#ffffff\u00a0\u00bb header_font_size=\u00a0\u00bb64px\u00a0\u00bb header_line_height=\u00a0\u00bb1.3em\u00a0\u00bb header_2_font=\u00a0\u00bbKarla|700||on|||||\u00a0\u00bb header_2_text_color=\u00a0\u00bb#B59AED\u00a0\u00bb header_2_font_size=\u00a0\u00bb12px\u00a0\u00bb header_2_letter_spacing=\u00a0\u00bb4px\u00a0\u00bb header_2_line_height=\u00a0\u00bb1.8em\u00a0\u00bb text_orientation=\u00a0\u00bbcenter\u00a0\u00bb custom_margin=\u00a0\u00bb||10px||false|false\u00a0\u00bb header_font_size_tablet=\u00a0\u00bb44px\u00a0\u00bb header_font_size_phone=\u00a0\u00bb20px\u00a0\u00bb header_font_size_last_edited=\u00a0\u00bbon|phone\u00a0\u00bb global_colors_info=\u00a0\u00bb{}\u00a0\u00bb]<\/p>\n<h2>Jeu de plateau &#8211; Jeu de r\u00f4le \/ coop\u00e9ratif &#8211; solo &#8211; asym\u00e9trique<\/h2>\n<h1>L&rsquo;Ordre de Veiel : Classique<\/h1>\n<p>[\/et_pb_text][et_pb_text _builder_version=\u00a0\u00bb4.27.4&Prime; text_font=\u00a0\u00bbKarla||||||||\u00a0\u00bb text_text_color=\u00a0\u00bb#FFFFFF\u00a0\u00bb text_font_size=\u00a0\u00bb24px\u00a0\u00bb text_line_height=\u00a0\u00bb1.5em\u00a0\u00bb text_orientation=\u00a0\u00bbcenter\u00a0\u00bb max_width=\u00a0\u00bb860px\u00a0\u00bb module_alignment=\u00a0\u00bbcenter\u00a0\u00bb text_font_size_tablet=\u00a0\u00bb18px\u00a0\u00bb text_font_size_phone=\u00a0\u00bb14px\u00a0\u00bb text_font_size_last_edited=\u00a0\u00bbon|phone\u00a0\u00bb global_colors_info=\u00a0\u00bb{}\u00a0\u00bb]<\/p>\n<p>Saga de jeux coop\u00e9ratifs dans un univers dark fantasy riche et \u00e9volutif, L\u2019Ordre de Veiel m\u00eale narration, exploration et combats tactiques. Chaque chapitre et extension enrichit l\u2019exp\u00e9rience tout en restant accessible et modulable.<\/p>\n<p>[\/et_pb_text][et_pb_button button_url=\u00a0\u00bbhttps:\/\/paria-edition.fr\/index.php\/categorie-produit\/bdj\/\u00a0\u00bb button_text=\u00a0\u00bbVoir dans la boutique\u00a0\u00bb button_alignment=\u00a0\u00bbcenter\u00a0\u00bb _builder_version=\u00a0\u00bb4.27.4&Prime; custom_button=\u00a0\u00bbon\u00a0\u00bb button_text_size=\u00a0\u00bb15px\u00a0\u00bb button_text_color=\u00a0\u00bb#B59AED\u00a0\u00bb button_border_width=\u00a0\u00bb1px\u00a0\u00bb button_border_color=\u00a0\u00bb#B59AED\u00a0\u00bb button_border_radius=\u00a0\u00bb0px\u00a0\u00bb button_font=\u00a0\u00bbKarla|700||on|||||\u00a0\u00bb custom_padding=\u00a0\u00bb15px|40px|15px|40px|true|true\u00a0\u00bb box_shadow_style=\u00a0\u00bbpreset6&Prime; box_shadow_color=\u00a0\u00bbrgba(181,154,237,0.5)\u00a0\u00bb locked=\u00a0\u00bboff\u00a0\u00bb global_colors_info=\u00a0\u00bb{}\u00a0\u00bb][\/et_pb_button][\/et_pb_column][\/et_pb_row][et_pb_row _builder_version=\u00a0\u00bb4.27.4&Prime; _module_preset=\u00a0\u00bbdefault\u00a0\u00bb global_colors_info=\u00a0\u00bb{}\u00a0\u00bb][et_pb_column type=\u00a0\u00bb4_4&Prime; _builder_version=\u00a0\u00bb4.27.4&Prime; _module_preset=\u00a0\u00bbdefault\u00a0\u00bb global_colors_info=\u00a0\u00bb{}\u00a0\u00bb][dsm_image_accordion image_accordion_type=\u00a0\u00bbon_click\u00a0\u00bb ia_height=\u00a0\u00bb800px\u00a0\u00bb overlay_color=\u00a0\u00bbRGBA(255,255,255,0)\u00a0\u00bb ia_direction_tablet=\u00a0\u00bb\u00a0\u00bb ia_direction_phone=\u00a0\u00bbvertical\u00a0\u00bb ia_direction_last_edited=\u00a0\u00bbon|desktop\u00a0\u00bb _builder_version=\u00a0\u00bb4.27.4&Prime; _module_preset=\u00a0\u00bbdefault\u00a0\u00bb background_color=\u00a0\u00bbRGBA(255,255,255,0)\u00a0\u00bb hover_enabled=\u00a0\u00bb0&Prime; global_colors_info=\u00a0\u00bb{}\u00a0\u00bb sticky_enabled=\u00a0\u00bb0&Prime;][dsm_image_accordion_child ia_button_link=\u00a0\u00bbhttps:\/\/paria-edition.fr\/index.php\/produit\/boite-standard-ordre-de-veiel\/\u00a0\u00bb _builder_version=\u00a0\u00bb4.27.4&Prime; _module_preset=\u00a0\u00bb0a0ba047-cd92-4e5e-aff0-10c9084c3bdd\u00a0\u00bb global_colors_info=\u00a0\u00bb{}\u00a0\u00bb][\/dsm_image_accordion_child][dsm_image_accordion_child image_accordion_src=\u00a0\u00bbhttps:\/\/paria-edition.fr\/wp-content\/uploads\/2025\/07\/ReponseDesDieux.jpg\u00a0\u00bb image_accordion_title=\u00a0\u00bbL&rsquo;Ordre de Veiel : Chapitre II\u00a0\u00bb image_accordion_desc=\u00a0\u00bbLe chapitre 2 introduit une narration ramifi\u00e9e o\u00f9 vos choix influencent directement l\u2019aventure. Le syst\u00e8me de combat a \u00e9t\u00e9 repens\u00e9 pour plus de tactique et de tension, avec l\u2019ajout de nouvelles comp\u00e9tences uniques, de h\u00e9ros in\u00e9dits aux styles vari\u00e9s, et d\u2019un arsenal d\u2019\u00e9quipements encore plus riche. Une \u00e9volution majeure pour une exp\u00e9rience toujours plus strat\u00e9gique et immersive.\u00a0\u00bb ia_button_link=\u00a0\u00bbhttps:\/\/paria-edition.fr\/index.php\/produit\/lordre-de-veiel-chapitre-2-precommande\/\u00a0\u00bb _builder_version=\u00a0\u00bb4.27.4&Prime; _module_preset=\u00a0\u00bb0a0ba047-cd92-4e5e-aff0-10c9084c3bdd\u00a0\u00bb global_colors_info=\u00a0\u00bb{}\u00a0\u00bb][\/dsm_image_accordion_child][dsm_image_accordion_child image_accordion_src=\u00a0\u00bbhttps:\/\/paria-edition.fr\/wp-content\/uploads\/2025\/07\/FleauAlenmur.jpg\u00a0\u00bb image_accordion_title=\u00a0\u00bbLes miracul\u00e9s d&rsquo;Alenmur\u00a0\u00bb image_accordion_desc=\u00a0\u00bbCette extension introduit 7 nouveaux h\u00e9ros jouables, dont six cr\u00e9\u00e9s en collaboration avec des figures embl\u00e9matiques de la communaut\u00e9 comme Bob Lennon, Etrigane ou Pressea. Elle ajoute \u00e9galement les panoplies d\u2019\u00e9quipements, un nouveau syst\u00e8me qui r\u00e9compense la synergie d\u2019objets avec des bonus passifs. Compatible avec les Chapitres 1 et 2, elle enrichit vos parties en offrant encore plus de vari\u00e9t\u00e9, de personnalisation et de strat\u00e9gie.\u00a0\u00bb ia_button_link=\u00a0\u00bbhttps:\/\/paria-edition.fr\/index.php\/produit\/lordre-de-veiel-extension-les-miracules-dalenmur\/\u00a0\u00bb _builder_version=\u00a0\u00bb4.27.4&Prime; _module_preset=\u00a0\u00bb0a0ba047-cd92-4e5e-aff0-10c9084c3bdd\u00a0\u00bb global_colors_info=\u00a0\u00bb{}\u00a0\u00bb][\/dsm_image_accordion_child][dsm_image_accordion_child image_accordion_src=\u00a0\u00bbhttps:\/\/paria-edition.fr\/wp-content\/uploads\/2025\/07\/AmeChasseur.jpg\u00a0\u00bb image_accordion_title=\u00a0\u00bbPr\u00e9dation\u00a0\u00bb image_accordion_desc=\u00a0\u00bbCette extension introduit des comportements uniques pour les monstres, rendant chaque rencontre plus dynamique et impr\u00e9visible. Les monstres agissent d\u00e9sormais de mani\u00e8re plus strat\u00e9gique, augmentant la complexit\u00e9 et le d\u00e9fi du jeu. D\u00e9couvrez des m\u00e9caniques innovantes et des interactions in\u00e9dites, renfor\u00e7ant l\u2019immersion et la profondeur de vos parties. Une extension indispensable pour les amateurs de sensations fortes et de strat\u00e9gie accrue.\u00a0\u00bb ia_button_link=\u00a0\u00bbhttps:\/\/paria-edition.fr\/index.php\/produit\/precommande-extension-predation-pour-lordre-de-veiel-chapitre-1-et-chapitre-2\/\u00a0\u00bb _builder_version=\u00a0\u00bb4.27.4&Prime; _module_preset=\u00a0\u00bb0a0ba047-cd92-4e5e-aff0-10c9084c3bdd\u00a0\u00bb global_colors_info=\u00a0\u00bb{}\u00a0\u00bb][\/dsm_image_accordion_child][dsm_image_accordion_child image_accordion_src=\u00a0\u00bbhttps:\/\/paria-edition.fr\/wp-content\/uploads\/2025\/07\/ChroniqueDuPasse.jpg\u00a0\u00bb image_accordion_title=\u00a0\u00bbLes chroniques du pass\u00e9\u00a0\u00bb image_accordion_desc=\u00a0\u00bbCette extension amplifie la rejouabilit\u00e9 et la diversit\u00e9 des parties en ajoutant une multitude de nouvelles salles de donjons. Plongez dans des labyrinthes vari\u00e9s que jamais, avec des d\u00e9fis renouvel\u00e9s \u00e0 chaque exploration. Une expansion incontournable pour ceux qui souhaitent enrichir leur exp\u00e9rience de jeu et d\u00e9couvrir toujours plus de secrets dans les profondeurs de la crypte.\u00a0\u00bb ia_button_link=\u00a0\u00bbhttps:\/\/paria-edition.fr\/index.php\/produit\/precommande-extension-les-chroniques-du-passees-pour-lordre-de-veiel-chapitre-1\/\u00a0\u00bb _builder_version=\u00a0\u00bb4.27.4&Prime; _module_preset=\u00a0\u00bb0a0ba047-cd92-4e5e-aff0-10c9084c3bdd\u00a0\u00bb global_colors_info=\u00a0\u00bb{}\u00a0\u00bb][\/dsm_image_accordion_child][\/dsm_image_accordion][\/et_pb_column][\/et_pb_row][\/et_pb_section]<\/p>\n","protected":false},"excerpt":{"rendered":"<p>Jeu de plateau &#8211; Jeu de r\u00f4le \/ coop\u00e9ratif &#8211; solo &#8211; asym\u00e9trique L&rsquo;Ordre de Veiel : ClassiqueSaga de jeux coop\u00e9ratifs dans un univers dark fantasy riche et \u00e9volutif, L\u2019Ordre de Veiel m\u00eale narration, exploration et combats tactiques. Chaque chapitre et extension enrichit l\u2019exp\u00e9rience tout en restant accessible et modulable.<div class=\"et_pb_module dsm_image_accordion dsm_image_accordion_0 dsm_image_accordion_animation_fade_in dsm_image_accordion_animation_sequence_off\">\n\t\t\t\t\n\t\t\t\t\n\t\t\t\t\n\t\t\t\t\n\t\t\t\t\n\t\t\t\t\n\t\t\t\t<div class=\"et_pb_module_inner\">\n\t\t\t\t\t<div class=\"dsm_image_accordion_wrapper dsm_image_accordion_trigger_\u00bbon_click\">\n                \n            <\/div>\n\t\t\t\t<\/div>\n\t\t\t<\/div><\/p>\n","protected":false},"author":1,"featured_media":0,"parent":0,"menu_order":0,"comment_status":"closed","ping_status":"closed","template":"","meta":{"_et_pb_use_builder":"on","_et_pb_old_content":"","_et_gb_content_width":"","footnotes":""},"class_list":["post-9630","page","type-page","status-publish","hentry"],"_links":{"self":[{"href":"https:\/\/paria-edition.fr\/index.php\/wp-json\/wp\/v2\/pages\/9630","targetHints":{"allow":["GET"]}}],"collection":[{"href":"https:\/\/paria-edition.fr\/index.php\/wp-json\/wp\/v2\/pages"}],"about":[{"href":"https:\/\/paria-edition.fr\/index.php\/wp-json\/wp\/v2\/types\/page"}],"author":[{"embeddable":true,"href":"https:\/\/paria-edition.fr\/index.php\/wp-json\/wp\/v2\/users\/1"}],"replies":[{"embeddable":true,"href":"https:\/\/paria-edition.fr\/index.php\/wp-json\/wp\/v2\/comments?post=9630"}],"version-history":[{"count":26,"href":"https:\/\/paria-edition.fr\/index.php\/wp-json\/wp\/v2\/pages\/9630\/revisions"}],"predecessor-version":[{"id":10273,"href":"https:\/\/paria-edition.fr\/index.php\/wp-json\/wp\/v2\/pages\/9630\/revisions\/10273"}],"wp:attachment":[{"href":"https:\/\/paria-edition.fr\/index.php\/wp-json\/wp\/v2\/media?parent=9630"}],"curies":[{"name":"wp","href":"https:\/\/api.w.org\/{rel}","templated":true}]}}